{"id":747668,"date":"2025-08-28T03:12:14","date_gmt":"2025-08-28T00:12:14","guid":{"rendered":"https:\/\/roveyayinevi.com.tr\/index.php\/urun\/buldum-buldum-okul-oncesi-oyun-seti\/"},"modified":"2026-04-16T03:00:28","modified_gmt":"2026-04-16T00:00:28","slug":"buldum-buldum-okul-oncesi-oyun-seti","status":"publish","type":"product","link":"https:\/\/roveyayinevi.com.tr\/index.php\/urun\/buldum-buldum-okul-oncesi-oyun-seti\/","title":{"rendered":"Buldum Buldum Okul \u00d6ncesi Oyun Seti"},"content":{"rendered":"<p>Okul \u00d6ncesi E\u011fitici \u00d6\u011fretici 32 Par\u00e7a Puzzle Oyun Seti \u00c7ocuklar\u0131n dil becerilerinin, problem \u00e7\u00f6zme yetene\u011finin, anlama ve anlatma becerilerinin, hayal g\u00fcc\u00fcn\u00fcn geli\u015fmesine yard\u0131mc\u0131 olan e\u011flence oyunudur<\/p>\n","protected":false},"excerpt":{"rendered":"<p>Okul \u00d6ncesi E\u011fitici \u00d6\u011fretici 32 Par\u00e7a Puzzle Oyun Seti \u00c7ocuklar\u0131n dil becerilerinin, problem \u00e7\u00f6zme yetene\u011finin, anlama ve anlatma becerilerinin, hayal g\u00fcc\u00fcn\u00fcn geli\u015fmesine yard\u0131mc\u0131 olan e\u011flence oyunudur<\/p>\n","protected":false},"featured_media":0,"template":"","meta":{"_monsterinsights_skip_tracking":false,"_monsterinsights_sitenote_active":false,"_monsterinsights_sitenote_note":"","_monsterinsights_sitenote_category":0},"product_brand":[],"product_cat":[12274,90558],"product_tag":[],"class_list":{"0":"post-747668","1":"product","2":"type-product","3":"status-publish","5":"product_cat-cocuk-ve-genclik-kitaplari","6":"product_cat-yapboz-kitaplari","7":"pa_cilt-ciltsiz","8":"pa_tur-kitap20","9":"pa_yayinevi-bumerang-yayinevi","10":"pa_yazar-ck-games","12":"first","13":"instock","14":"sale","15":"shipping-taxable","16":"purchasable","17":"product-type-simple"},"_links":{"self":[{"href":"https:\/\/roveyayinevi.com.tr\/index.php\/wp-json\/wp\/v2\/product\/747668","targetHints":{"allow":["GET"]}}],"collection":[{"href":"https:\/\/roveyayinevi.com.tr\/index.php\/wp-json\/wp\/v2\/product"}],"about":[{"href":"https:\/\/roveyayinevi.com.tr\/index.php\/wp-json\/wp\/v2\/types\/product"}],"wp:attachment":[{"href":"https:\/\/roveyayinevi.com.tr\/index.php\/wp-json\/wp\/v2\/media?parent=747668"}],"wp:term":[{"taxonomy":"product_brand","embeddable":true,"href":"https:\/\/roveyayinevi.com.tr\/index.php\/wp-json\/wp\/v2\/product_brand?post=747668"},{"taxonomy":"product_cat","embeddable":true,"href":"https:\/\/roveyayinevi.com.tr\/index.php\/wp-json\/wp\/v2\/product_cat?post=747668"},{"taxonomy":"product_tag","embeddable":true,"href":"https:\/\/roveyayinevi.com.tr\/index.php\/wp-json\/wp\/v2\/product_tag?post=747668"}],"curies":[{"name":"wp","href":"https:\/\/api.w.org\/{rel}","templated":true}]}}