{"id":747667,"date":"2025-08-28T03:12:12","date_gmt":"2025-08-28T00:12:12","guid":{"rendered":"https:\/\/roveyayinevi.com.tr\/index.php\/urun\/minik-ressam-is-basinda-ciftlik-hayati-boyama\/"},"modified":"2026-04-16T03:00:28","modified_gmt":"2026-04-16T00:00:28","slug":"minik-ressam-is-basinda-ciftlik-hayati-boyama","status":"publish","type":"product","link":"https:\/\/roveyayinevi.com.tr\/index.php\/urun\/minik-ressam-is-basinda-ciftlik-hayati-boyama\/","title":{"rendered":"Minik Ressam \u0130\u015f Ba\u015f\u0131nda &#8211; \u00c7iftlik Hayat\u0131 Boyama"},"content":{"rendered":"<p>\u00c7izim kitaplar\u0131, okul \u00f6ncesi \u00e7a\u011fdan itibaren, \u00e7ocuklar\u0131n ince motor geli\u015fimleri i\u00e7in son derece \u00f6nemli materyallerdir. \u00c7ocuklar\u0131n hayal d\u00fcnyalar\u0131n\u0131n geli\u015fmesinde \u00f6nemli yere sahip olan bu kitaplar, dikkat, alg\u0131da se\u00e7icilik, detayc\u0131l\u0131k y\u00f6nlerini besler ve yeteneklerini ortaya \u00e7\u0131kar\u0131r.\u00dc\u00e7 kitaptan olu\u015fan Minik Ressam \u0130\u015f Ba\u015f\u0131nda isimli serinin i\u00e7eri\u011fi, basitten zora ilkesi temel al\u0131narak haz\u0131rlanm\u0131\u015ft\u0131r. Ayr\u0131ca varl\u0131k ve nesnelerin d\u00f6rt ad\u0131mda \u00e7izilmesini sa\u011flayarak \u00e7ocuklara kolayca resim yapmay\u0131 \u00f6\u011fretir. E\u011flenceli tekerlemeleriyle de \u00e7ocuklar\u0131n dil geli\u015fimini destekler.\u015eimdi Minik Ressamlar \u0130\u015f Ba\u015f\u0131nda serisiyle \u00e7izim yapma zaman\u0131!<\/p>\n","protected":false},"excerpt":{"rendered":"<p>\u00c7izim kitaplar\u0131, okul \u00f6ncesi \u00e7a\u011fdan itibaren, \u00e7ocuklar\u0131n ince motor geli\u015fimleri i\u00e7in son derece \u00f6nemli materyallerdir. \u00c7ocuklar\u0131n hayal d\u00fcnyalar\u0131n\u0131n geli\u015fmesinde \u00f6nemli yere sahip olan bu kitaplar, dikkat,<span class=\"excerpt-hellip\"> [\u2026]<\/span><\/p>\n","protected":false},"featured_media":0,"template":"","meta":{"_monsterinsights_skip_tracking":false,"_monsterinsights_sitenote_active":false,"_monsterinsights_sitenote_note":"","_monsterinsights_sitenote_category":0},"product_brand":[],"product_cat":[12644,12274],"product_tag":[],"class_list":{"0":"post-747667","1":"product","2":"type-product","3":"status-publish","5":"product_cat-boyama-kitaplari","6":"product_cat-cocuk-ve-genclik-kitaplari","7":"pa_cilt-ciltsiz","8":"pa_tur-kitap","9":"pa_yayinevi-bicirik-yayinlari","10":"pa_yazar-tuba-ozturk","12":"first","13":"instock","14":"sale","15":"shipping-taxable","16":"purchasable","17":"product-type-simple"},"_links":{"self":[{"href":"https:\/\/roveyayinevi.com.tr\/index.php\/wp-json\/wp\/v2\/product\/747667","targetHints":{"allow":["GET"]}}],"collection":[{"href":"https:\/\/roveyayinevi.com.tr\/index.php\/wp-json\/wp\/v2\/product"}],"about":[{"href":"https:\/\/roveyayinevi.com.tr\/index.php\/wp-json\/wp\/v2\/types\/product"}],"wp:attachment":[{"href":"https:\/\/roveyayinevi.com.tr\/index.php\/wp-json\/wp\/v2\/media?parent=747667"}],"wp:term":[{"taxonomy":"product_brand","embeddable":true,"href":"https:\/\/roveyayinevi.com.tr\/index.php\/wp-json\/wp\/v2\/product_brand?post=747667"},{"taxonomy":"product_cat","embeddable":true,"href":"https:\/\/roveyayinevi.com.tr\/index.php\/wp-json\/wp\/v2\/product_cat?post=747667"},{"taxonomy":"product_tag","embeddable":true,"href":"https:\/\/roveyayinevi.com.tr\/index.php\/wp-json\/wp\/v2\/product_tag?post=747667"}],"curies":[{"name":"wp","href":"https:\/\/api.w.org\/{rel}","templated":true}]}}