{"id":747663,"date":"2025-08-28T03:12:07","date_gmt":"2025-08-28T00:12:07","guid":{"rendered":"https:\/\/roveyayinevi.com.tr\/index.php\/urun\/tali-3-set-etkinlikli-boyama-kitabi-cikartmali\/"},"modified":"2026-04-16T03:00:28","modified_gmt":"2026-04-16T00:00:28","slug":"tali-3-set-etkinlikli-boyama-kitabi-cikartmali","status":"publish","type":"product","link":"https:\/\/roveyayinevi.com.tr\/index.php\/urun\/tali-3-set-etkinlikli-boyama-kitabi-cikartmali\/","title":{"rendered":"Tali 3.Set Etkinlikli Boyama Kitab\u0131 (\u00c7\u0131kartmal\u0131)"},"content":{"rendered":"<p>Empati, azim, \u00f6zsayg\u0131, nezaket, duyarl\u0131l\u0131k, \u015fefkat, demokrasi, uzla\u015fma, ikna ve ho\u015fg\u00f6r\u00fc gibi sosyal temalar\u0131n i\u015flendi\u011fi \u00f6yk\u00fclerimiz;Besleyici ili\u015fkiler kurma kapasitesini ,Problem \u00e7\u00f6zme yetene\u011fini,Ve duygusal okur- yazarl\u0131k seviyesini y\u00fckseltmeyi hedefliyor.Anlat\u0131m\u0131 ve kurgusuyla \u00e7ocu\u011funuzun g\u00f6nl\u00fcn\u00fc fethedip sosyal becerilerini geli\u015ftirirken ayn\u0131 zamanda kitap okumay\u0131 da sevdirecek olan kahraman\u0131m\u0131z Tali\u2019nin d\u00fcnyas\u0131na davetlisiniz\u2026<\/p>\n","protected":false},"excerpt":{"rendered":"<p>Empati, azim, \u00f6zsayg\u0131, nezaket, duyarl\u0131l\u0131k, \u015fefkat, demokrasi, uzla\u015fma, ikna ve ho\u015fg\u00f6r\u00fc gibi sosyal temalar\u0131n i\u015flendi\u011fi \u00f6yk\u00fclerimiz;Besleyici ili\u015fkiler kurma kapasitesini ,Problem \u00e7\u00f6zme yetene\u011fini,Ve duygusal okur- yazarl\u0131k seviyesini<span class=\"excerpt-hellip\"> [\u2026]<\/span><\/p>\n","protected":false},"featured_media":0,"template":"","meta":{"_monsterinsights_skip_tracking":false,"_monsterinsights_sitenote_active":false,"_monsterinsights_sitenote_note":"","_monsterinsights_sitenote_category":0},"product_brand":[],"product_cat":[12644,12274],"product_tag":[],"class_list":{"0":"post-747663","1":"product","2":"type-product","3":"status-publish","5":"product_cat-boyama-kitaplari","6":"product_cat-cocuk-ve-genclik-kitaplari","7":"pa_cilt-ciltsiz","8":"pa_tur-kitap","9":"pa_yayinevi-nesil-cocuk-yayinlari","10":"pa_yazar-berrin-goncu-isikoglu","12":"first","13":"instock","14":"sale","15":"shipping-taxable","16":"purchasable","17":"product-type-simple"},"_links":{"self":[{"href":"https:\/\/roveyayinevi.com.tr\/index.php\/wp-json\/wp\/v2\/product\/747663","targetHints":{"allow":["GET"]}}],"collection":[{"href":"https:\/\/roveyayinevi.com.tr\/index.php\/wp-json\/wp\/v2\/product"}],"about":[{"href":"https:\/\/roveyayinevi.com.tr\/index.php\/wp-json\/wp\/v2\/types\/product"}],"wp:attachment":[{"href":"https:\/\/roveyayinevi.com.tr\/index.php\/wp-json\/wp\/v2\/media?parent=747663"}],"wp:term":[{"taxonomy":"product_brand","embeddable":true,"href":"https:\/\/roveyayinevi.com.tr\/index.php\/wp-json\/wp\/v2\/product_brand?post=747663"},{"taxonomy":"product_cat","embeddable":true,"href":"https:\/\/roveyayinevi.com.tr\/index.php\/wp-json\/wp\/v2\/product_cat?post=747663"},{"taxonomy":"product_tag","embeddable":true,"href":"https:\/\/roveyayinevi.com.tr\/index.php\/wp-json\/wp\/v2\/product_tag?post=747663"}],"curies":[{"name":"wp","href":"https:\/\/api.w.org\/{rel}","templated":true}]}}