{"id":747662,"date":"2025-08-28T03:12:05","date_gmt":"2025-08-28T00:12:05","guid":{"rendered":"https:\/\/roveyayinevi.com.tr\/index.php\/urun\/tali-ingilizce-set-1-10-kitap-3-6-yas\/"},"modified":"2026-04-16T03:00:28","modified_gmt":"2026-04-16T00:00:28","slug":"tali-ingilizce-set-1-10-kitap-3-6-yas","status":"publish","type":"product","link":"https:\/\/roveyayinevi.com.tr\/index.php\/urun\/tali-ingilizce-set-1-10-kitap-3-6-yas\/","title":{"rendered":"Tali \u0130ngilizce (Set-1) 10 Kitap (3-6 Ya\u015f)"},"content":{"rendered":"<p>Tali \u0130ngilizce 2. Set (10 Kitap) &#8211; Berrin G\u00f6nc\u00fc I\u015f\u0131ko\u011flu &#8211; Nesil \u00c7ocuk Yay\u0131nlar\u0131 We invite you to the books that will conquer your child\u2019s world with its stories, and will encourage them to love books and reading in the fun world of our cute hero, Tali. *** \u00c7ocuklar Tali\u2019nin \u00d6yk\u00fclerle Davran\u0131\u015f E\u011fitimi Serisi ile hem e\u011flenmeye hem \u00f6\u011frenmeye ba\u015fl\u0131yor. \u00c7ocuklar bu kitaplar\u0131 okurken etkinlikli boyama kitab\u0131 ile de \u00f6\u011frendiklerini peki\u015ftiriyorlar. Ayr\u0131ca Tali 2 &#8211; \u00d6yk\u00fclerle Duygusal Zek\u00e2 E\u011fitimi Seti\u2019nde her kitaba ait animasyonlar\u0131 seyreden \u00e7ocuklar, s\u0131k\u0131lmadan hem \u00f6\u011frenip hem de e\u011fleniyorlar&#8230;<\/p>\n","protected":false},"excerpt":{"rendered":"<p>Tali \u0130ngilizce 2. Set (10 Kitap) &#8211; Berrin G\u00f6nc\u00fc I\u015f\u0131ko\u011flu &#8211; Nesil \u00c7ocuk Yay\u0131nlar\u0131 We invite you to the books that will conquer your child\u2019s world<span class=\"excerpt-hellip\"> [\u2026]<\/span><\/p>\n","protected":false},"featured_media":0,"template":"","meta":{"_monsterinsights_skip_tracking":false,"_monsterinsights_sitenote_active":false,"_monsterinsights_sitenote_note":"","_monsterinsights_sitenote_category":0},"product_brand":[],"product_cat":[12274,15842],"product_tag":[],"class_list":{"0":"post-747662","1":"product","2":"type-product","3":"status-publish","5":"product_cat-cocuk-ve-genclik-kitaplari","6":"product_cat-egitici-kitaplar","7":"pa_cilt-set","8":"pa_tur-kitap","9":"pa_yayinevi-nesil-cocuk-yayinlari","10":"pa_yazar-berrin-goncu-isikoglu","12":"first","13":"instock","14":"sale","15":"shipping-taxable","16":"purchasable","17":"product-type-simple"},"_links":{"self":[{"href":"https:\/\/roveyayinevi.com.tr\/index.php\/wp-json\/wp\/v2\/product\/747662","targetHints":{"allow":["GET"]}}],"collection":[{"href":"https:\/\/roveyayinevi.com.tr\/index.php\/wp-json\/wp\/v2\/product"}],"about":[{"href":"https:\/\/roveyayinevi.com.tr\/index.php\/wp-json\/wp\/v2\/types\/product"}],"wp:attachment":[{"href":"https:\/\/roveyayinevi.com.tr\/index.php\/wp-json\/wp\/v2\/media?parent=747662"}],"wp:term":[{"taxonomy":"product_brand","embeddable":true,"href":"https:\/\/roveyayinevi.com.tr\/index.php\/wp-json\/wp\/v2\/product_brand?post=747662"},{"taxonomy":"product_cat","embeddable":true,"href":"https:\/\/roveyayinevi.com.tr\/index.php\/wp-json\/wp\/v2\/product_cat?post=747662"},{"taxonomy":"product_tag","embeddable":true,"href":"https:\/\/roveyayinevi.com.tr\/index.php\/wp-json\/wp\/v2\/product_tag?post=747662"}],"curies":[{"name":"wp","href":"https:\/\/api.w.org\/{rel}","templated":true}]}}