{"id":747660,"date":"2025-08-28T03:12:02","date_gmt":"2025-08-28T00:12:02","guid":{"rendered":"https:\/\/roveyayinevi.com.tr\/index.php\/urun\/ingilizce-destekli-oyun-kartlari-zit-kavramlar\/"},"modified":"2026-04-16T03:00:28","modified_gmt":"2026-04-16T00:00:28","slug":"ingilizce-destekli-oyun-kartlari-zit-kavramlar","status":"publish","type":"product","link":"https:\/\/roveyayinevi.com.tr\/index.php\/urun\/ingilizce-destekli-oyun-kartlari-zit-kavramlar\/","title":{"rendered":"\u0130ngilizce Destekli Oyun Kartlar\u0131 &#8211; Z\u0131t Kavramlar"},"content":{"rendered":"<p>Z\u0131t Kavramlar oyun kartlar\u0131, \u00e7ocu\u011funuz i\u00e7in en e\u011fitici oyunlardan ve okul \u00f6ncesi etkinliklerden birisidir.Z\u0131t Kavramlar kartlar\u0131, \u00e7ocu\u011funuzun g\u00f6rd\u00fc\u011f\u00fc resmi \/ bilgiyi akl\u0131nda tutup, daha sonra zihninde geri \u00e7a\u011f\u0131rmas\u0131 \u00fczerine kurulu oldu\u011fu i\u00e7in, g\u00f6rsel haf\u0131za ve alg\u0131 yetene\u011finin geli\u015fmesinde faydal\u0131 olur.Varl\u0131klar\u0131 bi\u00e7imlerine ve i\u015flevlerine g\u00f6re e\u015fle\u015ftirir.Geli\u015fmi\u015f g\u00f6rsel haf\u0131za ve ili\u015fki kurabilme, \u00e7ocu\u011funuzun okul e\u011fitimi ve sonraki ya\u015fant\u0131s\u0131 boyunca her alanda kullanaca\u011f\u0131 \u00f6nemli meziyetlerden birisidir.Z\u0131t Kavramlar oyun kartlar\u0131, \u00e7ocu\u011funuzun \u00f6zellikle muhakeme ve idrak yeteneklerinin geli\u015fmesine katk\u0131da bulunur.Z\u0131t Kavramlar oyun kartlar\u0131, e\u011fitsel oyunlar aras\u0131nda beyin \/ haf\u0131za geli\u015fimini en \u00e7ok destekleyen oyunlardan biridir.Varl\u0131klar\u0131 ve i\u015flevlerini tan\u0131tarak \u00e7evresiyle ilgili fark\u0131ndal\u0131k d\u00fczeyi artt\u0131r\u0131r.Par\u00e7a-B\u00fct\u00fcn ili\u015fkisini kavrayabilmeleri i\u00e7in son derece g\u00fczel bir e\u011fitim materyalidir.<\/p>\n","protected":false},"excerpt":{"rendered":"<p>Z\u0131t Kavramlar oyun kartlar\u0131, \u00e7ocu\u011funuz i\u00e7in en e\u011fitici oyunlardan ve okul \u00f6ncesi etkinliklerden birisidir.Z\u0131t Kavramlar kartlar\u0131, \u00e7ocu\u011funuzun g\u00f6rd\u00fc\u011f\u00fc resmi \/ bilgiyi akl\u0131nda tutup, daha sonra zihninde<span class=\"excerpt-hellip\"> [\u2026]<\/span><\/p>\n","protected":false},"featured_media":0,"template":"","meta":{"_monsterinsights_skip_tracking":false,"_monsterinsights_sitenote_active":false,"_monsterinsights_sitenote_note":"","_monsterinsights_sitenote_category":0},"product_brand":[],"product_cat":[12274,15842],"product_tag":[],"class_list":{"0":"post-747660","1":"product","2":"type-product","3":"status-publish","5":"product_cat-cocuk-ve-genclik-kitaplari","6":"product_cat-egitici-kitaplar","7":"pa_cilt-ciltsiz","8":"pa_tur-kitap20","9":"pa_yayinevi-bicirik-yayinlari","10":"pa_yazar-kolektif","12":"first","13":"instock","14":"sale","15":"shipping-taxable","16":"purchasable","17":"product-type-simple"},"_links":{"self":[{"href":"https:\/\/roveyayinevi.com.tr\/index.php\/wp-json\/wp\/v2\/product\/747660","targetHints":{"allow":["GET"]}}],"collection":[{"href":"https:\/\/roveyayinevi.com.tr\/index.php\/wp-json\/wp\/v2\/product"}],"about":[{"href":"https:\/\/roveyayinevi.com.tr\/index.php\/wp-json\/wp\/v2\/types\/product"}],"wp:attachment":[{"href":"https:\/\/roveyayinevi.com.tr\/index.php\/wp-json\/wp\/v2\/media?parent=747660"}],"wp:term":[{"taxonomy":"product_brand","embeddable":true,"href":"https:\/\/roveyayinevi.com.tr\/index.php\/wp-json\/wp\/v2\/product_brand?post=747660"},{"taxonomy":"product_cat","embeddable":true,"href":"https:\/\/roveyayinevi.com.tr\/index.php\/wp-json\/wp\/v2\/product_cat?post=747660"},{"taxonomy":"product_tag","embeddable":true,"href":"https:\/\/roveyayinevi.com.tr\/index.php\/wp-json\/wp\/v2\/product_tag?post=747660"}],"curies":[{"name":"wp","href":"https:\/\/api.w.org\/{rel}","templated":true}]}}