{"id":747655,"date":"2025-08-28T03:11:53","date_gmt":"2025-08-28T00:11:53","guid":{"rendered":"https:\/\/roveyayinevi.com.tr\/index.php\/urun\/donmeyen-dolap-ilker-hepyasar-2\/"},"modified":"2026-04-16T03:00:28","modified_gmt":"2026-04-16T00:00:28","slug":"donmeyen-dolap-ilker-hepyasar-2","status":"publish","type":"product","link":"https:\/\/roveyayinevi.com.tr\/index.php\/urun\/donmeyen-dolap-ilker-hepyasar-2\/","title":{"rendered":"D\u00f6nmeyen Dolap \/ \u0130lker Hepya\u015far 2"},"content":{"rendered":"<p>Y\u0131llarca \u0130lker anlatt\u0131; ablas\u0131 Merve dinledi.  Bir\u00e7ok komik an\u0131 birikti, hepsi hayat\u0131n i\u00e7inden\u2026 Ben de teyzesi olarak Merve\u2019yi, bu an\u0131lar\u0131 hik\u00e2yele\u015ftirmesi i\u00e7in y\u00fcreklendirdim. Ve s\u0131r if\u015fa oldu. \u0130yi ki de\u2026 E haydi, u\u00e7u\u015fa haz\u0131rsan\u0131z ba\u015flayal\u0131m gen\u00e7ler\u2026 <\/p>\n","protected":false},"excerpt":{"rendered":"<p>Y\u0131llarca \u0130lker anlatt\u0131; ablas\u0131 Merve dinledi. Bir\u00e7ok komik an\u0131 birikti, hepsi hayat\u0131n i\u00e7inden\u2026 Ben de teyzesi olarak Merve\u2019yi, bu an\u0131lar\u0131 hik\u00e2yele\u015ftirmesi i\u00e7in y\u00fcreklendirdim. Ve s\u0131r if\u015fa<span class=\"excerpt-hellip\"> [\u2026]<\/span><\/p>\n","protected":false},"featured_media":0,"template":"","meta":{"_monsterinsights_skip_tracking":false,"_monsterinsights_sitenote_active":false,"_monsterinsights_sitenote_note":"","_monsterinsights_sitenote_category":0},"product_brand":[],"product_cat":[12274,12284],"product_tag":[],"class_list":{"0":"post-747655","1":"product","2":"type-product","3":"status-publish","5":"product_cat-cocuk-ve-genclik-kitaplari","6":"product_cat-hikayeler","7":"pa_cilt-ciltsiz","8":"pa_tur-kitap","9":"pa_yayinevi-nesil-cocuk-yayinlari","10":"pa_yazar-merve-yasar","12":"first","13":"instock","14":"sale","15":"shipping-taxable","16":"purchasable","17":"product-type-simple"},"_links":{"self":[{"href":"https:\/\/roveyayinevi.com.tr\/index.php\/wp-json\/wp\/v2\/product\/747655","targetHints":{"allow":["GET"]}}],"collection":[{"href":"https:\/\/roveyayinevi.com.tr\/index.php\/wp-json\/wp\/v2\/product"}],"about":[{"href":"https:\/\/roveyayinevi.com.tr\/index.php\/wp-json\/wp\/v2\/types\/product"}],"wp:attachment":[{"href":"https:\/\/roveyayinevi.com.tr\/index.php\/wp-json\/wp\/v2\/media?parent=747655"}],"wp:term":[{"taxonomy":"product_brand","embeddable":true,"href":"https:\/\/roveyayinevi.com.tr\/index.php\/wp-json\/wp\/v2\/product_brand?post=747655"},{"taxonomy":"product_cat","embeddable":true,"href":"https:\/\/roveyayinevi.com.tr\/index.php\/wp-json\/wp\/v2\/product_cat?post=747655"},{"taxonomy":"product_tag","embeddable":true,"href":"https:\/\/roveyayinevi.com.tr\/index.php\/wp-json\/wp\/v2\/product_tag?post=747655"}],"curies":[{"name":"wp","href":"https:\/\/api.w.org\/{rel}","templated":true}]}}