{"id":747652,"date":"2025-08-28T03:11:49","date_gmt":"2025-08-28T00:11:49","guid":{"rendered":"https:\/\/roveyayinevi.com.tr\/index.php\/urun\/etkinlikli-ogreniyorum-seti-6-kitap-takim\/"},"modified":"2026-04-16T03:00:27","modified_gmt":"2026-04-16T00:00:27","slug":"etkinlikli-ogreniyorum-seti-6-kitap-takim","status":"publish","type":"product","link":"https:\/\/roveyayinevi.com.tr\/index.php\/urun\/etkinlikli-ogreniyorum-seti-6-kitap-takim\/","title":{"rendered":"Etkinlikli \u00d6\u011freniyorum Seti 6 Kitap Tak\u0131m"},"content":{"rendered":"<p>Namaz K\u0131l\u0131yorumMekke ve Mediye`yi \u00d6\u011freniyorumOru\u00e7 TutuyorumD\u00fcnyadaki Camileri \u00d6\u011freniyorumT\u00fcrkiye`deki Camileri \u00d6\u011freniyorumAbdest Al\u0131yorum<\/p>\n","protected":false},"excerpt":{"rendered":"<p>Namaz K\u0131l\u0131yorumMekke ve Mediye`yi \u00d6\u011freniyorumOru\u00e7 TutuyorumD\u00fcnyadaki Camileri \u00d6\u011freniyorumT\u00fcrkiye`deki Camileri \u00d6\u011freniyorumAbdest Al\u0131yorum<\/p>\n","protected":false},"featured_media":0,"template":"","meta":{"_monsterinsights_skip_tracking":false,"_monsterinsights_sitenote_active":false,"_monsterinsights_sitenote_note":"","_monsterinsights_sitenote_category":0},"product_brand":[],"product_cat":[12274,12518],"product_tag":[],"class_list":{"0":"post-747652","1":"product","2":"type-product","3":"status-publish","5":"product_cat-cocuk-ve-genclik-kitaplari","6":"product_cat-okul-oncesi-kitaplar","7":"pa_cilt-ciltsiz","8":"pa_tur-kitap","9":"pa_yayinevi-nesil-cocuk-yayinlari","10":"pa_yazar-aysenur-gunes","12":"first","13":"instock","14":"sale","15":"shipping-taxable","16":"purchasable","17":"product-type-simple"},"_links":{"self":[{"href":"https:\/\/roveyayinevi.com.tr\/index.php\/wp-json\/wp\/v2\/product\/747652","targetHints":{"allow":["GET"]}}],"collection":[{"href":"https:\/\/roveyayinevi.com.tr\/index.php\/wp-json\/wp\/v2\/product"}],"about":[{"href":"https:\/\/roveyayinevi.com.tr\/index.php\/wp-json\/wp\/v2\/types\/product"}],"wp:attachment":[{"href":"https:\/\/roveyayinevi.com.tr\/index.php\/wp-json\/wp\/v2\/media?parent=747652"}],"wp:term":[{"taxonomy":"product_brand","embeddable":true,"href":"https:\/\/roveyayinevi.com.tr\/index.php\/wp-json\/wp\/v2\/product_brand?post=747652"},{"taxonomy":"product_cat","embeddable":true,"href":"https:\/\/roveyayinevi.com.tr\/index.php\/wp-json\/wp\/v2\/product_cat?post=747652"},{"taxonomy":"product_tag","embeddable":true,"href":"https:\/\/roveyayinevi.com.tr\/index.php\/wp-json\/wp\/v2\/product_tag?post=747652"}],"curies":[{"name":"wp","href":"https:\/\/api.w.org\/{rel}","templated":true}]}}