{"id":747647,"date":"2025-08-28T03:11:41","date_gmt":"2025-08-28T00:11:41","guid":{"rendered":"https:\/\/roveyayinevi.com.tr\/index.php\/urun\/kazazedeler-cesaret-adasi-1\/"},"modified":"2026-04-16T03:00:27","modified_gmt":"2026-04-16T00:00:27","slug":"kazazedeler-cesaret-adasi-1","status":"publish","type":"product","link":"https:\/\/roveyayinevi.com.tr\/index.php\/urun\/kazazedeler-cesaret-adasi-1\/","title":{"rendered":"Kazazedeler &#8211; Cesaret Adas\u0131 1"},"content":{"rendered":"<p>Sizce problemleri \u00e7\u00f6zmek i\u00e7in hangisi daha gereklidir? Zek\u00e2 m\u0131, yetenek mi? Yoksa cesaret mi?  Belki de hepsinden biraz\u2026   Her y\u0131l d\u00fczenlenen D\u00fcnya E\u011fitim Olimpiyatlar\u0131\u2019na her \u00fclkeden \u00e7ok yetenekli, se\u00e7ilmi\u015f gen\u00e7ler kat\u0131lmaktad\u0131r. Bu seneki yar\u0131\u015fmada \u00fclkemizi temsil edecek tak\u0131m\u0131m\u0131zdan herkes \u00e7ok umutluydu. Hatta birka\u00e7 dalda madalyaya kesin g\u00f6z\u00fcyle bak\u0131l\u0131yordu. Tabii her \u015fey planland\u0131\u011f\u0131 gibi gitseydi. Daha do\u011frusu, tak\u0131m\u0131m\u0131z yar\u0131\u015fmaya gidebilseydi\u2026   Hi\u00e7 kimsenin beklemedi\u011fi baz\u0131 geli\u015fmeler her \u015feyi de\u011fi\u015ftirdi. Hepsi \u00f6zel yetenekler ve becerilerle donat\u0131lm\u0131\u015f sekiz ki\u015filik T\u00fcrk tak\u0131m\u0131n\u0131n \u00f6n\u00fcnde \u015fimdi olimpiyatlardan \u00e7ok daha farkl\u0131 ve zorlu bir s\u0131nav vard\u0131. Kahramanlar\u0131m\u0131z sorunlar\u0131 \u00e7\u00f6zmek i\u00e7in en \u00e7ok hangisine ihtiya\u00e7 duyacaklar\u0131n\u0131 ke\u015ffetmek zorundalar: Zek\u00e2 m\u0131, yetenek mi, cesaret mi?   Sence hangisi?<\/p>\n","protected":false},"excerpt":{"rendered":"<p>Sizce problemleri \u00e7\u00f6zmek i\u00e7in hangisi daha gereklidir? Zek\u00e2 m\u0131, yetenek mi? Yoksa cesaret mi? Belki de hepsinden biraz\u2026 Her y\u0131l d\u00fczenlenen D\u00fcnya E\u011fitim Olimpiyatlar\u0131\u2019na her \u00fclkeden<span class=\"excerpt-hellip\"> [\u2026]<\/span><\/p>\n","protected":false},"featured_media":0,"template":"","meta":{"_monsterinsights_skip_tracking":false,"_monsterinsights_sitenote_active":false,"_monsterinsights_sitenote_note":"","_monsterinsights_sitenote_category":0},"product_brand":[],"product_cat":[12291,12711],"product_tag":[],"class_list":{"0":"post-747647","1":"product","2":"type-product","3":"status-publish","5":"product_cat-edebiyat","6":"product_cat-roman-oyku","7":"pa_cilt-ciltsiz","8":"pa_tur-kitap","9":"pa_yayinevi-q-yayinlari","10":"pa_yazar-k-f-congevel","12":"first","13":"instock","14":"sale","15":"shipping-taxable","16":"purchasable","17":"product-type-simple"},"_links":{"self":[{"href":"https:\/\/roveyayinevi.com.tr\/index.php\/wp-json\/wp\/v2\/product\/747647","targetHints":{"allow":["GET"]}}],"collection":[{"href":"https:\/\/roveyayinevi.com.tr\/index.php\/wp-json\/wp\/v2\/product"}],"about":[{"href":"https:\/\/roveyayinevi.com.tr\/index.php\/wp-json\/wp\/v2\/types\/product"}],"wp:attachment":[{"href":"https:\/\/roveyayinevi.com.tr\/index.php\/wp-json\/wp\/v2\/media?parent=747647"}],"wp:term":[{"taxonomy":"product_brand","embeddable":true,"href":"https:\/\/roveyayinevi.com.tr\/index.php\/wp-json\/wp\/v2\/product_brand?post=747647"},{"taxonomy":"product_cat","embeddable":true,"href":"https:\/\/roveyayinevi.com.tr\/index.php\/wp-json\/wp\/v2\/product_cat?post=747647"},{"taxonomy":"product_tag","embeddable":true,"href":"https:\/\/roveyayinevi.com.tr\/index.php\/wp-json\/wp\/v2\/product_tag?post=747647"}],"curies":[{"name":"wp","href":"https:\/\/api.w.org\/{rel}","templated":true}]}}