{"id":747645,"date":"2025-08-28T03:11:38","date_gmt":"2025-08-28T00:11:38","guid":{"rendered":"https:\/\/roveyayinevi.com.tr\/index.php\/urun\/beyin-gelisimi-zeka-gelistirici-aktiviteler-okul-oncesi-cocuklar-icin\/"},"modified":"2026-04-16T03:00:27","modified_gmt":"2026-04-16T00:00:27","slug":"beyin-gelisimi-zeka-gelistirici-aktiviteler-okul-oncesi-cocuklar-icin","status":"publish","type":"product","link":"https:\/\/roveyayinevi.com.tr\/index.php\/urun\/beyin-gelisimi-zeka-gelistirici-aktiviteler-okul-oncesi-cocuklar-icin\/","title":{"rendered":"Beyin Geli\u015fimi &#8211; Zeka Geli\u015ftirici Aktiviteler &#8211; Okul \u00d6ncesi \u00c7ocuklar i\u00e7in"},"content":{"rendered":"<p>Beyin Geli\u015fimi &#8211; Zeka Geli\u015ftirici Aktiviteler &#8211; Okul \u00d6ncesi \u00c7ocuklar i\u00e7in<\/p>\n","protected":false},"excerpt":{"rendered":"<p>Beyin Geli\u015fimi &#8211; Zeka Geli\u015ftirici Aktiviteler &#8211; Okul \u00d6ncesi \u00c7ocuklar i\u00e7in<\/p>\n","protected":false},"featured_media":0,"template":"","meta":{"_monsterinsights_skip_tracking":false,"_monsterinsights_sitenote_active":false,"_monsterinsights_sitenote_note":"","_monsterinsights_sitenote_category":0},"product_brand":[],"product_cat":[12274,12518],"product_tag":[],"class_list":{"0":"post-747645","1":"product","2":"type-product","3":"status-publish","5":"product_cat-cocuk-ve-genclik-kitaplari","6":"product_cat-okul-oncesi-kitaplar","7":"pa_cilt-ciltsiz","8":"pa_tur-kitap","9":"pa_yayinevi-bicirik-yayinlari","10":"pa_yazar-kolektif","12":"first","13":"instock","14":"sale","15":"shipping-taxable","16":"purchasable","17":"product-type-simple"},"_links":{"self":[{"href":"https:\/\/roveyayinevi.com.tr\/index.php\/wp-json\/wp\/v2\/product\/747645","targetHints":{"allow":["GET"]}}],"collection":[{"href":"https:\/\/roveyayinevi.com.tr\/index.php\/wp-json\/wp\/v2\/product"}],"about":[{"href":"https:\/\/roveyayinevi.com.tr\/index.php\/wp-json\/wp\/v2\/types\/product"}],"wp:attachment":[{"href":"https:\/\/roveyayinevi.com.tr\/index.php\/wp-json\/wp\/v2\/media?parent=747645"}],"wp:term":[{"taxonomy":"product_brand","embeddable":true,"href":"https:\/\/roveyayinevi.com.tr\/index.php\/wp-json\/wp\/v2\/product_brand?post=747645"},{"taxonomy":"product_cat","embeddable":true,"href":"https:\/\/roveyayinevi.com.tr\/index.php\/wp-json\/wp\/v2\/product_cat?post=747645"},{"taxonomy":"product_tag","embeddable":true,"href":"https:\/\/roveyayinevi.com.tr\/index.php\/wp-json\/wp\/v2\/product_tag?post=747645"}],"curies":[{"name":"wp","href":"https:\/\/api.w.org\/{rel}","templated":true}]}}