{"id":747639,"date":"2025-08-28T03:11:29","date_gmt":"2025-08-28T00:11:29","guid":{"rendered":"https:\/\/roveyayinevi.com.tr\/index.php\/urun\/bebek-kitaplari-set-22-kitap-takimciltli\/"},"modified":"2026-04-16T03:00:27","modified_gmt":"2026-04-16T00:00:27","slug":"bebek-kitaplari-set-22-kitap-takimciltli","status":"publish","type":"product","link":"https:\/\/roveyayinevi.com.tr\/index.php\/urun\/bebek-kitaplari-set-22-kitap-takimciltli\/","title":{"rendered":"Bebek Kitaplar\u0131 Set (22 Kitap Tak\u0131m)(Ciltli)"},"content":{"rendered":"<p>Minik bebeklerin \u00f6\u011frenmesi gereken her \u015fey bu kitaplarda! Renkli i\u00e7eri\u011fi, ak\u0131c\u0131 \u00fcslubu ve ilgi \u00e7ekici g\u00f6rselleriyle bebe\u011finiz bu kitaplar\u0131 \u00e7ok sevecek. Renkler, meyveler, hayvanlar, ula\u015f\u0131m ara\u00e7lar\u0131, m\u00fczik aletleri gibi pek \u00e7ok konuyu e\u011flenirken \u00f6\u011frenecek.Kazan\u0131mlar:El-g\u00f6z koordinasyonu sa\u011flamakDikkat geli\u015ftirmePayla\u015fmaSorumluluklar\u0131n\u0131 yerine getirmeD\u00fczen ve temizlik bilinciArkada\u015fl\u0131kSevgi\u00d6zg\u00fcvenSebep-sonu\u00e7 ili\u015fkisi kurmaTan\u0131m yapabilmeYard\u0131mla\u015fmaDesteklenen \u00d6\u011frenim Alanlar\u0131:Sosyal ve duygusal alanMotor geli\u015fimiBili\u015fsel alanPsiko-motor alanG\u00f6rsel okumaSa\u011fl\u0131k ve \u00e7evreDuygu ve hayallar<\/p>\n","protected":false},"excerpt":{"rendered":"<p>Minik bebeklerin \u00f6\u011frenmesi gereken her \u015fey bu kitaplarda! Renkli i\u00e7eri\u011fi, ak\u0131c\u0131 \u00fcslubu ve ilgi \u00e7ekici g\u00f6rselleriyle bebe\u011finiz bu kitaplar\u0131 \u00e7ok sevecek. Renkler, meyveler, hayvanlar, ula\u015f\u0131m ara\u00e7lar\u0131,<span class=\"excerpt-hellip\"> [\u2026]<\/span><\/p>\n","protected":false},"featured_media":0,"template":"","meta":{"_monsterinsights_skip_tracking":false,"_monsterinsights_sitenote_active":false,"_monsterinsights_sitenote_note":"","_monsterinsights_sitenote_category":0},"product_brand":[],"product_cat":[12274,12518],"product_tag":[],"class_list":{"0":"post-747639","1":"product","2":"type-product","3":"status-publish","5":"product_cat-cocuk-ve-genclik-kitaplari","6":"product_cat-okul-oncesi-kitaplar","7":"pa_cilt-ciltli","8":"pa_tur-kitap","9":"pa_yayinevi-bicirik-yayinlari","10":"pa_yazar-emilie-beaumont","12":"first","13":"instock","14":"sale","15":"shipping-taxable","16":"purchasable","17":"product-type-simple"},"_links":{"self":[{"href":"https:\/\/roveyayinevi.com.tr\/index.php\/wp-json\/wp\/v2\/product\/747639","targetHints":{"allow":["GET"]}}],"collection":[{"href":"https:\/\/roveyayinevi.com.tr\/index.php\/wp-json\/wp\/v2\/product"}],"about":[{"href":"https:\/\/roveyayinevi.com.tr\/index.php\/wp-json\/wp\/v2\/types\/product"}],"wp:attachment":[{"href":"https:\/\/roveyayinevi.com.tr\/index.php\/wp-json\/wp\/v2\/media?parent=747639"}],"wp:term":[{"taxonomy":"product_brand","embeddable":true,"href":"https:\/\/roveyayinevi.com.tr\/index.php\/wp-json\/wp\/v2\/product_brand?post=747639"},{"taxonomy":"product_cat","embeddable":true,"href":"https:\/\/roveyayinevi.com.tr\/index.php\/wp-json\/wp\/v2\/product_cat?post=747639"},{"taxonomy":"product_tag","embeddable":true,"href":"https:\/\/roveyayinevi.com.tr\/index.php\/wp-json\/wp\/v2\/product_tag?post=747639"}],"curies":[{"name":"wp","href":"https:\/\/api.w.org\/{rel}","templated":true}]}}