{"id":747638,"date":"2025-08-28T03:11:27","date_gmt":"2025-08-28T00:11:27","guid":{"rendered":"https:\/\/roveyayinevi.com.tr\/index.php\/urun\/babaannemi-kacirdim\/"},"modified":"2026-04-16T03:00:27","modified_gmt":"2026-04-16T00:00:27","slug":"babaannemi-kacirdim","status":"publish","type":"product","link":"https:\/\/roveyayinevi.com.tr\/index.php\/urun\/babaannemi-kacirdim\/","title":{"rendered":"Babaannemi Ka\u00e7\u0131rd\u0131m"},"content":{"rendered":"<p>Lounun babaannesi art\u0131k eskisi gibi hat\u0131rlam\u0131yor. Bu nedenle de birka\u00e7 y\u0131ld\u0131r huzurevinde ya\u015f\u0131yor. Lou, babas\u0131yla birlikte d\u00fczenli olarak ziyarete gitmesine ra\u011fmen babaannesi onu pek de iyi tan\u0131m\u0131yor. Ama Lou kendini hat\u0131rlatmaya kararl\u0131. O\u011flunun kendisini huzur evinden almas\u0131n\u0131 bekleyen babaanneyi, Lou kurtarmay\u0131 planlar. Ve bunu ba\u015far\u0131r da. Babaannesini huzurevinden ka\u00e7\u0131ran Louyu sonras\u0131nda heyecan dolu bir yolculuk bekler. Bu yolculuk boyunca Lounun akl\u0131nda kimsenin bahsetmedi\u011fi b\u00fcy\u00fckbabas\u0131 Albert Andr\u00e9yi bulmak da vard\u0131r. Bakal\u0131m bunu ba\u015farabilecek mi?<\/p>\n","protected":false},"excerpt":{"rendered":"<p>Lounun babaannesi art\u0131k eskisi gibi hat\u0131rlam\u0131yor. Bu nedenle de birka\u00e7 y\u0131ld\u0131r huzurevinde ya\u015f\u0131yor. Lou, babas\u0131yla birlikte d\u00fczenli olarak ziyarete gitmesine ra\u011fmen babaannesi onu pek de iyi<span class=\"excerpt-hellip\"> [\u2026]<\/span><\/p>\n","protected":false},"featured_media":0,"template":"","meta":{"_monsterinsights_skip_tracking":false,"_monsterinsights_sitenote_active":false,"_monsterinsights_sitenote_note":"","_monsterinsights_sitenote_category":0},"product_brand":[],"product_cat":[12291,12711],"product_tag":[],"class_list":{"0":"post-747638","1":"product","2":"type-product","3":"status-publish","5":"product_cat-edebiyat","6":"product_cat-roman-oyku","7":"pa_cilt-ciltsiz","8":"pa_tur-kitap","9":"pa_yayinevi-q-yayinlari","10":"pa_yazar-jerome-poncin","12":"first","13":"instock","14":"sale","15":"shipping-taxable","16":"purchasable","17":"product-type-simple"},"_links":{"self":[{"href":"https:\/\/roveyayinevi.com.tr\/index.php\/wp-json\/wp\/v2\/product\/747638","targetHints":{"allow":["GET"]}}],"collection":[{"href":"https:\/\/roveyayinevi.com.tr\/index.php\/wp-json\/wp\/v2\/product"}],"about":[{"href":"https:\/\/roveyayinevi.com.tr\/index.php\/wp-json\/wp\/v2\/types\/product"}],"wp:attachment":[{"href":"https:\/\/roveyayinevi.com.tr\/index.php\/wp-json\/wp\/v2\/media?parent=747638"}],"wp:term":[{"taxonomy":"product_brand","embeddable":true,"href":"https:\/\/roveyayinevi.com.tr\/index.php\/wp-json\/wp\/v2\/product_brand?post=747638"},{"taxonomy":"product_cat","embeddable":true,"href":"https:\/\/roveyayinevi.com.tr\/index.php\/wp-json\/wp\/v2\/product_cat?post=747638"},{"taxonomy":"product_tag","embeddable":true,"href":"https:\/\/roveyayinevi.com.tr\/index.php\/wp-json\/wp\/v2\/product_tag?post=747638"}],"curies":[{"name":"wp","href":"https:\/\/api.w.org\/{rel}","templated":true}]}}