{"id":747635,"date":"2025-08-28T03:11:22","date_gmt":"2025-08-28T00:11:22","guid":{"rendered":"https:\/\/roveyayinevi.com.tr\/index.php\/urun\/abdurrahmanin-comertligi\/"},"modified":"2026-04-16T03:00:27","modified_gmt":"2026-04-16T00:00:27","slug":"abdurrahmanin-comertligi","status":"publish","type":"product","link":"https:\/\/roveyayinevi.com.tr\/index.php\/urun\/abdurrahmanin-comertligi\/","title":{"rendered":"Abdurrahman`\u0131n C\u00f6mertli\u011fi"},"content":{"rendered":"<p>Z\u00fcbeyir&#8217;le kararl\u0131 olmay\u0131, Abdurrahman&#8217;la c\u00f6mertli\u011fi, Sa&#8217;d&#8217;la sabr\u0131, Ebu Ubeyde&#8217;yle g\u00fcvenilir olmay\u0131, Said bin Zeyd&#8217;le kanaatk\u00e2rl\u0131\u011f\u0131 \u00f6\u011frenmeye ne dersin? Bunlar kim mi? Peygamber Efendimizin \u00e7ok sevgili sahabe dostlar\u0131&#8230; Onlar g\u00f6kte parlayan y\u0131ld\u0131zlar gibiler. Bizlere \u0131\u015f\u0131k olur ve yolumuzu ayd\u0131nlat\u0131rlar. Sen de onlar gibi g\u00fczel davranarak g\u00f6ky\u00fcz\u00fcnde parlayan bir y\u0131ld\u0131z gibi olmak ister misin? Hadi o zaman, Sahabelerle De\u011ferler E\u011fitimi setini okumaya ba\u015fla! Ve g\u00f6kte \u0131\u015f\u0131l \u0131\u015f\u0131l par\u0131lda!<\/p>\n","protected":false},"excerpt":{"rendered":"<p>Z\u00fcbeyir&#8217;le kararl\u0131 olmay\u0131, Abdurrahman&#8217;la c\u00f6mertli\u011fi, Sa&#8217;d&#8217;la sabr\u0131, Ebu Ubeyde&#8217;yle g\u00fcvenilir olmay\u0131, Said bin Zeyd&#8217;le kanaatk\u00e2rl\u0131\u011f\u0131 \u00f6\u011frenmeye ne dersin? Bunlar kim mi? Peygamber Efendimizin \u00e7ok sevgili sahabe<span class=\"excerpt-hellip\"> [\u2026]<\/span><\/p>\n","protected":false},"featured_media":0,"template":"","meta":{"_monsterinsights_skip_tracking":false,"_monsterinsights_sitenote_active":false,"_monsterinsights_sitenote_note":"","_monsterinsights_sitenote_category":0},"product_brand":[],"product_cat":[12274,18802],"product_tag":[],"class_list":{"0":"post-747635","1":"product","2":"type-product","3":"status-publish","5":"product_cat-cocuk-ve-genclik-kitaplari","6":"product_cat-din-egitimi","7":"pa_cilt-ciltsiz","8":"pa_tur-kitap","9":"pa_yayinevi-nesil-cocuk-yayinlari","10":"pa_yazar-handan-yalvac-arici","12":"first","13":"instock","14":"sale","15":"shipping-taxable","16":"purchasable","17":"product-type-simple"},"_links":{"self":[{"href":"https:\/\/roveyayinevi.com.tr\/index.php\/wp-json\/wp\/v2\/product\/747635","targetHints":{"allow":["GET"]}}],"collection":[{"href":"https:\/\/roveyayinevi.com.tr\/index.php\/wp-json\/wp\/v2\/product"}],"about":[{"href":"https:\/\/roveyayinevi.com.tr\/index.php\/wp-json\/wp\/v2\/types\/product"}],"wp:attachment":[{"href":"https:\/\/roveyayinevi.com.tr\/index.php\/wp-json\/wp\/v2\/media?parent=747635"}],"wp:term":[{"taxonomy":"product_brand","embeddable":true,"href":"https:\/\/roveyayinevi.com.tr\/index.php\/wp-json\/wp\/v2\/product_brand?post=747635"},{"taxonomy":"product_cat","embeddable":true,"href":"https:\/\/roveyayinevi.com.tr\/index.php\/wp-json\/wp\/v2\/product_cat?post=747635"},{"taxonomy":"product_tag","embeddable":true,"href":"https:\/\/roveyayinevi.com.tr\/index.php\/wp-json\/wp\/v2\/product_tag?post=747635"}],"curies":[{"name":"wp","href":"https:\/\/api.w.org\/{rel}","templated":true}]}}