{"id":747634,"date":"2025-08-28T03:11:21","date_gmt":"2025-08-28T00:11:21","guid":{"rendered":"https:\/\/roveyayinevi.com.tr\/index.php\/urun\/ruhsal-inzivalar-psikotik-nevrotik-ve-sinir-hastalarda-patolojik-orgutlenmeler\/"},"modified":"2025-11-21T08:49:11","modified_gmt":"2025-11-21T05:49:11","slug":"ruhsal-inzivalar-psikotik-nevrotik-ve-sinir-hastalarda-patolojik-orgutlenmeler","status":"publish","type":"product","link":"https:\/\/roveyayinevi.com.tr\/index.php\/urun\/ruhsal-inzivalar-psikotik-nevrotik-ve-sinir-hastalarda-patolojik-orgutlenmeler\/","title":{"rendered":"Ruhsal \u0130nzivalar Psikotik, Nevrotik ve S\u0131n\u0131r Hastalarda Patolojik \u00d6rg\u00fctlenmeler"},"content":{"rendered":"<p>\u201cPek \u00e7ok \u00e7a\u011fda\u015f analist gibi beni de \u00f6zellikle iki problem \u00e7ok me\u015fgul etti, bunlardan ilki hastalar\u0131mla anlaml\u0131 bir ba\u011f kurmak, ikincisi ise kendini tekrarlayan, dura\u011fan ve verimsiz h\u00e2le gelen analizlerle ba\u015fa \u00e7\u0131kmak. B\u00f6yle hastalarla deneyimlerim, kayg\u0131 ve ac\u0131dan korunmalar\u0131n\u0131 sa\u011flayan ruhsal durumlar yaratmak i\u00e7in \u00e7e\u015fitli mekanizmalara ba\u015fvurduklar\u0131n\u0131 g\u00f6zlemlememe neden oldu. Analistle ba\u011flant\u0131lar\u0131n\u0131 kopar\u0131p, genellikle uzamsal olarak saklanabilecekleri bir yer gibi deneyimledikleri bu ruhsal durumlarda inzivaya \u00e7ekiliyorlard\u0131. Bunlar\u0131 ruhsal inzivalar, s\u0131\u011f\u0131naklar, bar\u0131naklar, korunaklar ya da g\u00fcvenli limanlar olarak adland\u0131rd\u0131m ve bu kitap bunlar\u0131n faaliyet g\u00f6sterme bi\u00e7imleri hakk\u0131nda. Ruhsal inzivalar\u0131n belki de en zorlay\u0131c\u0131 t\u00fcr\u00fc, sahte bir temas\u0131n teklif edildi\u011fi ve analistin y\u00fczeysel, sahtek\u00e2r ya da sapk\u0131n yollara ba\u015fvurmaya davet edildi\u011fi t\u00fcr\u00fcd\u00fcr. Bu tepkiler zaman zaman analistin sakarl\u0131k ya da patavats\u0131zl\u0131klar\u0131ndan kaynaklan\u0131yormu\u015f gibi g\u00f6r\u00fcnse de dikkatle y\u00fcr\u00fct\u00fclen analizlerde bile hastayla temas\u0131n koptu\u011fu zamanlar olur. Hastalar koruyucu bir z\u0131rh ya da saklan\u0131lacak bir yer i\u015flevi g\u00f6ren g\u00fc\u00e7l\u00fc bir savunma sisteminin arkas\u0131na \u00e7ekilir ve bazen kabu\u011fundan \u00e7\u0131kan bir salyangoz gibi b\u00fcy\u00fck bir temkinlilikle ortaya \u00e7\u0131k\u0131p, temas ac\u0131 ya da kayg\u0131ya yol a\u00e7t\u0131\u011f\u0131nda nas\u0131l tekrar geri \u00e7ekildikleri g\u00f6zlemlenebilir. Ger\u00e7ekleri uygun bir bi\u00e7imde g\u00f6zden uzak tutan ve ayn\u0131 anda hem bilmeye hem de bilmemeye olanak sa\u011flayan g\u00f6z\u00fcn\u00fc yumma gibi mekanizmalar olduk\u00e7a patolojik olabilir, ger\u00e7e\u011fin \u00e7arp\u0131t\u0131lmas\u0131na ve sapt\u0131r\u0131lmas\u0131na yol a\u00e7abilir ama yine de ger\u00e7e\u011fe y\u00f6nelik sayg\u0131 ve korkuyu yans\u0131tt\u0131klar\u0131n\u0131n, gizli i\u015fbirli\u011fiyle \u00f6rtbas etmeye yol a\u00e7an\u0131n bu korku oldu\u011funun fark\u0131na var\u0131lmas\u0131 \u00f6nemlidir. Bu mekanizma sapk\u0131nl\u0131klarda ger\u00e7ekle ba\u015fa \u00e7\u0131kmak i\u00e7in kullan\u0131lan mekanizmalarla ili\u015fkilidir ve ger\u00e7e\u011fin \u00e7arp\u0131t\u0131l\u0131p sapt\u0131r\u0131lmas\u0131na yol a\u00e7an bir ger\u00e7ek sapk\u0131nl\u0131\u011f\u0131 gibi d\u00fc\u015f\u00fcn\u00fclebilir.\u201d \u2013 John Steiner \u201cBu sayfalardaki harikulade empati, ince anlay\u0131\u015f, etkileyici sab\u0131r ve canland\u0131r\u0131c\u0131 i\u00e7tenli\u011fe yaln\u0131zca hayranl\u0131k duyulabilir. Ama John Steiner\u2019\u0131n \u00e7al\u0131\u015fmas\u0131n\u0131n dikkatli bir okumas\u0131 hayranl\u0131k uyand\u0131rman\u0131n yan\u0131 s\u0131ra analist veya psikoterapistin klinik becerisine \u00f6nemli katk\u0131larda da bulunacakt\u0131r. Steiner\u2019\u0131n a\u00e7\u0131klay\u0131c\u0131 yakla\u015f\u0131m\u0131, ciddi derecede rahats\u0131z hastalarla yap\u0131lan terap\u00f6tik \u00e7al\u0131\u015fmadaki ka\u00e7\u0131n\u0131lmaz surette ac\u0131 verici ve cesaret k\u0131r\u0131c\u0131 k\u0131s\u0131mlar \u2013tam da biz ruh sa\u011fl\u0131\u011f\u0131 \u00e7al\u0131\u015fanlar\u0131n\u0131n kariyerlerimiz boyunca tekrar tekrar kar\u015f\u0131la\u015fmak zorunda kald\u0131\u011f\u0131 t\u00fcrden \u00e7al\u0131\u015fmalar\u2013 bak\u0131m\u0131ndan \u00f6zel bir de\u011fere sahiptir.\u201d \u2013 Roy Schafer <\/p>\n","protected":false},"excerpt":{"rendered":"<p>\u201cPek \u00e7ok \u00e7a\u011fda\u015f analist gibi beni de \u00f6zellikle iki problem \u00e7ok me\u015fgul etti, bunlardan ilki hastalar\u0131mla anlaml\u0131 bir ba\u011f kurmak, ikincisi ise kendini tekrarlayan, dura\u011fan ve<span class=\"excerpt-hellip\"> [\u2026]<\/span><\/p>\n","protected":false},"featured_media":0,"template":"","meta":{"_monsterinsights_skip_tracking":false,"_monsterinsights_sitenote_active":false,"_monsterinsights_sitenote_note":"","_monsterinsights_sitenote_category":0},"product_brand":[],"product_cat":[12357],"product_tag":[],"class_list":{"0":"post-747634","1":"product","2":"type-product","3":"status-publish","5":"product_cat-psikoloji","6":"pa_cilt-ciltsiz","7":"pa_tur-kitap","8":"pa_yayinevi-istanbul-bilgi-universitesi-yayinlari","9":"pa_yazar-john-steiner","11":"first","12":"instock","13":"sale","14":"shipping-taxable","15":"purchasable","16":"product-type-simple"},"_links":{"self":[{"href":"https:\/\/roveyayinevi.com.tr\/index.php\/wp-json\/wp\/v2\/product\/747634","targetHints":{"allow":["GET"]}}],"collection":[{"href":"https:\/\/roveyayinevi.com.tr\/index.php\/wp-json\/wp\/v2\/product"}],"about":[{"href":"https:\/\/roveyayinevi.com.tr\/index.php\/wp-json\/wp\/v2\/types\/product"}],"wp:attachment":[{"href":"https:\/\/roveyayinevi.com.tr\/index.php\/wp-json\/wp\/v2\/media?parent=747634"}],"wp:term":[{"taxonomy":"product_brand","embeddable":true,"href":"https:\/\/roveyayinevi.com.tr\/index.php\/wp-json\/wp\/v2\/product_brand?post=747634"},{"taxonomy":"product_cat","embeddable":true,"href":"https:\/\/roveyayinevi.com.tr\/index.php\/wp-json\/wp\/v2\/product_cat?post=747634"},{"taxonomy":"product_tag","embeddable":true,"href":"https:\/\/roveyayinevi.com.tr\/index.php\/wp-json\/wp\/v2\/product_tag?post=747634"}],"curies":[{"name":"wp","href":"https:\/\/api.w.org\/{rel}","templated":true}]}}