{"id":747633,"date":"2025-08-28T03:11:19","date_gmt":"2025-08-28T00:11:19","guid":{"rendered":"https:\/\/roveyayinevi.com.tr\/index.php\/urun\/doga-ve-evrim\/"},"modified":"2026-01-22T03:23:55","modified_gmt":"2026-01-22T00:23:55","slug":"doga-ve-evrim","status":"publish","type":"product","link":"https:\/\/roveyayinevi.com.tr\/index.php\/urun\/doga-ve-evrim\/","title":{"rendered":"Do\u011fa ve Evrim"},"content":{"rendered":"<p>Biyolojik evrim ya da k\u0131saca adland\u0131r\u0131ld\u0131\u011f\u0131 \u015fekliyle evrim, yery\u00fcz\u00fcndeki canl\u0131lar\u0131n belli mekanizmalar d\u00e2hilinde de\u011fi\u015fip d\u00f6n\u00fc\u015fmeleri olgusunu ifade eder. Bu i\u00e7eri\u011fiyle evrim, bir kuram de\u011fil bir olgudur. Bu olgu tarihin \u00e7ok erken d\u00f6nemlerinden bu yana farkl\u0131 d\u00fc\u015f\u00fcn\u00fcrler taraf\u0131ndan g\u00f6zlemlenmi\u015f, anlamland\u0131r\u0131lmaya \u00e7al\u0131\u015f\u0131lm\u0131\u015ft\u0131r. Evrim olgusunu y\u00f6nlendiren ba\u015fl\u0131ca mekanizmalardan birisi olan do\u011fal se\u00e7ilimin Charles Darwin taraf\u0131ndan ortaya konulmas\u0131, bu d\u00fc\u015f\u00fcnsel hatt\u0131n \u00f6nemli a\u015famalar\u0131ndan biridir. Ancak evrimi anlama ve anlamland\u0131rma yolundaki \u00e7aba orada ba\u015flamaz, \u00e7ok daha gerilere uzan\u0131r. Bu derleme Anaksimandros ve Epikuros\u2019tan ba\u015flayan, El C\u00e2h\u0131z ve \u0130bn Tufeyl\u2019den ge\u00e7en, Machiavelli, Humboldt ve Nietzsche\u2019ye u\u011frayan, Subhi Edhem\u2019i ve W.D. Hamilton\u2019u kapsayarak Peter Singer\u2019a uzanan bir \u00e7izgide, evrim d\u00fc\u015f\u00fcncesine yap\u0131lm\u0131\u015f katk\u0131lardan bir se\u00e7ki sunuyor. <\/p>\n","protected":false},"excerpt":{"rendered":"<p>Biyolojik evrim ya da k\u0131saca adland\u0131r\u0131ld\u0131\u011f\u0131 \u015fekliyle evrim, yery\u00fcz\u00fcndeki canl\u0131lar\u0131n belli mekanizmalar d\u00e2hilinde de\u011fi\u015fip d\u00f6n\u00fc\u015fmeleri olgusunu ifade eder. Bu i\u00e7eri\u011fiyle evrim, bir kuram de\u011fil bir olgudur.<span class=\"excerpt-hellip\"> [\u2026]<\/span><\/p>\n","protected":false},"featured_media":0,"template":"","meta":{"_monsterinsights_skip_tracking":false,"_monsterinsights_sitenote_active":false,"_monsterinsights_sitenote_note":"","_monsterinsights_sitenote_category":0},"product_brand":[],"product_cat":[15350],"product_tag":[],"class_list":{"0":"post-747633","1":"product","2":"type-product","3":"status-publish","5":"product_cat-hukuk","6":"pa_cilt-ciltsiz","7":"pa_tur-kitap","8":"pa_yayinevi-zoe-kitap","9":"pa_yazar-kolektif","11":"first","12":"instock","13":"sale","14":"shipping-taxable","15":"purchasable","16":"product-type-simple"},"_links":{"self":[{"href":"https:\/\/roveyayinevi.com.tr\/index.php\/wp-json\/wp\/v2\/product\/747633","targetHints":{"allow":["GET"]}}],"collection":[{"href":"https:\/\/roveyayinevi.com.tr\/index.php\/wp-json\/wp\/v2\/product"}],"about":[{"href":"https:\/\/roveyayinevi.com.tr\/index.php\/wp-json\/wp\/v2\/types\/product"}],"wp:attachment":[{"href":"https:\/\/roveyayinevi.com.tr\/index.php\/wp-json\/wp\/v2\/media?parent=747633"}],"wp:term":[{"taxonomy":"product_brand","embeddable":true,"href":"https:\/\/roveyayinevi.com.tr\/index.php\/wp-json\/wp\/v2\/product_brand?post=747633"},{"taxonomy":"product_cat","embeddable":true,"href":"https:\/\/roveyayinevi.com.tr\/index.php\/wp-json\/wp\/v2\/product_cat?post=747633"},{"taxonomy":"product_tag","embeddable":true,"href":"https:\/\/roveyayinevi.com.tr\/index.php\/wp-json\/wp\/v2\/product_tag?post=747633"}],"curies":[{"name":"wp","href":"https:\/\/api.w.org\/{rel}","templated":true}]}}