{"id":747631,"date":"2025-08-28T03:11:17","date_gmt":"2025-08-28T00:11:17","guid":{"rendered":"https:\/\/roveyayinevi.com.tr\/index.php\/urun\/birikim-sayi-406-407-subat-mart-2023\/"},"modified":"2026-04-16T03:00:27","modified_gmt":"2026-04-16T00:00:27","slug":"birikim-sayi-406-407-subat-mart-2023","status":"publish","type":"product","link":"https:\/\/roveyayinevi.com.tr\/index.php\/urun\/birikim-sayi-406-407-subat-mart-2023\/","title":{"rendered":"Birikim Say\u0131: 406-407 \u015eubat-Mart 2023"},"content":{"rendered":"<p>Ge\u00e7en ay\u0131n birikimi 3 \u00d6MER LA\u00c7\u0130NER MHP\u2019nin istisna hali Se\u00e7ime giderken &#8211; Hasar ne? Nas\u0131l iyile\u015fir? 6 TANIL BORA Sunu\u015f: Kurucu bir onar\u0131m i\u00e7in hasar tespiti 7 \u00d6MER LA\u00c7\u0130NER Ger\u00e7ek bir \u201cge\u00e7i\u015f\u201d i\u00e7in 12 AHMET \u0130NSEL Duygusal vebay\u0131 bast\u0131rmadan demokrasiye ge\u00e7i\u015f m\u00fcmk\u00fcn m\u00fc? 17 TANIL BORA &#8211; N\u0130LG\u00dcN TOKER Kavramsal bir tart\u0131\u015fma: Restorasyon, onar\u0131m, iyile\u015fme, kurucu siyaset&#8230; 22 OLGA SEL\u0130N H\u00dcNLER \u0130yile\u015fmenin imk\u00e2nlar\u0131 \u00fczerine 28 EMRE ERDO\u011eAN Muhalefetin Yeni T\u00fcrkiye vizyonunun \u015fifreleri&#8230;: Restorasyon, reset, reform ve rehabilitasyon 34 MENDERES \u00c7INAR Yeniden demokrasi i\u00e7in yeni demokrasi 39 MURAT SEV\u0130N\u00c7 Anayasay\u0131 \u201csu\u00e7luluk aynas\u0131nda kendi hayalimizi geriye itmeden\u201d konu\u015fabilmek 49 DEMAN G\u00dcLER &#8211; \u00d6ZKAN Y\u00dcCEL AKP\u2019den sonra: Hukuk devletinin in\u015fas\u0131 57 ER\u0130N\u00c7 YELDAN Ekonomide ge\u00e7i\u015f d\u00f6nemini ve \u00f6tesini tasarlamak 67 NURHAN YENT\u00dcRKVergi adaleti, yoksullukla ve iklim kriziyle m\u00fccadele i\u00e7in kaynak var m\u0131?: B\u00fct\u00e7eyi konu\u015fmaya ba\u015flamak 77 SEYFETT\u0130N G\u00dcRSEL T\u00fcrkiye\u2019nin i\u015fsizlikle imtihan\u0131 83 MERYEM KORAY Teknoloji politikalar\u0131 &#8211; De\u011finmeler 87 SUAV\u0130 AYDIN Demokratik hukuk devletinde ordu nas\u0131l olmal\u0131? 95 TOLGA \u015eARDAN Polis te\u015fkilat\u0131n\u0131n yap\u0131sal sorunlar\u0131 ve \u00e7\u00f6z\u00fcm \u00f6nerileri: Emniyeti emniyete almak 103 SEV\u0130LAY \u00c7ELENK 20 y\u0131ll\u0131k hasar ve onar\u0131m imk\u00e2n\u0131: Medya AKP i\u00e7in suyun ba\u015f\u0131 demekti ve derhal tutulmal\u0131yd\u0131 121 F\u0130KRET ADAMAN &#8211; DUYGU AVCI &#8211; G\u00d6K\u00c7E YEN\u0130EV T\u00fcrkiye\u2019de tar\u0131m\u0131n d\u00f6n\u00fc\u015f\u00fcm\u00fc: Nesnel ko\u015fullardan somut \u00fctopyalara 128 U\u011eUR TANYEL\u0130 Yak\u0131n gelecekte T\u00fcrkiye\u2019de kent ve mimarl\u0131k i\u00e7in bir vizyon ne kadar m\u00fcmk\u00fcn? 132 S\u0130NAN ERENS\u00dc Ge\u00e7i\u015fin mek\u00e2nsal hali: Yarat\u0131c\u0131 y\u0131k\u0131mdan yarat\u0131c\u0131 onar\u0131ma 136 ULA\u015e BAYRAKTAR Cumhuriyet\u2019in ikinci asr\u0131nda ba\u015fka bir belediyecilik i\u00e7in 141 KAYIHAN PALA Sa\u011fl\u0131k sistemi: Ne yapmal\u0131? 152 ASLI ODMAN Arzu ve eylem aras\u0131nda amel k\u00f6pr\u00fcs\u00fc: EmEkoloji m\u00fccadeleleri 164 I\u015eIL KURNAZ \u0130lknur \u00dcst\u00fcn\u2019le kad\u0131n hareketi \u00fcst\u00fcne s\u00f6yle\u015fi: \u201cKad\u0131n hareketi i\u00e7in \u2018direnme \u00e7a\u011f\u0131\u2019..!\u201d 173 FIRAT BOZ\u00c7ALI K\u00fcrt meselesi &#8211; Ne oldu? Ne olabilir? 181 OSMAN \u0130\u015e\u00c7\u0130 Krizlerden \u00e7\u0131k\u0131\u015f\u0131n anahtar\u0131: \u0130nsan haklar\u0131 188 SAM\u0130 SEL\u00c7UK D\u00fc\u015f\u00fcnce \u00f6zg\u00fcrl\u00fc\u011f\u00fcnden do\u011fruyu s\u00f6yleme \u00f6devine 194 EMEL ATAKT\u00dcRK SEV\u0130ML\u0130 Adalet i\u00e7in haf\u0131za 201 NURAY MERT Din-siyaset ili\u015fkisinin gelece\u011fi: Demokratik laiklik 206 MEHMET ERTAN Talepler ve \u00f6neriler: T\u00fcrkiye\u2019de Alevi sorunu 217 SERDAR TEK\u0130N \u00dcniversiteyi ne yapmal\u0131? 224 KENAN \u00c7AYIR Zor zamanlarda e\u011fitim &#8211; \u201cBeklim&#8230; \u00c7\u0131dam&#8230; \u015eekibe&#8230;\u201d 231 EZG\u0130 KOMAN Yirmi y\u0131l\u0131n bedeli: \u00c7ocuklar\u0131n pay\u0131na d\u00fc\u015fen tahribat 243 AYDIN SELCEN Yeni bir d\u0131\u015f politika anlay\u0131\u015f\u0131 i\u00e7in notlar 251 OSMAN KOCAAGA Cumhurba\u015fkanl\u0131\u011f\u0131 adayl\u0131\u011f\u0131 tart\u0131\u015fmalar\u0131 ve siyasal partiler rejimi 262 EK\u0130M ACUN S\u00f6ylemezsek olur mu?<\/p>\n","protected":false},"excerpt":{"rendered":"<p>Ge\u00e7en ay\u0131n birikimi 3 \u00d6MER LA\u00c7\u0130NER MHP\u2019nin istisna hali Se\u00e7ime giderken &#8211; Hasar ne? Nas\u0131l iyile\u015fir? 6 TANIL BORA Sunu\u015f: Kurucu bir onar\u0131m i\u00e7in hasar tespiti<span class=\"excerpt-hellip\"> [\u2026]<\/span><\/p>\n","protected":false},"featured_media":0,"template":"","meta":{"_monsterinsights_skip_tracking":false,"_monsterinsights_sitenote_active":false,"_monsterinsights_sitenote_note":"","_monsterinsights_sitenote_category":0},"product_brand":[],"product_cat":[13527],"product_tag":[],"class_list":{"0":"post-747631","1":"product","2":"type-product","3":"status-publish","5":"product_cat-sureli-yayinlar","6":"pa_cilt-ciltsiz","7":"pa_tur-dergi","8":"pa_yayinevi-iletisim-yayinlari","9":"pa_yazar-kolektif","11":"first","12":"instock","13":"sale","14":"shipping-taxable","15":"purchasable","16":"product-type-simple"},"_links":{"self":[{"href":"https:\/\/roveyayinevi.com.tr\/index.php\/wp-json\/wp\/v2\/product\/747631","targetHints":{"allow":["GET"]}}],"collection":[{"href":"https:\/\/roveyayinevi.com.tr\/index.php\/wp-json\/wp\/v2\/product"}],"about":[{"href":"https:\/\/roveyayinevi.com.tr\/index.php\/wp-json\/wp\/v2\/types\/product"}],"wp:attachment":[{"href":"https:\/\/roveyayinevi.com.tr\/index.php\/wp-json\/wp\/v2\/media?parent=747631"}],"wp:term":[{"taxonomy":"product_brand","embeddable":true,"href":"https:\/\/roveyayinevi.com.tr\/index.php\/wp-json\/wp\/v2\/product_brand?post=747631"},{"taxonomy":"product_cat","embeddable":true,"href":"https:\/\/roveyayinevi.com.tr\/index.php\/wp-json\/wp\/v2\/product_cat?post=747631"},{"taxonomy":"product_tag","embeddable":true,"href":"https:\/\/roveyayinevi.com.tr\/index.php\/wp-json\/wp\/v2\/product_tag?post=747631"}],"curies":[{"name":"wp","href":"https:\/\/api.w.org\/{rel}","templated":true}]}}