{"id":747627,"date":"2025-08-28T03:11:04","date_gmt":"2025-08-28T00:11:04","guid":{"rendered":"https:\/\/roveyayinevi.com.tr\/index.php\/urun\/super-dunya-noahyi-kurtarmak\/"},"modified":"2026-04-16T03:00:26","modified_gmt":"2026-04-16T00:00:26","slug":"super-dunya-noahyi-kurtarmak","status":"publish","type":"product","link":"https:\/\/roveyayinevi.com.tr\/index.php\/urun\/super-dunya-noahyi-kurtarmak\/","title":{"rendered":"S\u00fcper D\u00fcnya: Noah\u2019y\u0131 Kurtarmak"},"content":{"rendered":"<p>\u0130nan\u0131lmaz Aile, \u00c7\u0131lg\u0131n H\u0131rs\u0131z ve Grinch\u2019in yarat\u0131c\u0131s\u0131ndan s\u00fcper bir kitap!Herkesin ola\u011fan\u00fcst\u00fc s\u00fcper g\u00fc\u00e7lere sahip oldu\u011fu bir d\u00fcnyada, d\u00fcnyay\u0131 kurtarmak i\u00e7in tamamen normal bir \u00e7ocuk gerekiyor. Bu yeni seri, her sayfada muhte\u015fem siyah beyaz resimlerle dolu olan bu kitap; sinematik, gi\u015fe rekorlar\u0131 k\u0131ran bir animasyon izliyormu\u015fsunuz hissiyle kal\u0131plar\u0131 y\u0131k\u0131yor.12 ya\u015f\u0131ndaki her \u00e7ocuk bazen d\u00fcnyaya uyum sa\u011flayamad\u0131\u011f\u0131n\u0131 d\u00fc\u015f\u00fcn\u00fcr ama Noah bunu tamamen yeni bir d\u00fczeye ta\u015f\u0131yor. Yedinci do\u011fum g\u00fcn\u00fcnde d\u00fcnyaya bir meteor d\u00fc\u015ft\u00fc\u011f\u00fcnde, t\u00fcm gezegendekiler s\u00fcper g\u00fc\u00e7lere sahip oldu&#8230; Noah hari\u00e7.Do\u011fum g\u00fcn\u00fc i\u00e7in babas\u0131yla beraber tasarlad\u0131\u011f\u0131 al\u00fcminyum folyo s\u00fcper kahraman kost\u00fcm\u00fc sayesinde, Noah&#8217;n\u0131n g\u00fc\u00e7leri k\u00fc\u00e7\u00fck k\u0131z karde\u015fine yans\u0131d\u0131. Kelimenin tam anlam\u0131yla S\u00fcper D\u00fcnya\u2019daki tek normal insan o! U\u00e7amaz. Y\u00fcksek binalara t\u0131rmanamaz. Kendi kendini iyile\u015ftiremez. Bir binay\u0131 yerinden s\u00f6kemez. Ellerinden \u0131\u015f\u0131n \u00e7\u0131karamaz. (Ve tabii ki k\u00fc\u00e7\u00fck k\u0131z karde\u015finin \u00e7ifte g\u00fcc\u00fc var.) Ve yine de&#8230; kasabadaki en b\u00fcy\u00fck, en k\u00f6t\u00fc k\u00f6t\u00fc adam S\u00fcper D\u00fcnya&#8217;y\u0131 sonsuza kadar ele ge\u00e7irme planlar\u0131 yapt\u0131\u011f\u0131nda, d\u00fcnyay\u0131 kurtarabilecek olanlar s\u0131radan bir insan olan Noah ve a\u015f\u0131r\u0131 g\u00fc\u00e7l\u00fc en iyi arkada\u015flar\u0131d\u0131r.<\/p>\n","protected":false},"excerpt":{"rendered":"<p>\u0130nan\u0131lmaz Aile, \u00c7\u0131lg\u0131n H\u0131rs\u0131z ve Grinch\u2019in yarat\u0131c\u0131s\u0131ndan s\u00fcper bir kitap!Herkesin ola\u011fan\u00fcst\u00fc s\u00fcper g\u00fc\u00e7lere sahip oldu\u011fu bir d\u00fcnyada, d\u00fcnyay\u0131 kurtarmak i\u00e7in tamamen normal bir \u00e7ocuk gerekiyor. Bu<span class=\"excerpt-hellip\"> [\u2026]<\/span><\/p>\n","protected":false},"featured_media":0,"template":"","meta":{"_monsterinsights_skip_tracking":false,"_monsterinsights_sitenote_active":false,"_monsterinsights_sitenote_note":"","_monsterinsights_sitenote_category":0},"product_brand":[],"product_cat":[12689,12274],"product_tag":[],"class_list":{"0":"post-747627","1":"product","2":"type-product","3":"status-publish","5":"product_cat-cizgi-roman-cocuk-ve-genclik-kitaplari","6":"product_cat-cocuk-ve-genclik-kitaplari","7":"pa_cilt-ciltsiz","8":"pa_tur-kitap","9":"pa_yayinevi-parola-yayinlari","10":"pa_yazar-yarrow-carrie-cheney","12":"first","13":"instock","14":"sale","15":"shipping-taxable","16":"purchasable","17":"product-type-simple"},"_links":{"self":[{"href":"https:\/\/roveyayinevi.com.tr\/index.php\/wp-json\/wp\/v2\/product\/747627","targetHints":{"allow":["GET"]}}],"collection":[{"href":"https:\/\/roveyayinevi.com.tr\/index.php\/wp-json\/wp\/v2\/product"}],"about":[{"href":"https:\/\/roveyayinevi.com.tr\/index.php\/wp-json\/wp\/v2\/types\/product"}],"wp:attachment":[{"href":"https:\/\/roveyayinevi.com.tr\/index.php\/wp-json\/wp\/v2\/media?parent=747627"}],"wp:term":[{"taxonomy":"product_brand","embeddable":true,"href":"https:\/\/roveyayinevi.com.tr\/index.php\/wp-json\/wp\/v2\/product_brand?post=747627"},{"taxonomy":"product_cat","embeddable":true,"href":"https:\/\/roveyayinevi.com.tr\/index.php\/wp-json\/wp\/v2\/product_cat?post=747627"},{"taxonomy":"product_tag","embeddable":true,"href":"https:\/\/roveyayinevi.com.tr\/index.php\/wp-json\/wp\/v2\/product_tag?post=747627"}],"curies":[{"name":"wp","href":"https:\/\/api.w.org\/{rel}","templated":true}]}}