{"id":747626,"date":"2025-08-28T03:11:03","date_gmt":"2025-08-28T00:11:03","guid":{"rendered":"https:\/\/roveyayinevi.com.tr\/index.php\/urun\/efendimizi-sav-ne-kadar-seviyoruz\/"},"modified":"2026-04-16T03:00:26","modified_gmt":"2026-04-16T00:00:26","slug":"efendimizi-sav-ne-kadar-seviyoruz","status":"publish","type":"product","link":"https:\/\/roveyayinevi.com.tr\/index.php\/urun\/efendimizi-sav-ne-kadar-seviyoruz\/","title":{"rendered":"Efendimizi (sav) Ne Kadar Seviyoruz?"},"content":{"rendered":"<p>Sevginin bir terazisi yok. Tart\u0131l\u0131p \u00f6l\u00e7\u00fclemez. Kimse kimsenin kalbini bilemez. Hi\u00e7 ummad\u0131\u011f\u0131m\u0131z birinin y\u00fcre\u011fi muhabbetle \u00e7arpar da biz duymay\u0131z. O halde bize d\u00fc\u015fen; \u00f6nyarg\u0131lardan, pe\u015fin kararlardan, k\u00f6t\u00fc zanlardan ar\u0131nm\u0131\u015f bir bi\u00e7imde nefsimizi hesaba \u00e7ekmek ve sevgimizin derecesini \u00f6l\u00e7mek.   Gelin hep birlikte uzun bir yolculu\u011fa \u00e7\u0131kal\u0131m.. Rabbimizle  konu\u015fup ayetlerini okuyal\u0131m.. Efendimizle sohbet edip hadislerini okuyal\u0131m.. Sevgimizde ve ba\u011fl\u0131l\u0131\u011f\u0131m\u0131zda ne kadar samimi oldu\u011fumuzu irdeleyelim.. Buyrun\u2026 <\/p>\n","protected":false},"excerpt":{"rendered":"<p>Sevginin bir terazisi yok. Tart\u0131l\u0131p \u00f6l\u00e7\u00fclemez. Kimse kimsenin kalbini bilemez. Hi\u00e7 ummad\u0131\u011f\u0131m\u0131z birinin y\u00fcre\u011fi muhabbetle \u00e7arpar da biz duymay\u0131z. O halde bize d\u00fc\u015fen; \u00f6nyarg\u0131lardan, pe\u015fin kararlardan,<span class=\"excerpt-hellip\"> [\u2026]<\/span><\/p>\n","protected":false},"featured_media":0,"template":"","meta":{"_monsterinsights_skip_tracking":false,"_monsterinsights_sitenote_active":false,"_monsterinsights_sitenote_note":"","_monsterinsights_sitenote_category":0},"product_brand":[],"product_cat":[12718,12719],"product_tag":[],"class_list":{"0":"post-747626","1":"product","2":"type-product","3":"status-publish","5":"product_cat-din","6":"product_cat-islam","7":"pa_cilt-ciltsiz","8":"pa_tur-kitap","9":"pa_yayinevi-gulnar-yayinlari","10":"pa_yazar-metin-kizilok","12":"first","13":"instock","14":"sale","15":"shipping-taxable","16":"purchasable","17":"product-type-simple"},"_links":{"self":[{"href":"https:\/\/roveyayinevi.com.tr\/index.php\/wp-json\/wp\/v2\/product\/747626","targetHints":{"allow":["GET"]}}],"collection":[{"href":"https:\/\/roveyayinevi.com.tr\/index.php\/wp-json\/wp\/v2\/product"}],"about":[{"href":"https:\/\/roveyayinevi.com.tr\/index.php\/wp-json\/wp\/v2\/types\/product"}],"wp:attachment":[{"href":"https:\/\/roveyayinevi.com.tr\/index.php\/wp-json\/wp\/v2\/media?parent=747626"}],"wp:term":[{"taxonomy":"product_brand","embeddable":true,"href":"https:\/\/roveyayinevi.com.tr\/index.php\/wp-json\/wp\/v2\/product_brand?post=747626"},{"taxonomy":"product_cat","embeddable":true,"href":"https:\/\/roveyayinevi.com.tr\/index.php\/wp-json\/wp\/v2\/product_cat?post=747626"},{"taxonomy":"product_tag","embeddable":true,"href":"https:\/\/roveyayinevi.com.tr\/index.php\/wp-json\/wp\/v2\/product_tag?post=747626"}],"curies":[{"name":"wp","href":"https:\/\/api.w.org\/{rel}","templated":true}]}}