{"id":747622,"date":"2025-08-28T03:10:57","date_gmt":"2025-08-28T00:10:57","guid":{"rendered":"https:\/\/roveyayinevi.com.tr\/index.php\/urun\/bill-gates-cocuk-dahilerden-buyuk-dehalara\/"},"modified":"2026-04-16T03:00:26","modified_gmt":"2026-04-16T00:00:26","slug":"bill-gates-cocuk-dahilerden-buyuk-dehalara","status":"publish","type":"product","link":"https:\/\/roveyayinevi.com.tr\/index.php\/urun\/bill-gates-cocuk-dahilerden-buyuk-dehalara\/","title":{"rendered":"Bill Gates &#8211; \u00c7ocuk Dahilerden B\u00fcy\u00fck Dehalara"},"content":{"rendered":"<p>Bill Gates: \u201c\u00d6nemli olan insan olarak d\u00fcnyaya ve insanl\u0131\u011fa faydal\u0131 i\u015fler yaparak sorumluluk sahibi olmak. Ben sonuna kadar \u00e7al\u0131\u015fmaya var\u0131m. Siz de var m\u0131s\u0131n\u0131z? Cevab\u0131n\u0131z evet ise \u00e7ok fazla kitap okuyun, bilime ve ara\u015ft\u0131rmaya inan\u0131n, hayallerinizin pe\u015finde ko\u015fun ve asla pes etmeyin!\u201d Sevgili \u00e7ocuklar\u2026 Hepiniz birer d\u00e2hisiniz asl\u0131nda, yeter ki i\u00e7inizdeki dehay\u0131 ortaya \u00e7\u0131kart\u0131n, ayn\u0131 Mozart gibi\u2026<\/p>\n","protected":false},"excerpt":{"rendered":"<p>Bill Gates: \u201c\u00d6nemli olan insan olarak d\u00fcnyaya ve insanl\u0131\u011fa faydal\u0131 i\u015fler yaparak sorumluluk sahibi olmak. Ben sonuna kadar \u00e7al\u0131\u015fmaya var\u0131m. Siz de var m\u0131s\u0131n\u0131z? Cevab\u0131n\u0131z evet<span class=\"excerpt-hellip\"> [\u2026]<\/span><\/p>\n","protected":false},"featured_media":0,"template":"","meta":{"_monsterinsights_skip_tracking":false,"_monsterinsights_sitenote_active":false,"_monsterinsights_sitenote_note":"","_monsterinsights_sitenote_category":0},"product_brand":[],"product_cat":[12274,12631],"product_tag":[],"class_list":{"0":"post-747622","1":"product","2":"type-product","3":"status-publish","5":"product_cat-cocuk-ve-genclik-kitaplari","6":"product_cat-diger-cocuk-ve-genclik-kitaplari","7":"pa_cilt-ciltsiz","8":"pa_tur-kitap","9":"pa_yayinevi-parola-yayinlari","10":"pa_yazar-murat-cavga","12":"first","13":"instock","14":"sale","15":"shipping-taxable","16":"purchasable","17":"product-type-simple"},"_links":{"self":[{"href":"https:\/\/roveyayinevi.com.tr\/index.php\/wp-json\/wp\/v2\/product\/747622","targetHints":{"allow":["GET"]}}],"collection":[{"href":"https:\/\/roveyayinevi.com.tr\/index.php\/wp-json\/wp\/v2\/product"}],"about":[{"href":"https:\/\/roveyayinevi.com.tr\/index.php\/wp-json\/wp\/v2\/types\/product"}],"wp:attachment":[{"href":"https:\/\/roveyayinevi.com.tr\/index.php\/wp-json\/wp\/v2\/media?parent=747622"}],"wp:term":[{"taxonomy":"product_brand","embeddable":true,"href":"https:\/\/roveyayinevi.com.tr\/index.php\/wp-json\/wp\/v2\/product_brand?post=747622"},{"taxonomy":"product_cat","embeddable":true,"href":"https:\/\/roveyayinevi.com.tr\/index.php\/wp-json\/wp\/v2\/product_cat?post=747622"},{"taxonomy":"product_tag","embeddable":true,"href":"https:\/\/roveyayinevi.com.tr\/index.php\/wp-json\/wp\/v2\/product_tag?post=747622"}],"curies":[{"name":"wp","href":"https:\/\/api.w.org\/{rel}","templated":true}]}}