{"id":747620,"date":"2025-08-28T03:10:54","date_gmt":"2025-08-28T00:10:54","guid":{"rendered":"https:\/\/roveyayinevi.com.tr\/index.php\/urun\/her-cocuk-ozeldir\/"},"modified":"2026-04-16T03:00:26","modified_gmt":"2026-04-16T00:00:26","slug":"her-cocuk-ozeldir","status":"publish","type":"product","link":"https:\/\/roveyayinevi.com.tr\/index.php\/urun\/her-cocuk-ozeldir\/","title":{"rendered":"Her \u00c7ocuk \u00d6zeldir"},"content":{"rendered":"<p>Anne ve baban\u0131n d\u00fcnyada sahip olabilece\u011fi en de\u011ferli varl\u0131\u011f\u0131 \u00e7ocuklar\u0131d\u0131r. T\u00fcm ebeveynlerin \u00e7abas\u0131, ilgisi ve merak\u0131 \u00e7ocuklar\u0131n\u0131 en iyi \u015fekilde yeti\u015ftirebilmektir. \u00c7ocukluk demek, ayn\u0131 zamanda \u015fekillenme \u00e7a\u011f\u0131 demektir.\u00c7ocuk, ileride neredeyse kemikle\u015fecek ve de\u011fi\u015fmesi pek de kolay olmayacak karakterini, al\u0131\u015fkanl\u0131klar\u0131n\u0131, davran\u0131\u015f kal\u0131plar\u0131n\u0131 kimlerden almaktad\u0131r ve ona en \u00e7ok kimler etki etmektedir? \u0130\u015fte kendine g\u00fcvenen, de\u011ferleri ve ya\u015fama ait hedefleri olan, uyumlu, mutlu, ya\u015fam ba\u015far\u0131s\u0131 olan etkin bireyler yeti\u015ftirmek en temel motivasyon kayna\u011f\u0131 olmal\u0131d\u0131r.Elinizdeki kitap, sizin bu konudaki motivasyonunuzu artt\u0131rmak, desteklemek, bilgilerinize yenisini ekleyebilmek ve d\u00fcnya miras\u0131n\u0131 o g\u00fczel \u00e7ocuklara g\u00f6n\u00fcl rahatl\u0131\u011f\u0131yla devretme \u00e7aban\u0131za bir katk\u0131 sunmak amac\u0131yla yaz\u0131ld\u0131. Biz b\u00fcy\u00fcklerin misyonuna katma de\u011fer sunmak amac\u0131yla sizlerle bulu\u015ftu. T\u00fcm haz\u0131rl\u0131k, emek ve \u00e7abalar\u0131n\u0131z\u0131n yerine ula\u015fmas\u0131, ba\u015far\u0131l\u0131 bir ebeveyn olman\u0131za katk\u0131 sunmak ve en g\u00fczel g\u00fcnleri onlara iletmek dilekleriyle\u2026<\/p>\n","protected":false},"excerpt":{"rendered":"<p>Anne ve baban\u0131n d\u00fcnyada sahip olabilece\u011fi en de\u011ferli varl\u0131\u011f\u0131 \u00e7ocuklar\u0131d\u0131r. T\u00fcm ebeveynlerin \u00e7abas\u0131, ilgisi ve merak\u0131 \u00e7ocuklar\u0131n\u0131 en iyi \u015fekilde yeti\u015ftirebilmektir. \u00c7ocukluk demek, ayn\u0131 zamanda \u015fekillenme<span class=\"excerpt-hellip\"> [\u2026]<\/span><\/p>\n","protected":false},"featured_media":0,"template":"","meta":{"_monsterinsights_skip_tracking":false,"_monsterinsights_sitenote_active":false,"_monsterinsights_sitenote_note":"","_monsterinsights_sitenote_category":0},"product_brand":[],"product_cat":[26509,13365],"product_tag":[],"class_list":{"0":"post-747620","1":"product","2":"type-product","3":"status-publish","5":"product_cat-cocuk-gelisimi","6":"product_cat-saglik","7":"pa_cilt-ciltsiz","8":"pa_tur-kitap","9":"pa_yayinevi-parola-yayinlari","10":"pa_yazar-mehmet-murat-dogusgen","12":"first","13":"instock","14":"sale","15":"shipping-taxable","16":"purchasable","17":"product-type-simple"},"_links":{"self":[{"href":"https:\/\/roveyayinevi.com.tr\/index.php\/wp-json\/wp\/v2\/product\/747620","targetHints":{"allow":["GET"]}}],"collection":[{"href":"https:\/\/roveyayinevi.com.tr\/index.php\/wp-json\/wp\/v2\/product"}],"about":[{"href":"https:\/\/roveyayinevi.com.tr\/index.php\/wp-json\/wp\/v2\/types\/product"}],"wp:attachment":[{"href":"https:\/\/roveyayinevi.com.tr\/index.php\/wp-json\/wp\/v2\/media?parent=747620"}],"wp:term":[{"taxonomy":"product_brand","embeddable":true,"href":"https:\/\/roveyayinevi.com.tr\/index.php\/wp-json\/wp\/v2\/product_brand?post=747620"},{"taxonomy":"product_cat","embeddable":true,"href":"https:\/\/roveyayinevi.com.tr\/index.php\/wp-json\/wp\/v2\/product_cat?post=747620"},{"taxonomy":"product_tag","embeddable":true,"href":"https:\/\/roveyayinevi.com.tr\/index.php\/wp-json\/wp\/v2\/product_tag?post=747620"}],"curies":[{"name":"wp","href":"https:\/\/api.w.org\/{rel}","templated":true}]}}