{"id":747619,"date":"2025-08-28T03:10:53","date_gmt":"2025-08-28T00:10:53","guid":{"rendered":"https:\/\/roveyayinevi.com.tr\/index.php\/urun\/yeni-ve-eski-savaslar\/"},"modified":"2026-04-16T03:00:26","modified_gmt":"2026-04-16T00:00:26","slug":"yeni-ve-eski-savaslar","status":"publish","type":"product","link":"https:\/\/roveyayinevi.com.tr\/index.php\/urun\/yeni-ve-eski-savaslar\/","title":{"rendered":"Yeni ve Eski Sava\u015flar"},"content":{"rendered":"<p>Sava\u015f asla de\u011fi\u015fmiyor. \u0130nsanlar \u00f6teden beri birbirleriyle \u00e7at\u0131\u015f\u0131yor. Toprak i\u00e7in, namus i\u00e7in, Tanr\u0131 i\u00e7in, iktidar i\u00e7in, hatta sadece macera i\u00e7in bile birbirlerine k\u0131y\u0131yor. Yerlerinden, yurtlar\u0131ndan oluyor, sevdiklerini ve hayatlar\u0131n\u0131 sava\u015fta kaybediyorlar. Kimi d\u00fc\u015f\u00fcn\u00fcrler son iki y\u00fczy\u0131lda ulus devletlerinin palazlanmas\u0131yla ortaya \u00e7\u0131karak d\u00fcnyay\u0131 ate\u015fe atm\u0131\u015f, hatta So\u011fuk Sava\u015f d\u00f6neminde doru\u011fa \u00e7\u0131karak d\u00fcnyay\u0131 topyek\u00fbn y\u0131k\u0131m\u0131n e\u015fi\u011fine getirmi\u015f devletleraras\u0131 sava\u015flar\u0131n azalmas\u0131n\u0131 insanl\u0131\u011f\u0131n olgunla\u015fmas\u0131na, ilerlemesine yoruyor. Oysa sava\u015flar de\u011fi\u015fiyor. D\u00fcnyada meydana gelen de\u011fi\u015fimlere ayak uydurarak yeni bir \u00e7ehreye b\u00fcr\u00fcn\u00fcyor, evriliyor. Mary Kaldor\u2019un modern klasikler aras\u0131na girmi\u015f bu \u00e7\u0131\u011f\u0131r a\u00e7\u0131c\u0131 \u00e7al\u0131\u015fmas\u0131, sava\u015fa ili\u015fkin kemikle\u015fmi\u015f resm\u00ee varsay\u0131mlara ve alg\u0131lara meydan okuyor. Bosna-Hersek, Somali, Irak ve Afganistan\u2019da ya\u015fanan dramlarda farkl\u0131 y\u00fczlerini g\u00f6steren yeni sava\u015flar\u0131n, devletlerden, devletd\u0131\u015f\u0131 \u00f6rg\u00fctlerden, su\u00e7 \u00e7etelerinden, yerel f\u0131rsat\u00e7\u0131lardan ve sava\u015fbeylerinden m\u00fcte\u015fekkil, karma\u015f\u0131k ve \u00f6l\u00fcmc\u00fcl bir a\u011f olu\u015fturdu\u011funu ortaya koyuyor. Bu \u00f6l\u00fcmc\u00fcl a\u011f\u0131n ortas\u0131nda ya\u015fam m\u00fccadelesi veren sivillerin maruz kald\u0131\u011f\u0131 insan haklar\u0131 ihlallerinin, ter\u00f6r\u00fcn, zihinlere ekilmeye \u00e7al\u0131\u015f\u0131lan korku ve nefret tohumlar\u0131n\u0131n, tecav\u00fczlerin ve katliamlar\u0131n, sava\u015f\u0131n yan etkileri olmad\u0131\u011f\u0131n\u0131, yeni sava\u015flar\u0131n ac\u0131mas\u0131z mant\u0131\u011f\u0131n\u0131n bir par\u00e7as\u0131 oldu\u011funu g\u00f6steriyor. Eski sava\u015f anlay\u0131\u015f\u0131 etraf\u0131nda yap\u0131lanm\u0131\u015f NATO, BM, AB gibi ulusa\u015f\u0131r\u0131 \u00f6rg\u00fctlerin bu gibi vakalarda neden etkisiz veya yetersiz kald\u0131klar\u0131na bir a\u00e7\u0131klama da getiriyor. Sava\u015f\u0131 kuramla\u015ft\u0131r\u0131rken, k\u00fcreselle\u015fen d\u00fcnyada bar\u0131\u015f umudunu canl\u0131 tutacak bir kozmopolit siyasetin tasla\u011f\u0131n\u0131 ve gerek\u00e7elendirmesini de sunuyor. <\/p>\n","protected":false},"excerpt":{"rendered":"<p>Sava\u015f asla de\u011fi\u015fmiyor. \u0130nsanlar \u00f6teden beri birbirleriyle \u00e7at\u0131\u015f\u0131yor. Toprak i\u00e7in, namus i\u00e7in, Tanr\u0131 i\u00e7in, iktidar i\u00e7in, hatta sadece macera i\u00e7in bile birbirlerine k\u0131y\u0131yor. Yerlerinden, yurtlar\u0131ndan oluyor,<span class=\"excerpt-hellip\"> [\u2026]<\/span><\/p>\n","protected":false},"featured_media":0,"template":"","meta":{"_monsterinsights_skip_tracking":false,"_monsterinsights_sitenote_active":false,"_monsterinsights_sitenote_note":"","_monsterinsights_sitenote_category":0},"product_brand":[],"product_cat":[12337,17225],"product_tag":[],"class_list":{"0":"post-747619","1":"product","2":"type-product","3":"status-publish","5":"product_cat-politika-siyaset","6":"product_cat-uluslararasi-iliskiler","7":"pa_cilt-ciltsiz","8":"pa_tur-kitap","9":"pa_yayinevi-fol-kitap","10":"pa_yazar-mary-kaldor","12":"first","13":"instock","14":"sale","15":"shipping-taxable","16":"purchasable","17":"product-type-simple"},"_links":{"self":[{"href":"https:\/\/roveyayinevi.com.tr\/index.php\/wp-json\/wp\/v2\/product\/747619","targetHints":{"allow":["GET"]}}],"collection":[{"href":"https:\/\/roveyayinevi.com.tr\/index.php\/wp-json\/wp\/v2\/product"}],"about":[{"href":"https:\/\/roveyayinevi.com.tr\/index.php\/wp-json\/wp\/v2\/types\/product"}],"wp:attachment":[{"href":"https:\/\/roveyayinevi.com.tr\/index.php\/wp-json\/wp\/v2\/media?parent=747619"}],"wp:term":[{"taxonomy":"product_brand","embeddable":true,"href":"https:\/\/roveyayinevi.com.tr\/index.php\/wp-json\/wp\/v2\/product_brand?post=747619"},{"taxonomy":"product_cat","embeddable":true,"href":"https:\/\/roveyayinevi.com.tr\/index.php\/wp-json\/wp\/v2\/product_cat?post=747619"},{"taxonomy":"product_tag","embeddable":true,"href":"https:\/\/roveyayinevi.com.tr\/index.php\/wp-json\/wp\/v2\/product_tag?post=747619"}],"curies":[{"name":"wp","href":"https:\/\/api.w.org\/{rel}","templated":true}]}}