{"id":747618,"date":"2025-08-28T03:10:51","date_gmt":"2025-08-28T00:10:51","guid":{"rendered":"https:\/\/roveyayinevi.com.tr\/index.php\/urun\/kara-duvak\/"},"modified":"2026-04-16T03:00:26","modified_gmt":"2026-04-16T00:00:26","slug":"kara-duvak","status":"publish","type":"product","link":"https:\/\/roveyayinevi.com.tr\/index.php\/urun\/kara-duvak\/","title":{"rendered":"Kara Duvak"},"content":{"rendered":"<p>\u00d6zg\u00fcrl\u00fc\u011f\u00fc iliklerine kadar hissetti\u011fi bir anda esaretine do\u011fru ad\u0131m att\u0131\u011f\u0131n\u0131n fark\u0131nda de\u011fildi.Y\u0131llar sonra d\u00f6nd\u00fc\u011f\u00fc baba topra\u011f\u0131nda kendisini bekleyen kaderden ka\u00e7amayan bir adam&#8230;Toplumun ac\u0131mas\u0131z kurallar\u0131 kar\u015f\u0131s\u0131nda de\u011fi\u015fen hayatlar\u2026G\u00f6z\u00fc kara bir k\u0131z ile idealist bir doktorun birbiriyle sava\u015f\u0131!\u0130ki hayat, iki k\u00f6kl\u00fc aile ve onlar\u0131n kaderini birbirine ba\u011flayan bir kaza\u2026\u201cYeminim olsun, Kara Duvak ile \u00e7\u0131kt\u0131\u011f\u0131m bu konaktan bir g\u00fcn gelecek aln\u0131m\u0131n ak\u0131yla, beyaz duva\u011f\u0131mla \u00e7\u0131kaca\u011f\u0131m.B\u00f6yle bilinsin, duyulsun\u2026\u201dBu sava\u015f\u0131n galibi kim olacakt\u0131?\u201cYa nikah, ya \u00f6l\u00fcm!\u201dA\u015fk\u0131n en kararl\u0131 hali Melek<\/p>\n","protected":false},"excerpt":{"rendered":"<p>\u00d6zg\u00fcrl\u00fc\u011f\u00fc iliklerine kadar hissetti\u011fi bir anda esaretine do\u011fru ad\u0131m att\u0131\u011f\u0131n\u0131n fark\u0131nda de\u011fildi.Y\u0131llar sonra d\u00f6nd\u00fc\u011f\u00fc baba topra\u011f\u0131nda kendisini bekleyen kaderden ka\u00e7amayan bir adam&#8230;Toplumun ac\u0131mas\u0131z kurallar\u0131 kar\u015f\u0131s\u0131nda de\u011fi\u015fen<span class=\"excerpt-hellip\"> [\u2026]<\/span><\/p>\n","protected":false},"featured_media":0,"template":"","meta":{"_monsterinsights_skip_tracking":false,"_monsterinsights_sitenote_active":false,"_monsterinsights_sitenote_note":"","_monsterinsights_sitenote_category":0},"product_brand":[],"product_cat":[12291,12711],"product_tag":[],"class_list":{"0":"post-747618","1":"product","2":"type-product","3":"status-publish","5":"product_cat-edebiyat","6":"product_cat-roman-oyku","7":"pa_cilt-ciltsiz","8":"pa_tur-kitap","9":"pa_yayinevi-parola-yayinlari","10":"pa_yazar-yasemin-yaman","12":"first","13":"instock","14":"sale","15":"shipping-taxable","16":"purchasable","17":"product-type-simple"},"_links":{"self":[{"href":"https:\/\/roveyayinevi.com.tr\/index.php\/wp-json\/wp\/v2\/product\/747618","targetHints":{"allow":["GET"]}}],"collection":[{"href":"https:\/\/roveyayinevi.com.tr\/index.php\/wp-json\/wp\/v2\/product"}],"about":[{"href":"https:\/\/roveyayinevi.com.tr\/index.php\/wp-json\/wp\/v2\/types\/product"}],"wp:attachment":[{"href":"https:\/\/roveyayinevi.com.tr\/index.php\/wp-json\/wp\/v2\/media?parent=747618"}],"wp:term":[{"taxonomy":"product_brand","embeddable":true,"href":"https:\/\/roveyayinevi.com.tr\/index.php\/wp-json\/wp\/v2\/product_brand?post=747618"},{"taxonomy":"product_cat","embeddable":true,"href":"https:\/\/roveyayinevi.com.tr\/index.php\/wp-json\/wp\/v2\/product_cat?post=747618"},{"taxonomy":"product_tag","embeddable":true,"href":"https:\/\/roveyayinevi.com.tr\/index.php\/wp-json\/wp\/v2\/product_tag?post=747618"}],"curies":[{"name":"wp","href":"https:\/\/api.w.org\/{rel}","templated":true}]}}