{"id":747615,"date":"2025-08-28T03:10:47","date_gmt":"2025-08-28T00:10:47","guid":{"rendered":"https:\/\/roveyayinevi.com.tr\/index.php\/urun\/othello-4\/"},"modified":"2026-04-16T03:00:26","modified_gmt":"2026-04-16T00:00:26","slug":"othello-4","status":"publish","type":"product","link":"https:\/\/roveyayinevi.com.tr\/index.php\/urun\/othello-4\/","title":{"rendered":"Othello"},"content":{"rendered":"<p>\u201cOthello\u2019nun Trajedisi\u201d veya \u201c Venedikli bBerberi\u201d (Ma\u011frubi), Boccaccio\u2019nun \u201cUn Capitano Moro\u201d (Berberi Kaptan) adl\u0131 eserinden esinlenilerek, 1603 y\u0131llar\u0131nda William Shakespeare taraf\u0131ndan yaz\u0131lan bir trajedyad\u0131r. Eserin konusu d\u00f6rt \u00f6nemli karakterin, yani Othello, Desdemona, lago ve Cassionun etraf\u0131nda d\u00f6nmektedir. Eser, \u0131rk\u00e7\u0131l\u0131k, a\u015fk, k\u0131skan\u00e7l\u0131k, ihanet, ahlak gibi temalar i\u00e7ermektedir. Cinthio\u2019nun bu eserinin Shakespeare d\u00f6neminde \u0130ngilizce \u00e7evirisi bulunmamaktayd\u0131 ve Othello\u2019daki kelime kullan\u0131mlar\u0131 1584\u2019te yap\u0131lan Frans\u0131zca \u00e7eviriden \u00e7ok metnin orjinaline yak\u0131nd\u0131r. Cinthio\u2019nun hikayesi 1508 y\u0131l\u0131nda Venedik\u2019te ger\u00e7ekle\u015fen bir olaya ve ayn\u0131 zamanda Bindir Gece Masallar\u0131na da benzerlik g\u00f6stermektedir. Oyunun ba\u015f kahraman\u0131 Othello\u2019dan ad\u0131n\u0131 alan eserin bir\u00e7ok film, opera ve d\u00fczyaz\u0131 uyarlamas\u0131 da yap\u0131lm\u0131\u015ft\u0131r.<\/p>\n","protected":false},"excerpt":{"rendered":"<p>\u201cOthello\u2019nun Trajedisi\u201d veya \u201c Venedikli bBerberi\u201d (Ma\u011frubi), Boccaccio\u2019nun \u201cUn Capitano Moro\u201d (Berberi Kaptan) adl\u0131 eserinden esinlenilerek, 1603 y\u0131llar\u0131nda William Shakespeare taraf\u0131ndan yaz\u0131lan bir trajedyad\u0131r. Eserin konusu<span class=\"excerpt-hellip\"> [\u2026]<\/span><\/p>\n","protected":false},"featured_media":0,"template":"","meta":{"_monsterinsights_skip_tracking":false,"_monsterinsights_sitenote_active":false,"_monsterinsights_sitenote_note":"","_monsterinsights_sitenote_category":0},"product_brand":[],"product_cat":[12291,15566],"product_tag":[],"class_list":{"0":"post-747615","1":"product","2":"type-product","3":"status-publish","5":"product_cat-edebiyat","6":"product_cat-oyun","7":"pa_cilt-ciltsiz","8":"pa_tur-kitap","9":"pa_yayinevi-parola-yayinlari","10":"pa_yazar-william-shakespeare","12":"first","13":"instock","14":"sale","15":"shipping-taxable","16":"purchasable","17":"product-type-simple"},"_links":{"self":[{"href":"https:\/\/roveyayinevi.com.tr\/index.php\/wp-json\/wp\/v2\/product\/747615","targetHints":{"allow":["GET"]}}],"collection":[{"href":"https:\/\/roveyayinevi.com.tr\/index.php\/wp-json\/wp\/v2\/product"}],"about":[{"href":"https:\/\/roveyayinevi.com.tr\/index.php\/wp-json\/wp\/v2\/types\/product"}],"wp:attachment":[{"href":"https:\/\/roveyayinevi.com.tr\/index.php\/wp-json\/wp\/v2\/media?parent=747615"}],"wp:term":[{"taxonomy":"product_brand","embeddable":true,"href":"https:\/\/roveyayinevi.com.tr\/index.php\/wp-json\/wp\/v2\/product_brand?post=747615"},{"taxonomy":"product_cat","embeddable":true,"href":"https:\/\/roveyayinevi.com.tr\/index.php\/wp-json\/wp\/v2\/product_cat?post=747615"},{"taxonomy":"product_tag","embeddable":true,"href":"https:\/\/roveyayinevi.com.tr\/index.php\/wp-json\/wp\/v2\/product_tag?post=747615"}],"curies":[{"name":"wp","href":"https:\/\/api.w.org\/{rel}","templated":true}]}}