{"id":747614,"date":"2025-08-28T03:10:45","date_gmt":"2025-08-28T00:10:45","guid":{"rendered":"https:\/\/roveyayinevi.com.tr\/index.php\/urun\/on-ikinci-gece-3\/"},"modified":"2026-04-16T03:00:26","modified_gmt":"2026-04-16T00:00:26","slug":"on-ikinci-gece-3","status":"publish","type":"product","link":"https:\/\/roveyayinevi.com.tr\/index.php\/urun\/on-ikinci-gece-3\/","title":{"rendered":"On \u0130kinci Gece"},"content":{"rendered":"<p>On \u0130kinci Gece, William Shakespeare taraf\u0131ndan 1601-1602 y\u0131llar\u0131nda yaz\u0131lan bir yanl\u0131\u015fl\u0131k komedyas\u0131d\u0131r. Kimi zaman \u201c Siz Nas\u0131l \u0130sterseniz\u201d ba\u015fl\u0131\u011f\u0131yla da kullan\u0131lan oyun \u00fcslup a\u00e7\u0131s\u0131ndan \u201c Bir Yaz Gecesi R\u00fcyas\u0131\u201d ile benzerlik g\u00f6stermektedir. Ad\u0131n\u0131 Noel kutlamalar\u0131n\u0131n on kinci gecesinden almaktad\u0131r. Bu kutlamalarda her \u015fey alt\u00fcst olur, Mesih!in vaat etti\u011fi krall\u0131\u011f\u0131n bu d\u00fcnyan\u0131nkilere benzemeyen bir krall\u0131k oldu\u011funu g\u00f6stermek ad\u0131na. Oyun i\u00e7erisinde de ayn\u0131 tema g\u00f6ze \u00e7arpmaktad\u0131r. K\u0131l\u0131k de\u011fi\u015ftirmeler, erkeklerin kad\u0131n, kad\u0131nlar\u0131n erkek k\u0131l\u0131\u011f\u0131na b\u00fcr\u00fcnmesi, soytar\u0131n\u0131n rahip k\u0131l\u0131\u011f\u0131na girmesi, vs&#8230; \u015eark\u0131lar, sarho\u015fluklar, aldatmacalar yer almakta fakat sonunda her \u015fey tatl\u0131ya ba\u011flanmaktad\u0131r t\u0131pk\u0131 \u201cBir Yaz Gecesi R\u00fcyas\u0131\u201dnda oldu\u011fu gibi. Shakespeare, her zamanki s\u00f6z cambazl\u0131\u011f\u0131yla bizi etkilemekte, tekrar stat\u00fc farklar\u0131na de\u011finmekte, dengeleri yine de\u011fi\u015fmektedir. Ana temas\u0131 a\u015fk olan bu oyun, a\u015fk\u0131 i\u00e7in insanlar\u0131n ne duruma geldi\u011fini g\u00f6stermekte ve bir anlamda birine duyulan a\u015fk\u0131n de\u011fil, a\u015fk\u0131n bizzat kendisine a\u015f\u0131k oldu\u011funu yans\u0131tmaktad\u0131r&#8230;<\/p>\n","protected":false},"excerpt":{"rendered":"<p>On \u0130kinci Gece, William Shakespeare taraf\u0131ndan 1601-1602 y\u0131llar\u0131nda yaz\u0131lan bir yanl\u0131\u015fl\u0131k komedyas\u0131d\u0131r. Kimi zaman \u201c Siz Nas\u0131l \u0130sterseniz\u201d ba\u015fl\u0131\u011f\u0131yla da kullan\u0131lan oyun \u00fcslup a\u00e7\u0131s\u0131ndan \u201c Bir<span class=\"excerpt-hellip\"> [\u2026]<\/span><\/p>\n","protected":false},"featured_media":0,"template":"","meta":{"_monsterinsights_skip_tracking":false,"_monsterinsights_sitenote_active":false,"_monsterinsights_sitenote_note":"","_monsterinsights_sitenote_category":0},"product_brand":[],"product_cat":[12291,15566],"product_tag":[],"class_list":{"0":"post-747614","1":"product","2":"type-product","3":"status-publish","5":"product_cat-edebiyat","6":"product_cat-oyun","7":"pa_cilt-ciltsiz","8":"pa_tur-kitap","9":"pa_yayinevi-parola-yayinlari","10":"pa_yazar-william-shakespeare","12":"first","13":"instock","14":"sale","15":"shipping-taxable","16":"purchasable","17":"product-type-simple"},"_links":{"self":[{"href":"https:\/\/roveyayinevi.com.tr\/index.php\/wp-json\/wp\/v2\/product\/747614","targetHints":{"allow":["GET"]}}],"collection":[{"href":"https:\/\/roveyayinevi.com.tr\/index.php\/wp-json\/wp\/v2\/product"}],"about":[{"href":"https:\/\/roveyayinevi.com.tr\/index.php\/wp-json\/wp\/v2\/types\/product"}],"wp:attachment":[{"href":"https:\/\/roveyayinevi.com.tr\/index.php\/wp-json\/wp\/v2\/media?parent=747614"}],"wp:term":[{"taxonomy":"product_brand","embeddable":true,"href":"https:\/\/roveyayinevi.com.tr\/index.php\/wp-json\/wp\/v2\/product_brand?post=747614"},{"taxonomy":"product_cat","embeddable":true,"href":"https:\/\/roveyayinevi.com.tr\/index.php\/wp-json\/wp\/v2\/product_cat?post=747614"},{"taxonomy":"product_tag","embeddable":true,"href":"https:\/\/roveyayinevi.com.tr\/index.php\/wp-json\/wp\/v2\/product_tag?post=747614"}],"curies":[{"name":"wp","href":"https:\/\/api.w.org\/{rel}","templated":true}]}}