{"id":747613,"date":"2025-08-28T03:10:44","date_gmt":"2025-08-28T00:10:44","guid":{"rendered":"https:\/\/roveyayinevi.com.tr\/index.php\/urun\/antik-yunan-uygarligi\/"},"modified":"2026-04-16T03:00:26","modified_gmt":"2026-04-16T00:00:26","slug":"antik-yunan-uygarligi","status":"publish","type":"product","link":"https:\/\/roveyayinevi.com.tr\/index.php\/urun\/antik-yunan-uygarligi\/","title":{"rendered":"Antik Yunan Uygarl\u0131\u011f\u0131"},"content":{"rendered":"<p>Eski \u00c7a\u011f\u2019daki Ege ve Yunan Tarihini inceledi\u011fimizde, Antik D\u00fcnyan\u0131n en etkileyici kavimlerinden biri olan antik Yunanlar\u0131 g\u00f6r\u00fcr\u00fcz. Antik Grekler (Yunanlar) genellikle bat\u0131 d\u00fcnyas\u0131ndaki demokrasinin ve ulus bilincinin ortaya \u00e7\u0131kar\u0131c\u0131lar\u0131 olarak kabul edilirler. Bu kabul edilebilir bir d\u00fc\u015f\u00fcncedir. Ancak antik Grekler, temelde bu olgularla birlikte bir\u00e7ok yenili\u011fi insanl\u0131k medeniyetine b\u0131rak\u0131rken, bunlar\u0131 hi\u00e7 yoktan var etmemi\u015fler, kendi antik tarih\u00e7ilerinin de kabul etti\u011fi gibi, bu par\u0131lt\u0131l\u0131 k\u00fclt\u00fcr\u00fc antik d\u00fcnyan\u0131n daha eski ve k\u00f6kl\u00fc k\u00fclt\u00fcrlerinin bulundu\u011fu Yak\u0131ndo\u011fu uygarl\u0131klar\u0131na dayand\u0131rm\u0131\u015flard\u0131r. \u015eunun da kabul edilmesi gerekir ki, Yunanlar Antik Do\u011fu\u2019nun derin birikimlerini oldu\u011fu gibi kabul etmemi\u015f, bu olgular\u0131 kendi k\u00fclt\u00fcrleriyle sentezleyerek ve geli\u015ftirerek sadece bat\u0131 D\u00fcnyas\u0131na de\u011fil, t\u00fcm D\u00fcnyaya miras b\u0131rakm\u0131\u015flard\u0131r.<\/p>\n","protected":false},"excerpt":{"rendered":"<p>Eski \u00c7a\u011f\u2019daki Ege ve Yunan Tarihini inceledi\u011fimizde, Antik D\u00fcnyan\u0131n en etkileyici kavimlerinden biri olan antik Yunanlar\u0131 g\u00f6r\u00fcr\u00fcz. Antik Grekler (Yunanlar) genellikle bat\u0131 d\u00fcnyas\u0131ndaki demokrasinin ve ulus<span class=\"excerpt-hellip\"> [\u2026]<\/span><\/p>\n","protected":false},"featured_media":0,"template":"","meta":{"_monsterinsights_skip_tracking":false,"_monsterinsights_sitenote_active":false,"_monsterinsights_sitenote_note":"","_monsterinsights_sitenote_category":0},"product_brand":[],"product_cat":[12305,12304],"product_tag":[],"class_list":{"0":"post-747613","1":"product","2":"type-product","3":"status-publish","5":"product_cat-dunya-tarihi","6":"product_cat-tarih","7":"pa_cilt-ciltsiz","8":"pa_tur-kitap","9":"pa_yayinevi-parola-yayinlari","10":"pa_yazar-turan-tektas","12":"first","13":"instock","14":"sale","15":"shipping-taxable","16":"purchasable","17":"product-type-simple"},"_links":{"self":[{"href":"https:\/\/roveyayinevi.com.tr\/index.php\/wp-json\/wp\/v2\/product\/747613","targetHints":{"allow":["GET"]}}],"collection":[{"href":"https:\/\/roveyayinevi.com.tr\/index.php\/wp-json\/wp\/v2\/product"}],"about":[{"href":"https:\/\/roveyayinevi.com.tr\/index.php\/wp-json\/wp\/v2\/types\/product"}],"wp:attachment":[{"href":"https:\/\/roveyayinevi.com.tr\/index.php\/wp-json\/wp\/v2\/media?parent=747613"}],"wp:term":[{"taxonomy":"product_brand","embeddable":true,"href":"https:\/\/roveyayinevi.com.tr\/index.php\/wp-json\/wp\/v2\/product_brand?post=747613"},{"taxonomy":"product_cat","embeddable":true,"href":"https:\/\/roveyayinevi.com.tr\/index.php\/wp-json\/wp\/v2\/product_cat?post=747613"},{"taxonomy":"product_tag","embeddable":true,"href":"https:\/\/roveyayinevi.com.tr\/index.php\/wp-json\/wp\/v2\/product_tag?post=747613"}],"curies":[{"name":"wp","href":"https:\/\/api.w.org\/{rel}","templated":true}]}}