{"id":747612,"date":"2025-08-28T03:10:43","date_gmt":"2025-08-28T00:10:43","guid":{"rendered":"https:\/\/roveyayinevi.com.tr\/index.php\/urun\/aztekler-tolteklerin-ulkesinde\/"},"modified":"2026-04-16T03:00:26","modified_gmt":"2026-04-16T00:00:26","slug":"aztekler-tolteklerin-ulkesinde","status":"publish","type":"product","link":"https:\/\/roveyayinevi.com.tr\/index.php\/urun\/aztekler-tolteklerin-ulkesinde\/","title":{"rendered":"Aztekler &#8211; Tolteklerin \u00dclkesinde"},"content":{"rendered":"<p>Azteklerin k\u00f6keni kesin olarak bilinmemektedir. Ama baz\u0131 gelenekleri, 12. y\u00fczy\u0131lda Orta Amerika\u2019ya gelene de\u011fin, daha kuzeydeki Meksika Platosunda avc\u0131l\u0131k ve toplay\u0131c\u0131l\u0131kla ge\u00e7inen bir kabile olduklar\u0131 izlenimini verir. Azteklerin g\u00fcneye g\u00f6\u00e7\u00fcn\u00fcn, Toltek uygarl\u0131\u011f\u0131n\u0131n \u00e7\u00f6k\u00fc\u015f\u00fcn\u00fc izleyen ve belki de bu \u00e7\u00f6k\u00fc\u015f\u00fc h\u0131zland\u0131ran genel bir g\u00f6\u00e7 hareketinin par\u00e7as\u0131 oldu\u011fu san\u0131l\u0131r. Texcoco G\u00f6l\u00fcndeki adalara yerle\u015fen Aztekler, tarihleri boyunca ba\u015fl\u0131ca merkezleri olan Tenochtitlan\u2019\u0131 MS 1325\u2019te kurdular. B\u00fcy\u00fck bir devlet ve sonunda bir imparatorluk kurabilmelerinin temelinde, kullan\u0131labilir t\u00fcm topraklar\u0131n entansif bi\u00e7imde ekildi\u011fi, geli\u015fkin bir sulama ve batakl\u0131k kurutma sistemine dayal\u0131 ola\u011fan\u00fcst\u00fc tar\u0131m d\u00fczenleri yatar. Bu y\u00f6ntemlerle sa\u011flanan y\u00fcksek verimlilik, zengin ve kalabal\u0131k bir \u00fclkenin do\u011fmas\u0131n\u0131 sa\u011flam\u0131\u015ft\u0131r.<\/p>\n","protected":false},"excerpt":{"rendered":"<p>Azteklerin k\u00f6keni kesin olarak bilinmemektedir. Ama baz\u0131 gelenekleri, 12. y\u00fczy\u0131lda Orta Amerika\u2019ya gelene de\u011fin, daha kuzeydeki Meksika Platosunda avc\u0131l\u0131k ve toplay\u0131c\u0131l\u0131kla ge\u00e7inen bir kabile olduklar\u0131 izlenimini<span class=\"excerpt-hellip\"> [\u2026]<\/span><\/p>\n","protected":false},"featured_media":0,"template":"","meta":{"_monsterinsights_skip_tracking":false,"_monsterinsights_sitenote_active":false,"_monsterinsights_sitenote_note":"","_monsterinsights_sitenote_category":0},"product_brand":[],"product_cat":[12370,12304],"product_tag":[],"class_list":{"0":"post-747612","1":"product","2":"type-product","3":"status-publish","5":"product_cat-arastirma-inceleme","6":"product_cat-tarih","7":"pa_cilt-ciltsiz","8":"pa_tur-kitap","9":"pa_yayinevi-parola-yayinlari","10":"pa_yazar-turan-tektas","12":"first","13":"instock","14":"sale","15":"shipping-taxable","16":"purchasable","17":"product-type-simple"},"_links":{"self":[{"href":"https:\/\/roveyayinevi.com.tr\/index.php\/wp-json\/wp\/v2\/product\/747612","targetHints":{"allow":["GET"]}}],"collection":[{"href":"https:\/\/roveyayinevi.com.tr\/index.php\/wp-json\/wp\/v2\/product"}],"about":[{"href":"https:\/\/roveyayinevi.com.tr\/index.php\/wp-json\/wp\/v2\/types\/product"}],"wp:attachment":[{"href":"https:\/\/roveyayinevi.com.tr\/index.php\/wp-json\/wp\/v2\/media?parent=747612"}],"wp:term":[{"taxonomy":"product_brand","embeddable":true,"href":"https:\/\/roveyayinevi.com.tr\/index.php\/wp-json\/wp\/v2\/product_brand?post=747612"},{"taxonomy":"product_cat","embeddable":true,"href":"https:\/\/roveyayinevi.com.tr\/index.php\/wp-json\/wp\/v2\/product_cat?post=747612"},{"taxonomy":"product_tag","embeddable":true,"href":"https:\/\/roveyayinevi.com.tr\/index.php\/wp-json\/wp\/v2\/product_tag?post=747612"}],"curies":[{"name":"wp","href":"https:\/\/api.w.org\/{rel}","templated":true}]}}