{"id":747611,"date":"2025-08-28T03:10:42","date_gmt":"2025-08-28T00:10:42","guid":{"rendered":"https:\/\/roveyayinevi.com.tr\/index.php\/urun\/babiller-mezopotamyanin-gelismis-uygarligi\/"},"modified":"2026-04-16T03:00:26","modified_gmt":"2026-04-16T00:00:26","slug":"babiller-mezopotamyanin-gelismis-uygarligi","status":"publish","type":"product","link":"https:\/\/roveyayinevi.com.tr\/index.php\/urun\/babiller-mezopotamyanin-gelismis-uygarligi\/","title":{"rendered":"Babiller &#8211; Mezopotamya&#8217;n\u0131n Geli\u015fmi\u015f Uygarl\u0131\u011f\u0131"},"content":{"rendered":"<p>Akadca \u201ctanr\u0131n\u0131n kap\u0131s\u0131\u201d anlam\u0131na gelen Babil ad\u0131 (b\u00e2b \u201ckap\u0131\u201d, ili \u201ctanr\u0131n\u0131n\u201d), \u0130br\u00e2n\u00eece\u2019de B\u00e2bel\/B\u00e2vel, Pers\u00e7e\u2019de Babiru\u015f ve Grek\u00e7e\u2019de Babylon \u015fekillerinde kullan\u0131lm\u0131\u015ft\u0131r. \u015eehrin ad\u0131na ilk defa mil\u00e2ttan \u00f6nce III. biny\u0131l\u0131n sonlar\u0131na ait Akad vesikalar\u0131nda rastlan\u0131r; ancak kurulu\u015funun \u00e7ok daha \u00f6nce oldu\u011fu tahmin edilmektedir. \u00c7\u00fcnk\u00fc \u015fehrin ilk ad\u0131 S\u00fcmerce Ka-dingir-ra\u2019d\u0131r (ka \u201ckap\u0131\u201d, dingir \u201ctanr\u0131\u201d, -ra \u201c-n\u0131n\u201d) ve Babil\u2019in bu isimden Akadca\u2019ya yap\u0131lm\u0131\u015f bir terc\u00fcme oldu\u011fu a\u00e7\u0131kl\u0131kla anla\u015f\u0131lmaktad\u0131r. Bir \u00e7ivi yaz\u0131l\u0131 tabletin verdi\u011fi bilgiye g\u00f6re S\u00fcmer \u015fehir-devletlerini y\u0131karak S\u00e2m\u00ee Akad \u0130mparatorlu\u011fu\u2019nu kurmu\u015f olan Akadl\u0131 Sargon (M\u00d6 XXIV. y\u00fczy\u0131l) Babil\u2019i ele ge\u00e7irip tahrip etmi\u015f ve mabetlerinden kald\u0131rd\u0131\u011f\u0131 tanr\u0131 heykellerini, kendi ba\u015f\u015fehri Akad\u2019\u0131n yan\u0131na kurdu\u011fu yeni Babil \u015fehrine g\u00f6t\u00fcrm\u00fc\u015ft\u00fcr.<\/p>\n","protected":false},"excerpt":{"rendered":"<p>Akadca \u201ctanr\u0131n\u0131n kap\u0131s\u0131\u201d anlam\u0131na gelen Babil ad\u0131 (b\u00e2b \u201ckap\u0131\u201d, ili \u201ctanr\u0131n\u0131n\u201d), \u0130br\u00e2n\u00eece\u2019de B\u00e2bel\/B\u00e2vel, Pers\u00e7e\u2019de Babiru\u015f ve Grek\u00e7e\u2019de Babylon \u015fekillerinde kullan\u0131lm\u0131\u015ft\u0131r. \u015eehrin ad\u0131na ilk defa mil\u00e2ttan \u00f6nce<span class=\"excerpt-hellip\"> [\u2026]<\/span><\/p>\n","protected":false},"featured_media":0,"template":"","meta":{"_monsterinsights_skip_tracking":false,"_monsterinsights_sitenote_active":false,"_monsterinsights_sitenote_note":"","_monsterinsights_sitenote_category":0},"product_brand":[],"product_cat":[12370,12304],"product_tag":[],"class_list":{"0":"post-747611","1":"product","2":"type-product","3":"status-publish","5":"product_cat-arastirma-inceleme","6":"product_cat-tarih","7":"pa_cilt-ciltsiz","8":"pa_tur-kitap","9":"pa_yayinevi-parola-yayinlari","10":"pa_yazar-turan-tektas","12":"first","13":"instock","14":"sale","15":"shipping-taxable","16":"purchasable","17":"product-type-simple"},"_links":{"self":[{"href":"https:\/\/roveyayinevi.com.tr\/index.php\/wp-json\/wp\/v2\/product\/747611","targetHints":{"allow":["GET"]}}],"collection":[{"href":"https:\/\/roveyayinevi.com.tr\/index.php\/wp-json\/wp\/v2\/product"}],"about":[{"href":"https:\/\/roveyayinevi.com.tr\/index.php\/wp-json\/wp\/v2\/types\/product"}],"wp:attachment":[{"href":"https:\/\/roveyayinevi.com.tr\/index.php\/wp-json\/wp\/v2\/media?parent=747611"}],"wp:term":[{"taxonomy":"product_brand","embeddable":true,"href":"https:\/\/roveyayinevi.com.tr\/index.php\/wp-json\/wp\/v2\/product_brand?post=747611"},{"taxonomy":"product_cat","embeddable":true,"href":"https:\/\/roveyayinevi.com.tr\/index.php\/wp-json\/wp\/v2\/product_cat?post=747611"},{"taxonomy":"product_tag","embeddable":true,"href":"https:\/\/roveyayinevi.com.tr\/index.php\/wp-json\/wp\/v2\/product_tag?post=747611"}],"curies":[{"name":"wp","href":"https:\/\/api.w.org\/{rel}","templated":true}]}}