{"id":747608,"date":"2025-08-28T03:10:38","date_gmt":"2025-08-28T00:10:38","guid":{"rendered":"https:\/\/roveyayinevi.com.tr\/index.php\/urun\/asurlar-acimasiz-savasci\/"},"modified":"2026-04-16T03:00:26","modified_gmt":"2026-04-16T00:00:26","slug":"asurlar-acimasiz-savasci","status":"publish","type":"product","link":"https:\/\/roveyayinevi.com.tr\/index.php\/urun\/asurlar-acimasiz-savasci\/","title":{"rendered":"Asurlar &#8211; Ac\u0131mas\u0131z Sava\u015f\u00e7\u0131"},"content":{"rendered":"<p>Asur, M\u00d6 2000 y\u0131llar\u0131ndan 612 y\u0131l\u0131na kadar devam eden, ilk \u00f6nce, Asur \u015fehri ve \u00e7evresinde k\u00fc\u00e7\u00fck bir devlet iken, birinci bin y\u0131l\u0131n ilk yar\u0131s\u0131nda Mezopotamya, Elam, Suriye ve bir s\u00fcre M\u0131s\u0131r\u2019\u0131 da i\u00e7i ne alan b\u00fcy\u00fck bir imparatorluk olmu\u015ftur. \u00c7ivi yaz\u0131l\u0131 belgelere g\u00f6re Asur, \u00fc\u00e7\u00fcnc\u00fc bin y\u0131l\u0131n ikinci yar\u0131s\u0131nda Akkadl\u0131lar\u0131n, Subar, Kut ve III. Ur Hanedan\u0131\u2019n\u0131n politik ve k\u00fclt\u00fcr egemenli\u011fi alt\u0131nda kalm\u0131\u015ft\u0131r. Ad\u0131 ge\u00e7en b\u00f6lgede, bu eski halkla kayna\u015fan Sami\u2019ler, y\u00fczy\u0131llarca s\u00fcren Asur Devleti\u2019ni kurmu\u015flard\u0131r.<\/p>\n","protected":false},"excerpt":{"rendered":"<p>Asur, M\u00d6 2000 y\u0131llar\u0131ndan 612 y\u0131l\u0131na kadar devam eden, ilk \u00f6nce, Asur \u015fehri ve \u00e7evresinde k\u00fc\u00e7\u00fck bir devlet iken, birinci bin y\u0131l\u0131n ilk yar\u0131s\u0131nda Mezopotamya, Elam,<span class=\"excerpt-hellip\"> [\u2026]<\/span><\/p>\n","protected":false},"featured_media":0,"template":"","meta":{"_monsterinsights_skip_tracking":false,"_monsterinsights_sitenote_active":false,"_monsterinsights_sitenote_note":"","_monsterinsights_sitenote_category":0},"product_brand":[],"product_cat":[12370,12304],"product_tag":[],"class_list":{"0":"post-747608","1":"product","2":"type-product","3":"status-publish","5":"product_cat-arastirma-inceleme","6":"product_cat-tarih","7":"pa_cilt-ciltsiz","8":"pa_tur-kitap","9":"pa_yayinevi-parola-yayinlari","10":"pa_yazar-turan-tektas","12":"first","13":"instock","14":"sale","15":"shipping-taxable","16":"purchasable","17":"product-type-simple"},"_links":{"self":[{"href":"https:\/\/roveyayinevi.com.tr\/index.php\/wp-json\/wp\/v2\/product\/747608","targetHints":{"allow":["GET"]}}],"collection":[{"href":"https:\/\/roveyayinevi.com.tr\/index.php\/wp-json\/wp\/v2\/product"}],"about":[{"href":"https:\/\/roveyayinevi.com.tr\/index.php\/wp-json\/wp\/v2\/types\/product"}],"wp:attachment":[{"href":"https:\/\/roveyayinevi.com.tr\/index.php\/wp-json\/wp\/v2\/media?parent=747608"}],"wp:term":[{"taxonomy":"product_brand","embeddable":true,"href":"https:\/\/roveyayinevi.com.tr\/index.php\/wp-json\/wp\/v2\/product_brand?post=747608"},{"taxonomy":"product_cat","embeddable":true,"href":"https:\/\/roveyayinevi.com.tr\/index.php\/wp-json\/wp\/v2\/product_cat?post=747608"},{"taxonomy":"product_tag","embeddable":true,"href":"https:\/\/roveyayinevi.com.tr\/index.php\/wp-json\/wp\/v2\/product_tag?post=747608"}],"curies":[{"name":"wp","href":"https:\/\/api.w.org\/{rel}","templated":true}]}}