{"id":747604,"date":"2025-08-28T03:10:33","date_gmt":"2025-08-28T00:10:33","guid":{"rendered":"https:\/\/roveyayinevi.com.tr\/index.php\/urun\/gecmemis-zaman\/"},"modified":"2026-04-16T03:00:26","modified_gmt":"2026-04-16T00:00:26","slug":"gecmemis-zaman","status":"publish","type":"product","link":"https:\/\/roveyayinevi.com.tr\/index.php\/urun\/gecmemis-zaman\/","title":{"rendered":"Ge\u00e7memi\u015f Zaman"},"content":{"rendered":"<p>\u201cAcele etmeliyiz, buz tutmu\u015f bir g\u00f6l\u00fcn \u00fczerinde y\u00fcr\u00fcyoruz, oysa buz \u00e7atlayal\u0131 \u00e7ok oldu. Zaman giderek daral\u0131yor, k\u0131y\u0131ya \u00c7OK VAR. Daha iyi bir ya\u015fam\u0131n varl\u0131\u011f\u0131na ve m\u00fcmk\u00fcn oldu\u011funa inand\u0131rmal\u0131y\u0131z bu insanlar\u0131. \u2018Ya ba\u011f\u0131ms\u0131zl\u0131k ya \u00f6l\u00fcm,\u2019 bu topraklarda bir defa can buldu. Onu ya\u015fatmal\u0131y\u0131z. \u015eimdi yeni ilkemiz; \u2018ya\u015famak, mutlu, \u00f6zg\u00fcr ve g\u00f6nen\u00e7 i\u00e7inde bir b\u00fct\u00fcn olarak ya\u015famak.\u201d \u2018Mecburiyet B\u00f6lgesinde\u2019 yollar\u0131 kesi\u015fen bir Vali, Doktor, Cumhuriyet Savc\u0131s\u0131, Kaymakam ve Binba\u015f\u0131\u2019n\u0131n; ya\u015famlar\u0131n\u0131 sonsuza dek de\u011fi\u015ftirecek bir kar\u015f\u0131la\u015fman\u0131n \u00f6zneleri olu\u015funun, haf\u0131zalar\u0131ndan silemeyecekleri olaylar\u0131n roman\u0131d\u0131r Ge\u00e7memi\u015f Zaman. Destan, roman ve \u015fiir t\u00fcrlerindeki eserleriyle tan\u0131d\u0131\u011f\u0131m\u0131z \u0130sa K\u00fc\u00e7\u00fck\u2019\u00fcn ya\u015fanm\u0131\u015fl\u0131klar ve an\u0131lar\u0131ndan dam\u0131tarak yazd\u0131\u011f\u0131 Ge\u00e7memi\u015f Zaman\u2019da, \u00fclkemizin ger\u00e7ekleriyle yo\u011frulmu\u015f olaylar kar\u015f\u0131s\u0131nda b\u00fcrokrasi \u00e7ark\u0131 i\u00e7inde var olmaya \u00e7al\u0131\u015fan fedak\u00e2r insanlar\u0131n \u00f6yk\u00fcs\u00fcn\u00fc okuyacaks\u0131n\u0131z. Ve bir kad\u0131n\u0131n, \u015fimdiki zaman\u0131n e\u015fi\u011finden tarihsel zaman\u0131n e\u015fi\u011fine y\u00fcr\u00fcy\u00fc\u015f\u00fcn\u00fcn \u00f6yk\u00fcs\u00fc\u2026 <\/p>\n","protected":false},"excerpt":{"rendered":"<p>\u201cAcele etmeliyiz, buz tutmu\u015f bir g\u00f6l\u00fcn \u00fczerinde y\u00fcr\u00fcyoruz, oysa buz \u00e7atlayal\u0131 \u00e7ok oldu. Zaman giderek daral\u0131yor, k\u0131y\u0131ya \u00c7OK VAR. Daha iyi bir ya\u015fam\u0131n varl\u0131\u011f\u0131na ve m\u00fcmk\u00fcn<span class=\"excerpt-hellip\"> [\u2026]<\/span><\/p>\n","protected":false},"featured_media":0,"template":"","meta":{"_monsterinsights_skip_tracking":false,"_monsterinsights_sitenote_active":false,"_monsterinsights_sitenote_note":"","_monsterinsights_sitenote_category":0},"product_brand":[],"product_cat":[12291,12711],"product_tag":[],"class_list":{"0":"post-747604","1":"product","2":"type-product","3":"status-publish","5":"product_cat-edebiyat","6":"product_cat-roman-oyku","7":"pa_cilt-ciltsiz","8":"pa_tur-kitap","9":"pa_yayinevi-cumhuriyet-kitaplari","10":"pa_yazar-isa-kucuk","12":"first","13":"instock","14":"sale","15":"shipping-taxable","16":"purchasable","17":"product-type-simple"},"_links":{"self":[{"href":"https:\/\/roveyayinevi.com.tr\/index.php\/wp-json\/wp\/v2\/product\/747604","targetHints":{"allow":["GET"]}}],"collection":[{"href":"https:\/\/roveyayinevi.com.tr\/index.php\/wp-json\/wp\/v2\/product"}],"about":[{"href":"https:\/\/roveyayinevi.com.tr\/index.php\/wp-json\/wp\/v2\/types\/product"}],"wp:attachment":[{"href":"https:\/\/roveyayinevi.com.tr\/index.php\/wp-json\/wp\/v2\/media?parent=747604"}],"wp:term":[{"taxonomy":"product_brand","embeddable":true,"href":"https:\/\/roveyayinevi.com.tr\/index.php\/wp-json\/wp\/v2\/product_brand?post=747604"},{"taxonomy":"product_cat","embeddable":true,"href":"https:\/\/roveyayinevi.com.tr\/index.php\/wp-json\/wp\/v2\/product_cat?post=747604"},{"taxonomy":"product_tag","embeddable":true,"href":"https:\/\/roveyayinevi.com.tr\/index.php\/wp-json\/wp\/v2\/product_tag?post=747604"}],"curies":[{"name":"wp","href":"https:\/\/api.w.org\/{rel}","templated":true}]}}