{"id":747603,"date":"2025-08-28T03:10:32","date_gmt":"2025-08-28T00:10:32","guid":{"rendered":"https:\/\/roveyayinevi.com.tr\/index.php\/urun\/hoca-ahmet-yesevi-tarihte-iz-birakanlar\/"},"modified":"2026-04-16T03:00:25","modified_gmt":"2026-04-16T00:00:25","slug":"hoca-ahmet-yesevi-tarihte-iz-birakanlar","status":"publish","type":"product","link":"https:\/\/roveyayinevi.com.tr\/index.php\/urun\/hoca-ahmet-yesevi-tarihte-iz-birakanlar\/","title":{"rendered":"Hoca Ahmet Yesevi &#8211; Tarihte \u0130z B\u0131rakanlar"},"content":{"rendered":"<p>Ahmet Yesevi\u2019nin hayat hik\u00e2yesini konu edinen t\u00fcm metinler temelde halk aras\u0131nda s\u00f6ylenegelmi\u015f menk\u0131belere dayan\u0131r. Bu menk\u0131belerin as\u0131rlar i\u00e7erisinde baz\u0131 hayal\u00ee unsurlarla geni\u015fletilerek -ve hatta ger\u00e7ek hik\u00e2yeden sapt\u0131r\u0131larak- yaz\u0131l\u0131 metinlere d\u00f6n\u00fc\u015ft\u00fcr\u00fclm\u00fc\u015f olmas\u0131 konuya ele\u015ftiri g\u00f6zl\u00fc\u011f\u00fc ile bakanlar taraf\u0131ndan \u00f6ne \u00e7\u0131kart\u0131lmaktad\u0131r. Oysa halk s\u00f6ylenceleri konusunda uzman olan b\u00fct\u00fcn bilim insanlar\u0131n\u0131n ortak kanaati, halk muhayyilesinde anonim olarak olu\u015fturulan menk\u0131belerin tamam\u0131nda daima hakikat unsurunun gizlenmi\u015f halde \u2013\u015fu veya bu oranda ancak mutlaka- varl\u0131\u011f\u0131n\u0131 s\u00fcrd\u00fcrd\u00fc\u011f\u00fcd\u00fcr. Bu a\u00e7\u0131dan bak\u0131ld\u0131\u011f\u0131nda menk\u0131beler, Ahmet Yesevi gibi as\u0131rlarca \u00f6nce yery\u00fcz\u00fcnden ayak \u00e7ekmi\u015f herhangi bir tarih\u00ee \u015fahsiyetin veya Abd\u00fclkerim Satuk Bu\u011fra Han\u2019\u0131n M\u00fcsl\u00fcman olu\u015fu gibi bir vak\u0131an\u0131n mill\u00ee vicdana akseden g\u00f6r\u00fcnt\u00fcs\u00fcn\u00fc yans\u0131t\u0131r.<\/p>\n","protected":false},"excerpt":{"rendered":"<p>Ahmet Yesevi\u2019nin hayat hik\u00e2yesini konu edinen t\u00fcm metinler temelde halk aras\u0131nda s\u00f6ylenegelmi\u015f menk\u0131belere dayan\u0131r. Bu menk\u0131belerin as\u0131rlar i\u00e7erisinde baz\u0131 hayal\u00ee unsurlarla geni\u015fletilerek -ve hatta ger\u00e7ek hik\u00e2yeden<span class=\"excerpt-hellip\"> [\u2026]<\/span><\/p>\n","protected":false},"featured_media":0,"template":"","meta":{"_monsterinsights_skip_tracking":false,"_monsterinsights_sitenote_active":false,"_monsterinsights_sitenote_note":"","_monsterinsights_sitenote_category":0},"product_brand":[],"product_cat":[13946,12304],"product_tag":[],"class_list":{"0":"post-747603","1":"product","2":"type-product","3":"status-publish","5":"product_cat-biyografi-otobiyografi","6":"product_cat-tarih","7":"pa_cilt-ciltsiz","8":"pa_tur-kitap","9":"pa_yayinevi-parola-yayinlari","10":"pa_yazar-turan-tektas","12":"first","13":"instock","14":"sale","15":"shipping-taxable","16":"purchasable","17":"product-type-simple"},"_links":{"self":[{"href":"https:\/\/roveyayinevi.com.tr\/index.php\/wp-json\/wp\/v2\/product\/747603","targetHints":{"allow":["GET"]}}],"collection":[{"href":"https:\/\/roveyayinevi.com.tr\/index.php\/wp-json\/wp\/v2\/product"}],"about":[{"href":"https:\/\/roveyayinevi.com.tr\/index.php\/wp-json\/wp\/v2\/types\/product"}],"wp:attachment":[{"href":"https:\/\/roveyayinevi.com.tr\/index.php\/wp-json\/wp\/v2\/media?parent=747603"}],"wp:term":[{"taxonomy":"product_brand","embeddable":true,"href":"https:\/\/roveyayinevi.com.tr\/index.php\/wp-json\/wp\/v2\/product_brand?post=747603"},{"taxonomy":"product_cat","embeddable":true,"href":"https:\/\/roveyayinevi.com.tr\/index.php\/wp-json\/wp\/v2\/product_cat?post=747603"},{"taxonomy":"product_tag","embeddable":true,"href":"https:\/\/roveyayinevi.com.tr\/index.php\/wp-json\/wp\/v2\/product_tag?post=747603"}],"curies":[{"name":"wp","href":"https:\/\/api.w.org\/{rel}","templated":true}]}}