{"id":747600,"date":"2025-08-28T03:10:28","date_gmt":"2025-08-28T00:10:28","guid":{"rendered":"https:\/\/roveyayinevi.com.tr\/index.php\/urun\/seyit-onbasi-tarihte-iz-birakanlar\/"},"modified":"2026-04-16T03:00:25","modified_gmt":"2026-04-16T00:00:25","slug":"seyit-onbasi-tarihte-iz-birakanlar","status":"publish","type":"product","link":"https:\/\/roveyayinevi.com.tr\/index.php\/urun\/seyit-onbasi-tarihte-iz-birakanlar\/","title":{"rendered":"Seyit Onba\u015f\u0131 &#8211; Tarihte \u0130z B\u0131rakanlar"},"content":{"rendered":"<p>T\u00fcrk milletinin kendi kaderini tayin etti\u011fi 18 Mart 1915 g\u00fcn\u00fc Mecidiye Tabyas\u0131\u2019nda g\u00f6revli olan Seyit Ali, o g\u00fcn inan\u0131lmaz bir kahramanl\u0131k g\u00f6sterdi.\u00c7anakkale deniz sava\u015flar\u0131n\u0131n en yo\u011fun ve en \u00f6nemli g\u00fcn\u00fc olan 18 Mart g\u00fcn\u00fc m\u00fcttefik donanmas\u0131n\u0131n en \u00f6nemli hedefi tabyalard\u0131. Koca Seyit\u2019in g\u00f6rev yapt\u0131\u011f\u0131 tabya olan Mecidiye Tabyas\u0131 da 18 Mart g\u00fcn\u00fc isabet alm\u0131\u015f ve 14 nefer \u015fehit olmu\u015ftur. Bu bombard\u0131mandan sa\u011f olarak kurtulan Koca Seyit sa\u011flam kalan topu, 215 kiloluk mermiyi Ni\u011fdeli Ali\u2019nin de yard\u0131m\u0131yla s\u0131rt\u0131nda ta\u015f\u0131yarak, 3 kez ate\u015flemi\u015f ve \u00fc\u00e7\u00fcnc\u00fc at\u0131\u015fta Ocean z\u0131rhl\u0131s\u0131n\u0131 d\u00fcmen tertibat\u0131ndan vurmu\u015ftur.<\/p>\n","protected":false},"excerpt":{"rendered":"<p>T\u00fcrk milletinin kendi kaderini tayin etti\u011fi 18 Mart 1915 g\u00fcn\u00fc Mecidiye Tabyas\u0131\u2019nda g\u00f6revli olan Seyit Ali, o g\u00fcn inan\u0131lmaz bir kahramanl\u0131k g\u00f6sterdi.\u00c7anakkale deniz sava\u015flar\u0131n\u0131n en yo\u011fun<span class=\"excerpt-hellip\"> [\u2026]<\/span><\/p>\n","protected":false},"featured_media":0,"template":"","meta":{"_monsterinsights_skip_tracking":false,"_monsterinsights_sitenote_active":false,"_monsterinsights_sitenote_note":"","_monsterinsights_sitenote_category":0},"product_brand":[],"product_cat":[13946,12304],"product_tag":[],"class_list":{"0":"post-747600","1":"product","2":"type-product","3":"status-publish","5":"product_cat-biyografi-otobiyografi","6":"product_cat-tarih","7":"pa_cilt-ciltsiz","8":"pa_tur-kitap","9":"pa_yayinevi-parola-yayinlari","10":"pa_yazar-turan-tektas","12":"first","13":"instock","14":"sale","15":"shipping-taxable","16":"purchasable","17":"product-type-simple"},"_links":{"self":[{"href":"https:\/\/roveyayinevi.com.tr\/index.php\/wp-json\/wp\/v2\/product\/747600","targetHints":{"allow":["GET"]}}],"collection":[{"href":"https:\/\/roveyayinevi.com.tr\/index.php\/wp-json\/wp\/v2\/product"}],"about":[{"href":"https:\/\/roveyayinevi.com.tr\/index.php\/wp-json\/wp\/v2\/types\/product"}],"wp:attachment":[{"href":"https:\/\/roveyayinevi.com.tr\/index.php\/wp-json\/wp\/v2\/media?parent=747600"}],"wp:term":[{"taxonomy":"product_brand","embeddable":true,"href":"https:\/\/roveyayinevi.com.tr\/index.php\/wp-json\/wp\/v2\/product_brand?post=747600"},{"taxonomy":"product_cat","embeddable":true,"href":"https:\/\/roveyayinevi.com.tr\/index.php\/wp-json\/wp\/v2\/product_cat?post=747600"},{"taxonomy":"product_tag","embeddable":true,"href":"https:\/\/roveyayinevi.com.tr\/index.php\/wp-json\/wp\/v2\/product_tag?post=747600"}],"curies":[{"name":"wp","href":"https:\/\/api.w.org\/{rel}","templated":true}]}}