{"id":747598,"date":"2025-08-28T03:10:26","date_gmt":"2025-08-28T00:10:26","guid":{"rendered":"https:\/\/roveyayinevi.com.tr\/index.php\/urun\/mevlana-celaleddin-i-rumi-tarihte-iz-birakanlar\/"},"modified":"2026-04-16T03:00:25","modified_gmt":"2026-04-16T00:00:25","slug":"mevlana-celaleddin-i-rumi-tarihte-iz-birakanlar","status":"publish","type":"product","link":"https:\/\/roveyayinevi.com.tr\/index.php\/urun\/mevlana-celaleddin-i-rumi-tarihte-iz-birakanlar\/","title":{"rendered":"Mevlana Celaleddin-i Rumi &#8211; Tarihte \u0130z B\u0131rakanlar"},"content":{"rendered":"<p>\u0130nsan d\u00fc\u015f\u00fcncesine yepyeni bir mesaj veren ve \u0130slam d\u00fc\u015f\u00fcn\u00fcrlerinin fikir ve sistemlerini, inan\u00e7 akidelerini ruh, ak\u0131l ve sevgi \u00fc\u00e7geni i\u00e7inde sunan, insanl\u0131\u011fa ahlak, din, ilim ve ak\u0131l yolunda heyecan katarak yeni ufuklar a\u00e7an Mevl\u00e2na Cel\u00e2leddin Rumi, m\u00fcstesna bir varl\u0131k, bir \u0131\u015f\u0131k, manevi bir g\u00fcne\u015ftir. Onun insan d\u00fc\u015f\u00fcncesine verdi\u011fi en b\u00fcy\u00fck mesaj A\u015fk, Sevgi ve Birliktir. O, hi\u00e7bir \u015feyi ink\u00e2r etmez, ama her \u015feyi birle\u015ftirir, b\u00fct\u00fcnle\u015ftirir ve sevdirir. O kimseyi ayr\u0131 g\u00f6rmez; \u00c7\u00fcnk\u00fc O, her \u015feyin Allah\u2019\u0131n zuhur ve tecellisi oldu\u011funu bilir ve bunu g\u00f6nl\u00fcne ve insan akl\u0131na h\u00e2l olarak yans\u0131t\u0131r. \u0130nsan yarat\u0131lm\u0131\u015flar\u0131n en \u015fereflisidir d\u00fcsturuyla; her dilden, her dinden, her renkten insan\u0131 kucaklayan Hz. Mevl\u00e2na sevginin, bar\u0131\u015f\u0131n, karde\u015fli\u011fin, ho\u015fg\u00f6r\u00fcn\u00fcn sembol\u00fcd\u00fcr.<\/p>\n","protected":false},"excerpt":{"rendered":"<p>\u0130nsan d\u00fc\u015f\u00fcncesine yepyeni bir mesaj veren ve \u0130slam d\u00fc\u015f\u00fcn\u00fcrlerinin fikir ve sistemlerini, inan\u00e7 akidelerini ruh, ak\u0131l ve sevgi \u00fc\u00e7geni i\u00e7inde sunan, insanl\u0131\u011fa ahlak, din, ilim ve<span class=\"excerpt-hellip\"> [\u2026]<\/span><\/p>\n","protected":false},"featured_media":0,"template":"","meta":{"_monsterinsights_skip_tracking":false,"_monsterinsights_sitenote_active":false,"_monsterinsights_sitenote_note":"","_monsterinsights_sitenote_category":0},"product_brand":[],"product_cat":[13946,12304],"product_tag":[],"class_list":{"0":"post-747598","1":"product","2":"type-product","3":"status-publish","5":"product_cat-biyografi-otobiyografi","6":"product_cat-tarih","7":"pa_cilt-ciltsiz","8":"pa_tur-kitap","9":"pa_yayinevi-parola-yayinlari","10":"pa_yazar-turan-tektas","12":"first","13":"instock","14":"sale","15":"shipping-taxable","16":"purchasable","17":"product-type-simple"},"_links":{"self":[{"href":"https:\/\/roveyayinevi.com.tr\/index.php\/wp-json\/wp\/v2\/product\/747598","targetHints":{"allow":["GET"]}}],"collection":[{"href":"https:\/\/roveyayinevi.com.tr\/index.php\/wp-json\/wp\/v2\/product"}],"about":[{"href":"https:\/\/roveyayinevi.com.tr\/index.php\/wp-json\/wp\/v2\/types\/product"}],"wp:attachment":[{"href":"https:\/\/roveyayinevi.com.tr\/index.php\/wp-json\/wp\/v2\/media?parent=747598"}],"wp:term":[{"taxonomy":"product_brand","embeddable":true,"href":"https:\/\/roveyayinevi.com.tr\/index.php\/wp-json\/wp\/v2\/product_brand?post=747598"},{"taxonomy":"product_cat","embeddable":true,"href":"https:\/\/roveyayinevi.com.tr\/index.php\/wp-json\/wp\/v2\/product_cat?post=747598"},{"taxonomy":"product_tag","embeddable":true,"href":"https:\/\/roveyayinevi.com.tr\/index.php\/wp-json\/wp\/v2\/product_tag?post=747598"}],"curies":[{"name":"wp","href":"https:\/\/api.w.org\/{rel}","templated":true}]}}