{"id":747597,"date":"2025-08-28T03:10:24","date_gmt":"2025-08-28T00:10:24","guid":{"rendered":"https:\/\/roveyayinevi.com.tr\/index.php\/urun\/annem-ben-ve-duygularimiz\/"},"modified":"2026-04-16T03:00:25","modified_gmt":"2026-04-16T00:00:25","slug":"annem-ben-ve-duygularimiz","status":"publish","type":"product","link":"https:\/\/roveyayinevi.com.tr\/index.php\/urun\/annem-ben-ve-duygularimiz\/","title":{"rendered":"Annem, Ben ve Duygular\u0131m\u0131z"},"content":{"rendered":"<p>ALGAR \u00c7ocuk Kitab\u0131 \u00d6d\u00fcl\u00fc Finalisti Bazen annemin ba\u015f\u0131nda \u015fim\u015fekler \u00e7akar. O zaman y\u00fcksek sesle ve di\u015flerini s\u0131karak konu\u015fur. Bazen annemin ba\u015f\u0131 bulutlu olur, o zaman meyve saatimi unutur, do\u011fum g\u00fcn\u00fc partilerine ge\u00e7 kal\u0131r\u0131z. Baz\u0131 zamanlarda annemin ba\u015f\u0131nda g\u00f6kku\u015fa\u011f\u0131 olur, durmadan beni \u00f6per ve arabada \u015fark\u0131lar s\u00f6yler. Peki zaman zaman benim ba\u015f\u0131mda da \u015fim\u015fekler \u00e7akar m\u0131 ya da g\u00f6kku\u015fa\u011f\u0131 olur mu? Duygular\u0131n gelip bir s\u00fcre bizimle kalan ve sonra u\u00e7up giden do\u011fas\u0131n\u0131 anlamam\u0131za yard\u0131mc\u0131 olan, t\u00fcm duygular\u0131n hayatta yeri oldu\u011funu vurgulayan samimi bir \u00f6yk\u00fc.<\/p>\n","protected":false},"excerpt":{"rendered":"<p>ALGAR \u00c7ocuk Kitab\u0131 \u00d6d\u00fcl\u00fc Finalisti Bazen annemin ba\u015f\u0131nda \u015fim\u015fekler \u00e7akar. O zaman y\u00fcksek sesle ve di\u015flerini s\u0131karak konu\u015fur. Bazen annemin ba\u015f\u0131 bulutlu olur, o zaman meyve<span class=\"excerpt-hellip\"> [\u2026]<\/span><\/p>\n","protected":false},"featured_media":0,"template":"","meta":{"_monsterinsights_skip_tracking":false,"_monsterinsights_sitenote_active":false,"_monsterinsights_sitenote_note":"","_monsterinsights_sitenote_category":0},"product_brand":[],"product_cat":[12274,12284],"product_tag":[],"class_list":{"0":"post-747597","1":"product","2":"type-product","3":"status-publish","5":"product_cat-cocuk-ve-genclik-kitaplari","6":"product_cat-hikayeler","7":"pa_cilt-ciltsiz","8":"pa_tur-kitap","9":"pa_yayinevi-1001-cicek-kitaplar","10":"pa_yazar-bea-taboada","12":"first","13":"instock","14":"sale","15":"shipping-taxable","16":"purchasable","17":"product-type-simple"},"_links":{"self":[{"href":"https:\/\/roveyayinevi.com.tr\/index.php\/wp-json\/wp\/v2\/product\/747597","targetHints":{"allow":["GET"]}}],"collection":[{"href":"https:\/\/roveyayinevi.com.tr\/index.php\/wp-json\/wp\/v2\/product"}],"about":[{"href":"https:\/\/roveyayinevi.com.tr\/index.php\/wp-json\/wp\/v2\/types\/product"}],"wp:attachment":[{"href":"https:\/\/roveyayinevi.com.tr\/index.php\/wp-json\/wp\/v2\/media?parent=747597"}],"wp:term":[{"taxonomy":"product_brand","embeddable":true,"href":"https:\/\/roveyayinevi.com.tr\/index.php\/wp-json\/wp\/v2\/product_brand?post=747597"},{"taxonomy":"product_cat","embeddable":true,"href":"https:\/\/roveyayinevi.com.tr\/index.php\/wp-json\/wp\/v2\/product_cat?post=747597"},{"taxonomy":"product_tag","embeddable":true,"href":"https:\/\/roveyayinevi.com.tr\/index.php\/wp-json\/wp\/v2\/product_tag?post=747597"}],"curies":[{"name":"wp","href":"https:\/\/api.w.org\/{rel}","templated":true}]}}