{"id":747595,"date":"2025-08-28T03:10:22","date_gmt":"2025-08-28T00:10:22","guid":{"rendered":"https:\/\/roveyayinevi.com.tr\/index.php\/urun\/dunyamizin-iyiligi-icin-dogayi-koru\/"},"modified":"2026-04-16T03:00:25","modified_gmt":"2026-04-16T00:00:25","slug":"dunyamizin-iyiligi-icin-dogayi-koru","status":"publish","type":"product","link":"https:\/\/roveyayinevi.com.tr\/index.php\/urun\/dunyamizin-iyiligi-icin-dogayi-koru\/","title":{"rendered":"D\u00fcnyam\u0131z\u0131n \u0130yili\u011fi \u0130\u00e7in Do\u011fay\u0131 Koru"},"content":{"rendered":"<p>Do\u011fay\u0131 koruman\u0131n bir\u00e7ok yolu var. \u00d6rne\u011fin bir fidan dikerek, at\u0131k malzemeleri ayr\u0131\u015ft\u0131rarak, plastik kullan\u0131m\u0131n\u0131 azaltarak, daha az t\u00fcketerek veya \u0131\u015f\u0131klar\u0131 kapatarak \u00fczerimize d\u00fc\u015fen g\u00f6revi yerine getirebiliriz. D\u00fcnyam\u0131z\u0131n \u0130yili\u011fi \u0130\u00e7in Do\u011fay\u0131 Koru, do\u011fam\u0131z\u0131 etkili bir bi\u00e7imde koruman\u0131n 46 pratik yolunu g\u00f6steriyor. G\u00fcnl\u00fck hayatta fark\u0131nda bile olmadan yapt\u0131\u011f\u0131m\u0131z hatalar\u0131 ortaya koyarak asl\u0131nda dikkat etti\u011fimizde uygulamas\u0131 \u00e7ok basit olan ama d\u00fcnyam\u0131z\u0131 korumak i\u00e7in hayati \u00f6nem ta\u015f\u0131yan pratikleri bizlere \u00f6\u011fretiyor. Daha iyi bir gelecek i\u00e7in ad\u0131m atmaya haz\u0131r m\u0131s\u0131n? Bize Kat\u0131l! \u00c7evreci ol! Do\u011fay\u0131 Koru! <\/p>\n","protected":false},"excerpt":{"rendered":"<p>Do\u011fay\u0131 koruman\u0131n bir\u00e7ok yolu var. \u00d6rne\u011fin bir fidan dikerek, at\u0131k malzemeleri ayr\u0131\u015ft\u0131rarak, plastik kullan\u0131m\u0131n\u0131 azaltarak, daha az t\u00fcketerek veya \u0131\u015f\u0131klar\u0131 kapatarak \u00fczerimize d\u00fc\u015fen g\u00f6revi yerine getirebiliriz.<span class=\"excerpt-hellip\"> [\u2026]<\/span><\/p>\n","protected":false},"featured_media":0,"template":"","meta":{"_monsterinsights_skip_tracking":false,"_monsterinsights_sitenote_active":false,"_monsterinsights_sitenote_note":"","_monsterinsights_sitenote_category":0},"product_brand":[],"product_cat":[12274,15842],"product_tag":[],"class_list":{"0":"post-747595","1":"product","2":"type-product","3":"status-publish","5":"product_cat-cocuk-ve-genclik-kitaplari","6":"product_cat-egitici-kitaplar","7":"pa_cilt-ciltsiz","8":"pa_tur-kitap","9":"pa_yayinevi-1001-cicek-kitaplar","10":"pa_yazar-jennifer-moore-mallinos-gustavo-mazali","12":"first","13":"instock","14":"sale","15":"shipping-taxable","16":"purchasable","17":"product-type-simple"},"_links":{"self":[{"href":"https:\/\/roveyayinevi.com.tr\/index.php\/wp-json\/wp\/v2\/product\/747595","targetHints":{"allow":["GET"]}}],"collection":[{"href":"https:\/\/roveyayinevi.com.tr\/index.php\/wp-json\/wp\/v2\/product"}],"about":[{"href":"https:\/\/roveyayinevi.com.tr\/index.php\/wp-json\/wp\/v2\/types\/product"}],"wp:attachment":[{"href":"https:\/\/roveyayinevi.com.tr\/index.php\/wp-json\/wp\/v2\/media?parent=747595"}],"wp:term":[{"taxonomy":"product_brand","embeddable":true,"href":"https:\/\/roveyayinevi.com.tr\/index.php\/wp-json\/wp\/v2\/product_brand?post=747595"},{"taxonomy":"product_cat","embeddable":true,"href":"https:\/\/roveyayinevi.com.tr\/index.php\/wp-json\/wp\/v2\/product_cat?post=747595"},{"taxonomy":"product_tag","embeddable":true,"href":"https:\/\/roveyayinevi.com.tr\/index.php\/wp-json\/wp\/v2\/product_tag?post=747595"}],"curies":[{"name":"wp","href":"https:\/\/api.w.org\/{rel}","templated":true}]}}