{"id":747594,"date":"2025-08-28T03:10:20","date_gmt":"2025-08-28T00:10:20","guid":{"rendered":"https:\/\/roveyayinevi.com.tr\/index.php\/urun\/haci-bektas-i-veli-tarihte-iz-birakanlar\/"},"modified":"2026-04-16T03:00:25","modified_gmt":"2026-04-16T00:00:25","slug":"haci-bektas-i-veli-tarihte-iz-birakanlar","status":"publish","type":"product","link":"https:\/\/roveyayinevi.com.tr\/index.php\/urun\/haci-bektas-i-veli-tarihte-iz-birakanlar\/","title":{"rendered":"Hac\u0131 Bekta\u015f-\u0131 Veli &#8211; Tarihte \u0130z B\u0131rakanlar"},"content":{"rendered":"<p>Mevlana\u2019n\u0131n halifelerinden Ulu Arif \u00c7elebi\u2019nin m\u00fcridi olan Tarih\u00e7i Ahmet Eflaki 1353 y\u0131l\u0131nda yazm\u0131\u015f oldu\u011fu Menakibularifin \u201cAriflerin Menk\u0131beleri\u2019nde\u201d \u015f\u00f6yle der: \u201cHac\u0131 Bekta\u015f Veli, Baba Resul\u2019\u00fcn (Baba \u0130lyas) has halifelerindendi. Baba Resul Rum \u00fclkesinde Anadolu\u2019da zuhur etmi\u015fti. Bir topluluk ona Baba Resulullah (Allah\u2019\u0131n El\u00e7isi Baba) diyordu. Hac\u0131 Bekta\u015f\u2019\u0131n marifetle dolu bir kalbi vard\u0131, fakat \u015feriata uymuyordu.\u201dBu nedenledir ki Baba \u0130lyas kendisinden sonra ancak Hac\u0131 Bekta\u015f Veli\u2019nin Anadolu halk\u0131n\u0131n yeni umudu olaca\u011f\u0131n\u0131 biliyor ve halifesini de bu i\u015f i\u00e7in g\u00f6revlendiriyordu. Di\u011fer Horasan ve Anadolu Erenleri de Hac\u0131 Bekta\u015f Veli\u2019nin pe\u015finden gitmekten geri durmam\u0131\u015flard\u0131. Art\u0131k onlar\u0131n Pir\u2019i Hac\u0131 Bekta\u015f Veli\u2019dir.<\/p>\n","protected":false},"excerpt":{"rendered":"<p>Mevlana\u2019n\u0131n halifelerinden Ulu Arif \u00c7elebi\u2019nin m\u00fcridi olan Tarih\u00e7i Ahmet Eflaki 1353 y\u0131l\u0131nda yazm\u0131\u015f oldu\u011fu Menakibularifin \u201cAriflerin Menk\u0131beleri\u2019nde\u201d \u015f\u00f6yle der: \u201cHac\u0131 Bekta\u015f Veli, Baba Resul\u2019\u00fcn (Baba \u0130lyas)<span class=\"excerpt-hellip\"> [\u2026]<\/span><\/p>\n","protected":false},"featured_media":0,"template":"","meta":{"_monsterinsights_skip_tracking":false,"_monsterinsights_sitenote_active":false,"_monsterinsights_sitenote_note":"","_monsterinsights_sitenote_category":0},"product_brand":[],"product_cat":[13946,12304],"product_tag":[],"class_list":{"0":"post-747594","1":"product","2":"type-product","3":"status-publish","5":"product_cat-biyografi-otobiyografi","6":"product_cat-tarih","7":"pa_cilt-ciltsiz","8":"pa_tur-kitap","9":"pa_yayinevi-parola-yayinlari","10":"pa_yazar-turan-tektas","12":"first","13":"instock","14":"sale","15":"shipping-taxable","16":"purchasable","17":"product-type-simple"},"_links":{"self":[{"href":"https:\/\/roveyayinevi.com.tr\/index.php\/wp-json\/wp\/v2\/product\/747594","targetHints":{"allow":["GET"]}}],"collection":[{"href":"https:\/\/roveyayinevi.com.tr\/index.php\/wp-json\/wp\/v2\/product"}],"about":[{"href":"https:\/\/roveyayinevi.com.tr\/index.php\/wp-json\/wp\/v2\/types\/product"}],"wp:attachment":[{"href":"https:\/\/roveyayinevi.com.tr\/index.php\/wp-json\/wp\/v2\/media?parent=747594"}],"wp:term":[{"taxonomy":"product_brand","embeddable":true,"href":"https:\/\/roveyayinevi.com.tr\/index.php\/wp-json\/wp\/v2\/product_brand?post=747594"},{"taxonomy":"product_cat","embeddable":true,"href":"https:\/\/roveyayinevi.com.tr\/index.php\/wp-json\/wp\/v2\/product_cat?post=747594"},{"taxonomy":"product_tag","embeddable":true,"href":"https:\/\/roveyayinevi.com.tr\/index.php\/wp-json\/wp\/v2\/product_tag?post=747594"}],"curies":[{"name":"wp","href":"https:\/\/api.w.org\/{rel}","templated":true}]}}