{"id":747593,"date":"2025-08-28T03:10:19","date_gmt":"2025-08-28T00:10:19","guid":{"rendered":"https:\/\/roveyayinevi.com.tr\/index.php\/urun\/nene-hatun-tarihte-iz-birakanlar\/"},"modified":"2026-04-16T03:00:25","modified_gmt":"2026-04-16T00:00:25","slug":"nene-hatun-tarihte-iz-birakanlar","status":"publish","type":"product","link":"https:\/\/roveyayinevi.com.tr\/index.php\/urun\/nene-hatun-tarihte-iz-birakanlar\/","title":{"rendered":"Nene Hatun &#8211; Tarihte \u0130z B\u0131rakanlar"},"content":{"rendered":"<p>Rus askerlerin 8 Kas\u0131m 1877 gecesi Aziziye Tabyas\u0131\u2019n\u0131 ele ge\u00e7irdi\u011fi haberinin Erzurum\u2019da sabah ezan\u0131nda minarelerden duyurulmas\u0131 \u00fczerine Osmanl\u0131 askerine yard\u0131m i\u00e7in ta\u015f ve sopalarla m\u00fccadeleye giren \u015fehir halk\u0131na kat\u0131lm\u0131\u015f ve g\u00f6sterdi\u011fi yararl\u0131l\u0131klar sonucu efsanele\u015fmi\u015ftir.1955\u2019te T\u00fcrk Kad\u0131nlar Birli\u011fi taraf\u0131ndan Y\u0131l\u0131n Annesi se\u00e7ilen Nene Hatun, T\u00fcrkiye\u2019de \u201cY\u0131l\u0131n Annesi\u201d unvan\u0131 verilmi\u015f ilk kad\u0131nd\u0131r. Ayr\u0131ca T\u00fcrk Silahl\u0131 Kuvvetleri taraf\u0131ndan verilmi\u015f olan \u201c3. Ordunun Nenesi\u201d unvan\u0131n\u0131 ta\u015f\u0131r.D\u00f6nemin Nato Ordular\u0131 Ba\u015fkomutan\u0131 Amerikal\u0131 General Matthew Ridgway&#8217;in Erzurum&#8217;da Nene Hatun&#8217;u cesaretinden dolay\u0131 ziyaret ederek elini \u00f6pmesi, kahraman T\u00fcrk kad\u0131n\u0131n\u0131n vatan\u0131 i\u00e7in t\u00fcm fedakarl\u0131\u011f\u0131 yapabilece\u011fini g\u00f6steren Nene Hatun isminin \u00e7ok daha fazla tan\u0131n\u0131p bilinmesini sa\u011flad\u0131.<\/p>\n","protected":false},"excerpt":{"rendered":"<p>Rus askerlerin 8 Kas\u0131m 1877 gecesi Aziziye Tabyas\u0131\u2019n\u0131 ele ge\u00e7irdi\u011fi haberinin Erzurum\u2019da sabah ezan\u0131nda minarelerden duyurulmas\u0131 \u00fczerine Osmanl\u0131 askerine yard\u0131m i\u00e7in ta\u015f ve sopalarla m\u00fccadeleye giren<span class=\"excerpt-hellip\"> [\u2026]<\/span><\/p>\n","protected":false},"featured_media":0,"template":"","meta":{"_monsterinsights_skip_tracking":false,"_monsterinsights_sitenote_active":false,"_monsterinsights_sitenote_note":"","_monsterinsights_sitenote_category":0},"product_brand":[],"product_cat":[13946,12304],"product_tag":[],"class_list":{"0":"post-747593","1":"product","2":"type-product","3":"status-publish","5":"product_cat-biyografi-otobiyografi","6":"product_cat-tarih","7":"pa_cilt-ciltsiz","8":"pa_tur-kitap","9":"pa_yayinevi-parola-yayinlari","10":"pa_yazar-turan-tektas","12":"first","13":"instock","14":"sale","15":"shipping-taxable","16":"purchasable","17":"product-type-simple"},"_links":{"self":[{"href":"https:\/\/roveyayinevi.com.tr\/index.php\/wp-json\/wp\/v2\/product\/747593","targetHints":{"allow":["GET"]}}],"collection":[{"href":"https:\/\/roveyayinevi.com.tr\/index.php\/wp-json\/wp\/v2\/product"}],"about":[{"href":"https:\/\/roveyayinevi.com.tr\/index.php\/wp-json\/wp\/v2\/types\/product"}],"wp:attachment":[{"href":"https:\/\/roveyayinevi.com.tr\/index.php\/wp-json\/wp\/v2\/media?parent=747593"}],"wp:term":[{"taxonomy":"product_brand","embeddable":true,"href":"https:\/\/roveyayinevi.com.tr\/index.php\/wp-json\/wp\/v2\/product_brand?post=747593"},{"taxonomy":"product_cat","embeddable":true,"href":"https:\/\/roveyayinevi.com.tr\/index.php\/wp-json\/wp\/v2\/product_cat?post=747593"},{"taxonomy":"product_tag","embeddable":true,"href":"https:\/\/roveyayinevi.com.tr\/index.php\/wp-json\/wp\/v2\/product_tag?post=747593"}],"curies":[{"name":"wp","href":"https:\/\/api.w.org\/{rel}","templated":true}]}}