{"id":747589,"date":"2025-08-28T03:10:13","date_gmt":"2025-08-28T00:10:13","guid":{"rendered":"https:\/\/roveyayinevi.com.tr\/index.php\/urun\/niccola-machivelli-filozoflar\/"},"modified":"2026-04-16T03:00:25","modified_gmt":"2026-04-16T00:00:25","slug":"niccola-machivelli-filozoflar","status":"publish","type":"product","link":"https:\/\/roveyayinevi.com.tr\/index.php\/urun\/niccola-machivelli-filozoflar\/","title":{"rendered":"Niccola Machivelli &#8211; Filozoflar"},"content":{"rendered":"<p>Niccolo Machiavelli olmas\u0131 gereken ideal bir devlet anlay\u0131\u015f\u0131 ve onun ahlaki temelleri ile u\u011fra\u015fmaktan ziyade hayat\u0131 boyunca bizzat kendisinin tecr\u00fcbe etti\u011fi politik hayat\u0131 ve olgular\u0131 incelemi\u015ftir. Onun temel amac\u0131 politikaya ahlaktan ba\u011f\u0131ms\u0131z bir varl\u0131k alan\u0131 kazand\u0131rmakt\u0131r. Ona g\u00f6re e\u011fer bir y\u00f6netici ahlaki ilkelere g\u00f6re toplumu y\u00f6netmeye kalk\u0131\u015f\u0131rsa sonunda kendi iktidar\u0131 d\u00e2hil devletin ve toplumun d\u00fczeni ahengi ve refah\u0131n\u0131 kaybedebilir. O politikay\u0131 ele al\u0131rken ahlaki bir zemin \u00fczerinde tart\u0131\u015fmak yerine bilimsel bir bak\u0131\u015f a\u00e7\u0131s\u0131 tak\u0131nmaya \u00e7abalam\u0131\u015ft\u0131r. Bu nedenle kendisi politika bilimi kurmaya \u00e7abalam\u0131\u015ft\u0131r. Niccolo Machiavelli&#8217;ye g\u00f6re insan do\u011fas\u0131 gere\u011fi bencildir ve sadece kendi \u00e7\u0131kar\u0131n\u0131 d\u00fc\u015f\u00fcn\u00fcr. B\u00f6ylesi bir varl\u0131\u011f\u0131 ortak bir toplum paydas\u0131nda bir araya getirmek \u00e7ok zordur. Bu b\u00fcy\u00fck bir d\u00f6n\u00fc\u015f\u00fcm ile meydana gelebilir. Bu ama\u00e7la var olan geleneksel devlet anlay\u0131\u015f\u0131 t\u00fcm\u00fcyle reddedilmelidir.<\/p>\n","protected":false},"excerpt":{"rendered":"<p>Niccolo Machiavelli olmas\u0131 gereken ideal bir devlet anlay\u0131\u015f\u0131 ve onun ahlaki temelleri ile u\u011fra\u015fmaktan ziyade hayat\u0131 boyunca bizzat kendisinin tecr\u00fcbe etti\u011fi politik hayat\u0131 ve olgular\u0131 incelemi\u015ftir.<span class=\"excerpt-hellip\"> [\u2026]<\/span><\/p>\n","protected":false},"featured_media":0,"template":"","meta":{"_monsterinsights_skip_tracking":false,"_monsterinsights_sitenote_active":false,"_monsterinsights_sitenote_note":"","_monsterinsights_sitenote_category":0},"product_brand":[],"product_cat":[14009,12291],"product_tag":[],"class_list":{"0":"post-747589","1":"product","2":"type-product","3":"status-publish","5":"product_cat-biyografi-otobiyografi-edebiyat","6":"product_cat-edebiyat","7":"pa_cilt-ciltsiz","8":"pa_tur-kitap","9":"pa_yayinevi-parola-yayinlari","10":"pa_yazar-turan-tektas","12":"first","13":"instock","14":"sale","15":"shipping-taxable","16":"purchasable","17":"product-type-simple"},"_links":{"self":[{"href":"https:\/\/roveyayinevi.com.tr\/index.php\/wp-json\/wp\/v2\/product\/747589","targetHints":{"allow":["GET"]}}],"collection":[{"href":"https:\/\/roveyayinevi.com.tr\/index.php\/wp-json\/wp\/v2\/product"}],"about":[{"href":"https:\/\/roveyayinevi.com.tr\/index.php\/wp-json\/wp\/v2\/types\/product"}],"wp:attachment":[{"href":"https:\/\/roveyayinevi.com.tr\/index.php\/wp-json\/wp\/v2\/media?parent=747589"}],"wp:term":[{"taxonomy":"product_brand","embeddable":true,"href":"https:\/\/roveyayinevi.com.tr\/index.php\/wp-json\/wp\/v2\/product_brand?post=747589"},{"taxonomy":"product_cat","embeddable":true,"href":"https:\/\/roveyayinevi.com.tr\/index.php\/wp-json\/wp\/v2\/product_cat?post=747589"},{"taxonomy":"product_tag","embeddable":true,"href":"https:\/\/roveyayinevi.com.tr\/index.php\/wp-json\/wp\/v2\/product_tag?post=747589"}],"curies":[{"name":"wp","href":"https:\/\/api.w.org\/{rel}","templated":true}]}}