{"id":747584,"date":"2025-08-28T03:10:04","date_gmt":"2025-08-28T00:10:04","guid":{"rendered":"https:\/\/roveyayinevi.com.tr\/index.php\/urun\/dus-makinesi\/"},"modified":"2026-04-16T03:00:25","modified_gmt":"2026-04-16T00:00:25","slug":"dus-makinesi","status":"publish","type":"product","link":"https:\/\/roveyayinevi.com.tr\/index.php\/urun\/dus-makinesi\/","title":{"rendered":"D\u00fc\u015f Makinesi"},"content":{"rendered":"<p>Ava, bir gece yorgan\u0131n alt\u0131nda kay\u0131plara kar\u0131\u015fan el fenerinin pe\u015finden gitti\u011finde, \u00e7ok garip bir yere ula\u015f\u0131r: D\u00fc\u015f \u00fcreticilerinin ve gizemli d\u00fc\u015f makinesinin diyar\u0131na. Burada herkesin d\u00fc\u015flerini ger\u00e7ekle\u015ftiren b\u00fcy\u00fcl\u00fc bir buton bulur ve merak\u0131na yenik d\u00fc\u015ferek bu butona basar. Peki herkesin d\u00fc\u015f\u00fc ger\u00e7ekle\u015firse ne olur?<\/p>\n","protected":false},"excerpt":{"rendered":"<p>Ava, bir gece yorgan\u0131n alt\u0131nda kay\u0131plara kar\u0131\u015fan el fenerinin pe\u015finden gitti\u011finde, \u00e7ok garip bir yere ula\u015f\u0131r: D\u00fc\u015f \u00fcreticilerinin ve gizemli d\u00fc\u015f makinesinin diyar\u0131na. Burada herkesin d\u00fc\u015flerini<span class=\"excerpt-hellip\"> [\u2026]<\/span><\/p>\n","protected":false},"featured_media":0,"template":"","meta":{"_monsterinsights_skip_tracking":false,"_monsterinsights_sitenote_active":false,"_monsterinsights_sitenote_note":"","_monsterinsights_sitenote_category":0},"product_brand":[],"product_cat":[12274,12284],"product_tag":[],"class_list":{"0":"post-747584","1":"product","2":"type-product","3":"status-publish","5":"product_cat-cocuk-ve-genclik-kitaplari","6":"product_cat-hikayeler","7":"pa_cilt-ciltsiz","8":"pa_tur-kitap","9":"pa_yayinevi-mundi","10":"pa_yazar-jenny-jinks","12":"first","13":"instock","14":"sale","15":"shipping-taxable","16":"purchasable","17":"product-type-simple"},"_links":{"self":[{"href":"https:\/\/roveyayinevi.com.tr\/index.php\/wp-json\/wp\/v2\/product\/747584","targetHints":{"allow":["GET"]}}],"collection":[{"href":"https:\/\/roveyayinevi.com.tr\/index.php\/wp-json\/wp\/v2\/product"}],"about":[{"href":"https:\/\/roveyayinevi.com.tr\/index.php\/wp-json\/wp\/v2\/types\/product"}],"wp:attachment":[{"href":"https:\/\/roveyayinevi.com.tr\/index.php\/wp-json\/wp\/v2\/media?parent=747584"}],"wp:term":[{"taxonomy":"product_brand","embeddable":true,"href":"https:\/\/roveyayinevi.com.tr\/index.php\/wp-json\/wp\/v2\/product_brand?post=747584"},{"taxonomy":"product_cat","embeddable":true,"href":"https:\/\/roveyayinevi.com.tr\/index.php\/wp-json\/wp\/v2\/product_cat?post=747584"},{"taxonomy":"product_tag","embeddable":true,"href":"https:\/\/roveyayinevi.com.tr\/index.php\/wp-json\/wp\/v2\/product_tag?post=747584"}],"curies":[{"name":"wp","href":"https:\/\/api.w.org\/{rel}","templated":true}]}}