{"id":747580,"date":"2025-08-28T03:09:57","date_gmt":"2025-08-28T00:09:57","guid":{"rendered":"https:\/\/roveyayinevi.com.tr\/index.php\/urun\/korku-vadisi-sherlock-holmes-2\/"},"modified":"2026-04-16T03:00:25","modified_gmt":"2026-04-16T00:00:25","slug":"korku-vadisi-sherlock-holmes-2","status":"publish","type":"product","link":"https:\/\/roveyayinevi.com.tr\/index.php\/urun\/korku-vadisi-sherlock-holmes-2\/","title":{"rendered":"Korku Vadisi &#8211; Sherlock Holmes"},"content":{"rendered":"<p>Olaylar Amerika\u2019da d\u00f6rt taraf\u0131 ormanlarla \u00e7evrili bir vadinin ortas\u0131na kurulan, kasvetli bir madenci kasabas\u0131nda geli\u015fmeye ba\u015flar.Madenciler aras\u0131nda tipik bir Masonik yap\u0131lanmay\u0131 and\u0131ran \u00f6rg\u00fctlenme i\u015fini y\u00fcr\u00fcten gizli lider bu yap\u0131y\u0131 tam bir su\u00e7 i\u015fleme makinas\u0131na d\u00f6n\u00fc\u015ft\u00fcrm\u00fc\u015ft\u00fcr.Gizli \u00f6rg\u00fct\u00fcn emirlerine uymayanlar\u0131 ya da bu olu\u015fuma kar\u015f\u0131 gelenleri ac\u0131mas\u0131zca infaz ederek cezaland\u0131ran \u00f6rg\u00fct \u00fcyelerinin lideri ayn\u0131 zamanda Sherlock Holmes\u2019un ezeli d\u00fc\u015fman\u0131 Moriarty\u2019dir. Bu kasabada aniden geli\u015fen olaylar sonucu Amerika\u2019da ba\u015flayan uzun kovalamaca, \u0130ngiltere\u2019de devam eder. Ancak bu kovalamacaya Sherlock Holmes son noktay\u0131 koymak i\u00e7in dahil olunca o ana kadar kar\u015f\u0131la\u015fmad\u0131\u011f\u0131 kadar ac\u0131mas\u0131z, kanl\u0131 \u00f6rg\u00fct\u00fcn fedaileri ve lideriyle de kar\u015f\u0131 kar\u015f\u0131ya kal\u0131r.<\/p>\n","protected":false},"excerpt":{"rendered":"<p>Olaylar Amerika\u2019da d\u00f6rt taraf\u0131 ormanlarla \u00e7evrili bir vadinin ortas\u0131na kurulan, kasvetli bir madenci kasabas\u0131nda geli\u015fmeye ba\u015flar.Madenciler aras\u0131nda tipik bir Masonik yap\u0131lanmay\u0131 and\u0131ran \u00f6rg\u00fctlenme i\u015fini y\u00fcr\u00fcten gizli<span class=\"excerpt-hellip\"> [\u2026]<\/span><\/p>\n","protected":false},"featured_media":0,"template":"","meta":{"_monsterinsights_skip_tracking":false,"_monsterinsights_sitenote_active":false,"_monsterinsights_sitenote_note":"","_monsterinsights_sitenote_category":0},"product_brand":[],"product_cat":[12291,12711],"product_tag":[],"class_list":{"0":"post-747580","1":"product","2":"type-product","3":"status-publish","5":"product_cat-edebiyat","6":"product_cat-roman-oyku","7":"pa_cilt-ciltsiz","8":"pa_tur-kitap","9":"pa_yayinevi-parola-yayinlari","10":"pa_yazar-sir-arthur-conan-doyle","12":"first","13":"instock","14":"sale","15":"shipping-taxable","16":"purchasable","17":"product-type-simple"},"_links":{"self":[{"href":"https:\/\/roveyayinevi.com.tr\/index.php\/wp-json\/wp\/v2\/product\/747580","targetHints":{"allow":["GET"]}}],"collection":[{"href":"https:\/\/roveyayinevi.com.tr\/index.php\/wp-json\/wp\/v2\/product"}],"about":[{"href":"https:\/\/roveyayinevi.com.tr\/index.php\/wp-json\/wp\/v2\/types\/product"}],"wp:attachment":[{"href":"https:\/\/roveyayinevi.com.tr\/index.php\/wp-json\/wp\/v2\/media?parent=747580"}],"wp:term":[{"taxonomy":"product_brand","embeddable":true,"href":"https:\/\/roveyayinevi.com.tr\/index.php\/wp-json\/wp\/v2\/product_brand?post=747580"},{"taxonomy":"product_cat","embeddable":true,"href":"https:\/\/roveyayinevi.com.tr\/index.php\/wp-json\/wp\/v2\/product_cat?post=747580"},{"taxonomy":"product_tag","embeddable":true,"href":"https:\/\/roveyayinevi.com.tr\/index.php\/wp-json\/wp\/v2\/product_tag?post=747580"}],"curies":[{"name":"wp","href":"https:\/\/api.w.org\/{rel}","templated":true}]}}