{"id":747579,"date":"2025-08-28T03:09:56","date_gmt":"2025-08-28T00:09:56","guid":{"rendered":"https:\/\/roveyayinevi.com.tr\/index.php\/urun\/ismet-inonunun-dis-politikasi-1938-1950\/"},"modified":"2026-04-16T03:00:25","modified_gmt":"2026-04-16T00:00:25","slug":"ismet-inonunun-dis-politikasi-1938-1950","status":"publish","type":"product","link":"https:\/\/roveyayinevi.com.tr\/index.php\/urun\/ismet-inonunun-dis-politikasi-1938-1950\/","title":{"rendered":"\u0130smet \u0130n\u00f6n\u00fc\u2019n\u00fcn D\u0131\u015f Politikas\u0131 (1938-1950)"},"content":{"rendered":"<p>T\u00fcrkiye\u2019yi \u0130kinci D\u00fcnya Sava\u015f\u0131&#8217;n\u0131n d\u0131\u015f\u0131nda tutmas\u0131, \u0130smet \u0130n\u00f6n\u00fc\u2019n\u00fcn, siyasal ya\u015fam\u0131 boyunca kazand\u0131\u011f\u0131 en b\u00fcy\u00fck ba\u015far\u0131lardan biri kabul edilir. Ancak T\u00fcrkiye, sava\u015fa girmemekle birlikte, sava\u015f\u0131n olumsuz etkilerini sava\u015f y\u0131llar\u0131nda ve sonras\u0131nda en derinden hisseden \u00fclke olmu\u015ftur.   \u0130kinci D\u00fcnya Sava\u015f\u0131 s\u0131ras\u0131nda ve sonras\u0131nda, T\u00fcrk d\u0131\u015f politikas\u0131n\u0131 saptayan ve uygulayan bizzat \u0130smet \u0130n\u00f6n\u00fc&#8217;yd\u00fc. \u0130n\u00f6n\u00fc, T\u00fcrkiye\u2019nin sava\u015fa kat\u0131lmas\u0131 konusunda Avrupa\u2019n\u0131n b\u00fcy\u00fck devletlerinin bask\u0131lar\u0131na kar\u015f\u0131 direnebilmi\u015f ve \u00fclkemizi sava\u015f\u0131n d\u0131\u015f\u0131nda tutmada ba\u015far\u0131ya ula\u015fm\u0131\u015ft\u0131r.   Kaynak Yay\u0131nlar\u0131 taraf\u0131ndan birinci ve ikinci bas\u0131mlar\u0131 ger\u00e7ekle\u015ftirilmi\u015f olan Do\u00e7. Dr. H\u00fcner Tuncer\u2019in \u0130smet \u0130n\u00f6n\u00fc\u2019n\u00fcn D\u0131\u015f Politikas\u0131, 1938-1950 ba\u015fl\u0131kl\u0131 kitab\u0131, bu kez g\u00f6zden ge\u00e7irilmi\u015f \u00fc\u00e7\u00fcnc\u00fc bas\u0131m\u0131yla okuyucu kar\u015f\u0131s\u0131na \u00e7\u0131k\u0131yor.   <\/p>\n","protected":false},"excerpt":{"rendered":"<p>T\u00fcrkiye\u2019yi \u0130kinci D\u00fcnya Sava\u015f\u0131&#8217;n\u0131n d\u0131\u015f\u0131nda tutmas\u0131, \u0130smet \u0130n\u00f6n\u00fc\u2019n\u00fcn, siyasal ya\u015fam\u0131 boyunca kazand\u0131\u011f\u0131 en b\u00fcy\u00fck ba\u015far\u0131lardan biri kabul edilir. Ancak T\u00fcrkiye, sava\u015fa girmemekle birlikte, sava\u015f\u0131n olumsuz etkilerini<span class=\"excerpt-hellip\"> [\u2026]<\/span><\/p>\n","protected":false},"featured_media":0,"template":"","meta":{"_monsterinsights_skip_tracking":false,"_monsterinsights_sitenote_active":false,"_monsterinsights_sitenote_note":"","_monsterinsights_sitenote_category":0},"product_brand":[],"product_cat":[13590,12337],"product_tag":[],"class_list":{"0":"post-747579","1":"product","2":"type-product","3":"status-publish","5":"product_cat-arastirma-inceleme-politika-siyaset","6":"product_cat-politika-siyaset","7":"pa_cilt-ciltsiz","8":"pa_tur-kitap","9":"pa_yayinevi-kaynak-yayinlari","10":"pa_yazar-huner-tuncer","12":"first","13":"instock","14":"sale","15":"shipping-taxable","16":"purchasable","17":"product-type-simple"},"_links":{"self":[{"href":"https:\/\/roveyayinevi.com.tr\/index.php\/wp-json\/wp\/v2\/product\/747579","targetHints":{"allow":["GET"]}}],"collection":[{"href":"https:\/\/roveyayinevi.com.tr\/index.php\/wp-json\/wp\/v2\/product"}],"about":[{"href":"https:\/\/roveyayinevi.com.tr\/index.php\/wp-json\/wp\/v2\/types\/product"}],"wp:attachment":[{"href":"https:\/\/roveyayinevi.com.tr\/index.php\/wp-json\/wp\/v2\/media?parent=747579"}],"wp:term":[{"taxonomy":"product_brand","embeddable":true,"href":"https:\/\/roveyayinevi.com.tr\/index.php\/wp-json\/wp\/v2\/product_brand?post=747579"},{"taxonomy":"product_cat","embeddable":true,"href":"https:\/\/roveyayinevi.com.tr\/index.php\/wp-json\/wp\/v2\/product_cat?post=747579"},{"taxonomy":"product_tag","embeddable":true,"href":"https:\/\/roveyayinevi.com.tr\/index.php\/wp-json\/wp\/v2\/product_tag?post=747579"}],"curies":[{"name":"wp","href":"https:\/\/api.w.org\/{rel}","templated":true}]}}