{"id":747576,"date":"2025-08-28T03:09:51","date_gmt":"2025-08-28T00:09:51","guid":{"rendered":"https:\/\/roveyayinevi.com.tr\/index.php\/urun\/buyuk-kucuk-iyilik\/"},"modified":"2026-04-11T03:07:54","modified_gmt":"2026-04-11T00:07:54","slug":"buyuk-kucuk-iyilik","status":"publish","type":"product","link":"https:\/\/roveyayinevi.com.tr\/index.php\/urun\/buyuk-kucuk-iyilik\/","title":{"rendered":"B\u00fcy\u00fck K\u00fc\u00e7\u00fck \u0130yilik"},"content":{"rendered":"<p>Orman\u0131n derinliklerinde bir nehir, nehrin sonunda bir akasya a\u011fac\u0131&#8230; G\u00f6lgesinde minik sincab\u0131 bekleyen, orman\u0131n en b\u00fcy\u00fck z\u00fcrafas\u0131. Peki, minik bir sincap, koca bir z\u00fcrafaya yard\u0131m edebilir mi? Kim bilir! Bunu ancak ne\u015feli bir yolculuktan sonra anlayabilir!   Seray A\u011far G\u00fclbudak, iyili\u011fi bamba\u015fka bir a\u00e7\u0131dan ele al\u0131yor bu kitapta. \u201cB\u00fcy\u00fck\u201d ve \u201cK\u00fc\u00e7\u00fck\u201d kavramlar\u0131n\u0131 kullanarak, iyilik ve \u00f6nyarg\u0131lar \u00fczerine d\u00fc\u015f\u00fcnmeye davet ediyor okuru. Sahip olduklar\u0131m\u0131z, yeteneklerimiz ve potansiyelimiz hakk\u0131nda bamba\u015fka sorgu kap\u0131lar\u0131 a\u00e7\u0131yor. Bunu yaparken, kulland\u0131\u011f\u0131 dil, tam da \u00e7ocuklara has! Ne\u015feli ve bir o kadar da derin!<\/p>\n","protected":false},"excerpt":{"rendered":"<p>Orman\u0131n derinliklerinde bir nehir, nehrin sonunda bir akasya a\u011fac\u0131&#8230; G\u00f6lgesinde minik sincab\u0131 bekleyen, orman\u0131n en b\u00fcy\u00fck z\u00fcrafas\u0131. Peki, minik bir sincap, koca bir z\u00fcrafaya yard\u0131m edebilir<span class=\"excerpt-hellip\"> [\u2026]<\/span><\/p>\n","protected":false},"featured_media":0,"template":"","meta":{"_monsterinsights_skip_tracking":false,"_monsterinsights_sitenote_active":false,"_monsterinsights_sitenote_note":"","_monsterinsights_sitenote_category":0},"product_brand":[],"product_cat":[12274,12284],"product_tag":[],"class_list":{"0":"post-747576","1":"product","2":"type-product","3":"status-publish","5":"product_cat-cocuk-ve-genclik-kitaplari","6":"product_cat-hikayeler","7":"pa_cilt-ciltsiz","8":"pa_tur-kitap","9":"pa_yayinevi-luna-cocuk-yayinlari","10":"pa_yazar-seray-agar-gulbudak","12":"first","13":"instock","14":"sale","15":"shipping-taxable","16":"purchasable","17":"product-type-simple"},"_links":{"self":[{"href":"https:\/\/roveyayinevi.com.tr\/index.php\/wp-json\/wp\/v2\/product\/747576","targetHints":{"allow":["GET"]}}],"collection":[{"href":"https:\/\/roveyayinevi.com.tr\/index.php\/wp-json\/wp\/v2\/product"}],"about":[{"href":"https:\/\/roveyayinevi.com.tr\/index.php\/wp-json\/wp\/v2\/types\/product"}],"wp:attachment":[{"href":"https:\/\/roveyayinevi.com.tr\/index.php\/wp-json\/wp\/v2\/media?parent=747576"}],"wp:term":[{"taxonomy":"product_brand","embeddable":true,"href":"https:\/\/roveyayinevi.com.tr\/index.php\/wp-json\/wp\/v2\/product_brand?post=747576"},{"taxonomy":"product_cat","embeddable":true,"href":"https:\/\/roveyayinevi.com.tr\/index.php\/wp-json\/wp\/v2\/product_cat?post=747576"},{"taxonomy":"product_tag","embeddable":true,"href":"https:\/\/roveyayinevi.com.tr\/index.php\/wp-json\/wp\/v2\/product_tag?post=747576"}],"curies":[{"name":"wp","href":"https:\/\/api.w.org\/{rel}","templated":true}]}}