{"id":747567,"date":"2025-08-28T03:09:38","date_gmt":"2025-08-28T00:09:38","guid":{"rendered":"https:\/\/roveyayinevi.com.tr\/index.php\/urun\/monstessori-emici-zihin\/"},"modified":"2026-04-16T03:00:24","modified_gmt":"2026-04-16T00:00:24","slug":"monstessori-emici-zihin","status":"publish","type":"product","link":"https:\/\/roveyayinevi.com.tr\/index.php\/urun\/monstessori-emici-zihin\/","title":{"rendered":"Monstessori Emici Zihin"},"content":{"rendered":"<p>\u201c\u00c7ocuk, bilinmeyen bir g\u00fc\u00e7le donat\u0131lm\u0131\u015ft\u0131r ve bu bilinmeyen g\u00fc\u00e7, daha ayd\u0131nl\u0131k gelecekler i\u00e7in bize rehberlik eder.\u201d E\u011fitimci, pedagog, doktor, bilim kad\u0131n\u0131 ve yazar Maria Montessori \u00e7ocukluk d\u00f6nemindeki zihinsel geli\u015fime dikkat \u00e7ekti\u011fi bu kitapla yine psikoloji ve pedagoji d\u00fcnyas\u0131n\u0131 alt\u00fcst etmeyi ba\u015farm\u0131\u015ft\u0131r. \u00c7ocu\u011fun daha do\u011fmadan \u00f6nce, embriyo halindeyken geli\u015fmeye ba\u015flad\u0131\u011f\u0131n\u0131 \u00f6ne s\u00fcren Montessori, \u201cemici zihin\u201d ad\u0131n\u0131 verdi\u011fi bu zihin t\u00fcr\u00fcyle \u00e7ocuklar\u0131n tahmin edilenden \u00e7ok daha erken bir zamanda \u201cinsan\u201d denilen varl\u0131\u011f\u0131 in\u015fa etmeye ba\u015flad\u0131\u011f\u0131n\u0131 g\u00f6stermi\u015ftir. Kendi kurdu\u011fu okulundan verdi\u011fi \u00f6rneklerle ve deneyimleriyle \u00e7ocu\u011fa bak\u0131\u015f a\u00e7\u0131s\u0131n\u0131 de\u011fi\u015ftirmi\u015f ve e\u011fitim d\u00fcnyas\u0131na yepyeni bir e\u011fitim modeli kazand\u0131rm\u0131\u015ft\u0131r.<\/p>\n","protected":false},"excerpt":{"rendered":"<p>\u201c\u00c7ocuk, bilinmeyen bir g\u00fc\u00e7le donat\u0131lm\u0131\u015ft\u0131r ve bu bilinmeyen g\u00fc\u00e7, daha ayd\u0131nl\u0131k gelecekler i\u00e7in bize rehberlik eder.\u201d E\u011fitimci, pedagog, doktor, bilim kad\u0131n\u0131 ve yazar Maria Montessori \u00e7ocukluk<span class=\"excerpt-hellip\"> [\u2026]<\/span><\/p>\n","protected":false},"featured_media":0,"template":"","meta":{"_monsterinsights_skip_tracking":false,"_monsterinsights_sitenote_active":false,"_monsterinsights_sitenote_note":"","_monsterinsights_sitenote_category":0},"product_brand":[],"product_cat":[12291,12711],"product_tag":[],"class_list":{"0":"post-747567","1":"product","2":"type-product","3":"status-publish","5":"product_cat-edebiyat","6":"product_cat-roman-oyku","7":"pa_cilt-ciltsiz","8":"pa_tur-kitap","9":"pa_yayinevi-parola-yayinlari","10":"pa_yazar-maria-montessori","12":"first","13":"instock","14":"sale","15":"shipping-taxable","16":"purchasable","17":"product-type-simple"},"_links":{"self":[{"href":"https:\/\/roveyayinevi.com.tr\/index.php\/wp-json\/wp\/v2\/product\/747567","targetHints":{"allow":["GET"]}}],"collection":[{"href":"https:\/\/roveyayinevi.com.tr\/index.php\/wp-json\/wp\/v2\/product"}],"about":[{"href":"https:\/\/roveyayinevi.com.tr\/index.php\/wp-json\/wp\/v2\/types\/product"}],"wp:attachment":[{"href":"https:\/\/roveyayinevi.com.tr\/index.php\/wp-json\/wp\/v2\/media?parent=747567"}],"wp:term":[{"taxonomy":"product_brand","embeddable":true,"href":"https:\/\/roveyayinevi.com.tr\/index.php\/wp-json\/wp\/v2\/product_brand?post=747567"},{"taxonomy":"product_cat","embeddable":true,"href":"https:\/\/roveyayinevi.com.tr\/index.php\/wp-json\/wp\/v2\/product_cat?post=747567"},{"taxonomy":"product_tag","embeddable":true,"href":"https:\/\/roveyayinevi.com.tr\/index.php\/wp-json\/wp\/v2\/product_tag?post=747567"}],"curies":[{"name":"wp","href":"https:\/\/api.w.org\/{rel}","templated":true}]}}