{"id":747561,"date":"2025-08-28T03:09:28","date_gmt":"2025-08-28T00:09:28","guid":{"rendered":"https:\/\/roveyayinevi.com.tr\/index.php\/urun\/graham-bell-bilime-yon-verenler\/"},"modified":"2026-04-16T03:00:24","modified_gmt":"2026-04-16T00:00:24","slug":"graham-bell-bilime-yon-verenler","status":"publish","type":"product","link":"https:\/\/roveyayinevi.com.tr\/index.php\/urun\/graham-bell-bilime-yon-verenler\/","title":{"rendered":"Graham Bell -Bilime Y\u00f6n Verenler"},"content":{"rendered":"<p>\u201cHer \u015fey art\u0131k haz\u0131r olmu\u015ftu. Bell\u2019in yatak odas\u0131na gittim. \u015eifonyerin yan\u0131nda durup al\u0131c\u0131 telefonu kula\u011f\u0131ma dayad\u0131m. Birdenbire al\u0131c\u0131dan Bell\u2019in, \u201cBay Watson, buraya gelin. Sizi istiyorum!\u201d diyen sesini a\u00e7\u0131k se\u00e7ik duyunca \u015fa\u015f\u0131rd\u0131m. Telin onun taraf\u0131nda bulunan ucunda al\u0131c\u0131 telefon olmad\u0131\u011f\u0131 i\u00e7in cevap veremedim.Fakat ses tonundan yard\u0131ma ihtiyac\u0131 oldu\u011fu anla\u015f\u0131l\u0131yordu. Hol\u00fc h\u0131zla ge\u00e7ip odas\u0131na gittim ve bir pilin asidini giysisine d\u00f6km\u00fc\u015f oldu\u011funu g\u00f6rd\u00fcm. Bana s\u00f6yledi\u011fi s\u00f6zleri a\u00e7\u0131k se\u00e7ik duydu\u011fumu s\u00f6yledi\u011fimde, yeni ileticinin ba\u015far\u0131s\u0131ndan duydu\u011fu sevin\u00e7le kazay\u0131 unuttu.Telin \u00f6b\u00fcr ucuna gitti. Benim sesimin ne kadar net geldi\u011fini duyunca sevinci daha da artt\u0131. \u201cBell yard\u0131mc\u0131s\u0131n\u0131 \u00e7a\u011f\u0131r\u0131rken fark\u0131nda olmadan 10 Mart 1876 g\u00fcn\u00fc ilk telefon g\u00f6r\u00fc\u015fmesini yapt\u0131.<\/p>\n","protected":false},"excerpt":{"rendered":"<p>\u201cHer \u015fey art\u0131k haz\u0131r olmu\u015ftu. Bell\u2019in yatak odas\u0131na gittim. \u015eifonyerin yan\u0131nda durup al\u0131c\u0131 telefonu kula\u011f\u0131ma dayad\u0131m. Birdenbire al\u0131c\u0131dan Bell\u2019in, \u201cBay Watson, buraya gelin. Sizi istiyorum!\u201d diyen<span class=\"excerpt-hellip\"> [\u2026]<\/span><\/p>\n","protected":false},"featured_media":0,"template":"","meta":{"_monsterinsights_skip_tracking":false,"_monsterinsights_sitenote_active":false,"_monsterinsights_sitenote_note":"","_monsterinsights_sitenote_category":0},"product_brand":[],"product_cat":[12291,12711],"product_tag":[],"class_list":{"0":"post-747561","1":"product","2":"type-product","3":"status-publish","5":"product_cat-edebiyat","6":"product_cat-roman-oyku","7":"pa_cilt-ciltsiz","8":"pa_tur-kitap","9":"pa_yayinevi-parola-yayinlari","10":"pa_yazar-m-murat-sezer","12":"first","13":"instock","14":"sale","15":"shipping-taxable","16":"purchasable","17":"product-type-simple"},"_links":{"self":[{"href":"https:\/\/roveyayinevi.com.tr\/index.php\/wp-json\/wp\/v2\/product\/747561","targetHints":{"allow":["GET"]}}],"collection":[{"href":"https:\/\/roveyayinevi.com.tr\/index.php\/wp-json\/wp\/v2\/product"}],"about":[{"href":"https:\/\/roveyayinevi.com.tr\/index.php\/wp-json\/wp\/v2\/types\/product"}],"wp:attachment":[{"href":"https:\/\/roveyayinevi.com.tr\/index.php\/wp-json\/wp\/v2\/media?parent=747561"}],"wp:term":[{"taxonomy":"product_brand","embeddable":true,"href":"https:\/\/roveyayinevi.com.tr\/index.php\/wp-json\/wp\/v2\/product_brand?post=747561"},{"taxonomy":"product_cat","embeddable":true,"href":"https:\/\/roveyayinevi.com.tr\/index.php\/wp-json\/wp\/v2\/product_cat?post=747561"},{"taxonomy":"product_tag","embeddable":true,"href":"https:\/\/roveyayinevi.com.tr\/index.php\/wp-json\/wp\/v2\/product_tag?post=747561"}],"curies":[{"name":"wp","href":"https:\/\/api.w.org\/{rel}","templated":true}]}}