{"id":747560,"date":"2025-08-28T03:09:26","date_gmt":"2025-08-28T00:09:26","guid":{"rendered":"https:\/\/roveyayinevi.com.tr\/index.php\/urun\/isabelle-severse\/"},"modified":"2026-04-16T03:00:24","modified_gmt":"2026-04-16T00:00:24","slug":"isabelle-severse","status":"publish","type":"product","link":"https:\/\/roveyayinevi.com.tr\/index.php\/urun\/isabelle-severse\/","title":{"rendered":"Isabelle Severse"},"content":{"rendered":"<p>\u201cB\u00fcy\u00fct\u00fcn. Hik\u00e2yemi b\u00fcy\u00fct\u00fcn. Mademki \u015fimdiye kadar su\u00e7layacak bir hayal olarak bile  yoktunuz. \u015eimdi biraz da kendinizi affettirme tela\u015f\u0131 duyun. Kendinizi ve hik\u00e2yemi oldu\u011fundan daha b\u00fcy\u00fck bir duvara asmama yard\u0131m edin&#8230; Ya da duvarlar\u0131 k\u00fc\u00e7\u00fclt\u00fcn&#8230;\u201d Fikirler duygulara b\u00fcr\u00fcn\u00fcyor sayfalarda. Hisler d\u00fc\u015f\u00fcncenin ard\u0131na saklan\u0131yor. Sonsuz bir k\u00f6rebe oyunu bu. G\u00f6zler ba\u011fl\u0131 olmasa da karanl\u0131klar birbirine benziyor. Isabelle Severse, yepyeni bir deneyime davet ediyor okuru. Yaln\u0131zl\u0131k ete kemi\u011fe b\u00fcr\u00fcn\u00fcyor. <\/p>\n","protected":false},"excerpt":{"rendered":"<p>\u201cB\u00fcy\u00fct\u00fcn. Hik\u00e2yemi b\u00fcy\u00fct\u00fcn. Mademki \u015fimdiye kadar su\u00e7layacak bir hayal olarak bile yoktunuz. \u015eimdi biraz da kendinizi affettirme tela\u015f\u0131 duyun. Kendinizi ve hik\u00e2yemi oldu\u011fundan daha b\u00fcy\u00fck bir<span class=\"excerpt-hellip\"> [\u2026]<\/span><\/p>\n","protected":false},"featured_media":0,"template":"","meta":{"_monsterinsights_skip_tracking":false,"_monsterinsights_sitenote_active":false,"_monsterinsights_sitenote_note":"","_monsterinsights_sitenote_category":0},"product_brand":[],"product_cat":[12291,12711],"product_tag":[],"class_list":{"0":"post-747560","1":"product","2":"type-product","3":"status-publish","5":"product_cat-edebiyat","6":"product_cat-roman-oyku","7":"pa_cilt-ciltsiz","8":"pa_tur-kitap","9":"pa_yayinevi-sapiens-yayinlari","10":"pa_yazar-emre-guler","12":"first","13":"instock","14":"sale","15":"shipping-taxable","16":"purchasable","17":"product-type-simple"},"_links":{"self":[{"href":"https:\/\/roveyayinevi.com.tr\/index.php\/wp-json\/wp\/v2\/product\/747560","targetHints":{"allow":["GET"]}}],"collection":[{"href":"https:\/\/roveyayinevi.com.tr\/index.php\/wp-json\/wp\/v2\/product"}],"about":[{"href":"https:\/\/roveyayinevi.com.tr\/index.php\/wp-json\/wp\/v2\/types\/product"}],"wp:attachment":[{"href":"https:\/\/roveyayinevi.com.tr\/index.php\/wp-json\/wp\/v2\/media?parent=747560"}],"wp:term":[{"taxonomy":"product_brand","embeddable":true,"href":"https:\/\/roveyayinevi.com.tr\/index.php\/wp-json\/wp\/v2\/product_brand?post=747560"},{"taxonomy":"product_cat","embeddable":true,"href":"https:\/\/roveyayinevi.com.tr\/index.php\/wp-json\/wp\/v2\/product_cat?post=747560"},{"taxonomy":"product_tag","embeddable":true,"href":"https:\/\/roveyayinevi.com.tr\/index.php\/wp-json\/wp\/v2\/product_tag?post=747560"}],"curies":[{"name":"wp","href":"https:\/\/api.w.org\/{rel}","templated":true}]}}