{"id":747557,"date":"2025-08-28T03:09:21","date_gmt":"2025-08-28T00:09:21","guid":{"rendered":"https:\/\/roveyayinevi.com.tr\/index.php\/urun\/azap\/"},"modified":"2026-04-16T03:00:24","modified_gmt":"2026-04-16T00:00:24","slug":"azap","status":"publish","type":"product","link":"https:\/\/roveyayinevi.com.tr\/index.php\/urun\/azap\/","title":{"rendered":"Azap"},"content":{"rendered":"<p>K\u0131nal\u0131 ellerim tutundu \u00f6nce kulaklar\u0131ma. Kur\u015funi bir ses \u00e7\u0131nlatt\u0131 y\u00fcre\u011fimi\u2026 Sevdi\u011fim adam\u0131n sevdi\u011fi kad\u0131n\u0131n kan\u0131, usulca s\u00fcz\u00fcl\u00fcp yap\u0131\u015ft\u0131 gelinli\u011fimin eteklerine. Benim d\u00fc\u011f\u00fcn\u00fcmde, benim kocam&#8230; Ama kollar\u0131nda sevdi\u011fi kad\u0131n&#8230; Parma\u011f\u0131nda ad\u0131m\u0131 ta\u015f\u0131yan bir alyans ama g\u00f6zlerinde sevdi\u011fi kad\u0131n\u0131n m\u00fchr\u00fc&#8230; Bir AZAP kuyusuna d\u00fc\u015ft\u00fcm. Ne kurban edildim ne kurban se\u00e7ildim. A\u015fk u\u011fruna kendimi kurban ettim. Ben, Asya! Ate\u015f oldum, sadece kendimi yakt\u0131m. Yand\u0131m ama hi\u00e7 s\u00f6nmedim. K\u00fcl oldum, hi\u00e7 do\u011fmad\u0131m. Ben, Asya! \u00d6l\u00fc bir kad\u0131n\u0131n g\u00f6lgesinde bir \u00f6l\u00fc. Hep \u00f6len ama hi\u00e7 g\u00f6m\u00fclmeyen. G\u00f6nl\u00fc hep k\u0131\u015f, g\u00f6zleri hep ya\u011fmur, g\u00f6lgesiz bir kad\u0131n. Sevdi\u011fi adam\u0131n kirpiklerine tak\u0131l\u0131p, g\u00f6zlerinde bo\u011fulan kad\u0131n. Ve \u015fimdi hi\u00e7 tan\u0131mad\u0131\u011f\u0131 bir \u00e7ocu\u011fa ANNE olan kad\u0131n&#8230; ACI B\u0130R A\u015eK H\u0130K\u00c2YES\u0130D\u0130R! B\u0130R AZAP H\u0130K\u00c2YES\u0130D\u0130R!<\/p>\n","protected":false},"excerpt":{"rendered":"<p>K\u0131nal\u0131 ellerim tutundu \u00f6nce kulaklar\u0131ma. Kur\u015funi bir ses \u00e7\u0131nlatt\u0131 y\u00fcre\u011fimi\u2026 Sevdi\u011fim adam\u0131n sevdi\u011fi kad\u0131n\u0131n kan\u0131, usulca s\u00fcz\u00fcl\u00fcp yap\u0131\u015ft\u0131 gelinli\u011fimin eteklerine. Benim d\u00fc\u011f\u00fcn\u00fcmde, benim kocam&#8230; Ama kollar\u0131nda<span class=\"excerpt-hellip\"> [\u2026]<\/span><\/p>\n","protected":false},"featured_media":0,"template":"","meta":{"_monsterinsights_skip_tracking":false,"_monsterinsights_sitenote_active":false,"_monsterinsights_sitenote_note":"","_monsterinsights_sitenote_category":0},"product_brand":[],"product_cat":[12291,12711],"product_tag":[],"class_list":{"0":"post-747557","1":"product","2":"type-product","3":"status-publish","5":"product_cat-edebiyat","6":"product_cat-roman-oyku","7":"pa_cilt-ciltsiz","8":"pa_tur-kitap","9":"pa_yayinevi-parola-yayinlari","10":"pa_yazar-kadriye-tendurus","12":"first","13":"instock","14":"sale","15":"shipping-taxable","16":"purchasable","17":"product-type-simple"},"_links":{"self":[{"href":"https:\/\/roveyayinevi.com.tr\/index.php\/wp-json\/wp\/v2\/product\/747557","targetHints":{"allow":["GET"]}}],"collection":[{"href":"https:\/\/roveyayinevi.com.tr\/index.php\/wp-json\/wp\/v2\/product"}],"about":[{"href":"https:\/\/roveyayinevi.com.tr\/index.php\/wp-json\/wp\/v2\/types\/product"}],"wp:attachment":[{"href":"https:\/\/roveyayinevi.com.tr\/index.php\/wp-json\/wp\/v2\/media?parent=747557"}],"wp:term":[{"taxonomy":"product_brand","embeddable":true,"href":"https:\/\/roveyayinevi.com.tr\/index.php\/wp-json\/wp\/v2\/product_brand?post=747557"},{"taxonomy":"product_cat","embeddable":true,"href":"https:\/\/roveyayinevi.com.tr\/index.php\/wp-json\/wp\/v2\/product_cat?post=747557"},{"taxonomy":"product_tag","embeddable":true,"href":"https:\/\/roveyayinevi.com.tr\/index.php\/wp-json\/wp\/v2\/product_tag?post=747557"}],"curies":[{"name":"wp","href":"https:\/\/api.w.org\/{rel}","templated":true}]}}