{"id":747554,"date":"2025-08-28T03:09:17","date_gmt":"2025-08-28T00:09:17","guid":{"rendered":"https:\/\/roveyayinevi.com.tr\/index.php\/urun\/turkiye-sinemasinda-aidiyetsizligin-mekani-kayiplar-ve-oluler-kenti-istanbul\/"},"modified":"2026-04-16T03:00:24","modified_gmt":"2026-04-16T00:00:24","slug":"turkiye-sinemasinda-aidiyetsizligin-mekani-kayiplar-ve-oluler-kenti-istanbul","status":"publish","type":"product","link":"https:\/\/roveyayinevi.com.tr\/index.php\/urun\/turkiye-sinemasinda-aidiyetsizligin-mekani-kayiplar-ve-oluler-kenti-istanbul\/","title":{"rendered":"T\u00fcrkiye Sinemas\u0131nda Aidiyetsizli\u011fin Mekan\u0131: Kay\u0131plar ve \u00d6l\u00fcler Kenti \u0130stanbul"},"content":{"rendered":"<p>1950-1980 aral\u0131\u011f\u0131ndaki filmlerde, hatta bu d\u00f6nem 2000\u2019lere kadar getirildi\u011finde nerede oldu\u011funu biliyorken tehdit eden \u0130stanbul asl\u0131nda varl\u0131\u011f\u0131yla bir tehdit sunmaktad\u0131r. Merkezin neresi ya da par\u00e7alanmam\u0131\u015f \u0130stanbul\u2019un nas\u0131l oldu\u011fu, g\u00f6r\u00fcnt\u00fc d\u00fczeyinde filmlerde g\u00f6r\u00fcl\u00fcr. 2000\u2019ler T\u00fcrk sinemas\u0131nda \u0130stanbul \u2018yoklu\u011fuyla bir tehdit\u2019 sunmaktad\u0131r. Kentin par\u00e7alanmas\u0131yla filmlerde \u0130stanbul, aidiyetsiz mek\u00e2nlar\u0131yla, ya\u015faman\u0131n ve yerle\u015fmenin m\u00fcmk\u00fcn olmad\u0131\u011f\u0131 \u2018tehdit eden kent\u2019 h\u00e2lindedir. Aidiyetini mek\u00e2nla bir ad\u0131m ilerisi kentle kuramayan 2000\u2019ler T\u00fcrk sinemas\u0131n\u0131n karakterleri \u0130stanbul\u2019da huzursuzluk i\u00e7erisinde ya\u015farlar. Karakterler mek\u00e2n olarak bedenleriyle de bir aidiyet ili\u015fkisi kuramazlar. Aidiyet duygusunun mek\u00e2n\u0131 beden, filmlerde k\u0131st\u0131r\u0131lm\u0131\u015fl\u0131k, taciz, i\u015fkence, tecav\u00fcz vb. edimlerle de aidiyetsiz bir mek\u00e2na d\u00f6n\u00fc\u015f\u00fcr. Kentin de\u011fi\u015fmeyen yan\u0131 ya \u00f6l\u00fcm\u00fc ya da kayb\u0131 kimi zamansa ikisini birden getirmesidir. Filmlerde \u0130stanbul, \u00f6l\u00fcler kentidir ve mezarl\u0131klar kent ad\u0131na konu\u015fur: \u0130stanbul\u2019da \u00f6l\u00fcm olmazsa olmazd\u0131r! \u0130stanbul\u2019a \u00f6l\u00fcm yak\u0131\u015f\u0131r. Filmler \u00f6l\u00fcmden ba\u011f\u0131ms\u0131zla\u015famazlar.<\/p>\n","protected":false},"excerpt":{"rendered":"<p>1950-1980 aral\u0131\u011f\u0131ndaki filmlerde, hatta bu d\u00f6nem 2000\u2019lere kadar getirildi\u011finde nerede oldu\u011funu biliyorken tehdit eden \u0130stanbul asl\u0131nda varl\u0131\u011f\u0131yla bir tehdit sunmaktad\u0131r. Merkezin neresi ya da par\u00e7alanmam\u0131\u015f \u0130stanbul\u2019un<span class=\"excerpt-hellip\"> [\u2026]<\/span><\/p>\n","protected":false},"featured_media":0,"template":"","meta":{"_monsterinsights_skip_tracking":false,"_monsterinsights_sitenote_active":false,"_monsterinsights_sitenote_note":"","_monsterinsights_sitenote_category":0},"product_brand":[],"product_cat":[12409,12408],"product_tag":[],"class_list":{"0":"post-747554","1":"product","2":"type-product","3":"status-publish","5":"product_cat-fotograf-sinema-tiyatro","6":"product_cat-sanat","7":"pa_cilt-ciltsiz","8":"pa_tur-kitap","9":"pa_yayinevi-phoenix-yayinevi","10":"pa_yazar-seyma-balci","12":"first","13":"instock","14":"sale","15":"shipping-taxable","16":"purchasable","17":"product-type-simple"},"_links":{"self":[{"href":"https:\/\/roveyayinevi.com.tr\/index.php\/wp-json\/wp\/v2\/product\/747554","targetHints":{"allow":["GET"]}}],"collection":[{"href":"https:\/\/roveyayinevi.com.tr\/index.php\/wp-json\/wp\/v2\/product"}],"about":[{"href":"https:\/\/roveyayinevi.com.tr\/index.php\/wp-json\/wp\/v2\/types\/product"}],"wp:attachment":[{"href":"https:\/\/roveyayinevi.com.tr\/index.php\/wp-json\/wp\/v2\/media?parent=747554"}],"wp:term":[{"taxonomy":"product_brand","embeddable":true,"href":"https:\/\/roveyayinevi.com.tr\/index.php\/wp-json\/wp\/v2\/product_brand?post=747554"},{"taxonomy":"product_cat","embeddable":true,"href":"https:\/\/roveyayinevi.com.tr\/index.php\/wp-json\/wp\/v2\/product_cat?post=747554"},{"taxonomy":"product_tag","embeddable":true,"href":"https:\/\/roveyayinevi.com.tr\/index.php\/wp-json\/wp\/v2\/product_tag?post=747554"}],"curies":[{"name":"wp","href":"https:\/\/api.w.org\/{rel}","templated":true}]}}