{"id":747552,"date":"2025-08-28T03:09:14","date_gmt":"2025-08-28T00:09:14","guid":{"rendered":"https:\/\/roveyayinevi.com.tr\/index.php\/urun\/bilim-mantik-etik-adalet-ve-sevgi-icin-asi-tohum-ve-maya\/"},"modified":"2026-04-16T03:00:24","modified_gmt":"2026-04-16T00:00:24","slug":"bilim-mantik-etik-adalet-ve-sevgi-icin-asi-tohum-ve-maya","status":"publish","type":"product","link":"https:\/\/roveyayinevi.com.tr\/index.php\/urun\/bilim-mantik-etik-adalet-ve-sevgi-icin-asi-tohum-ve-maya\/","title":{"rendered":"Bilim, Mant\u0131k, Etik, Adalet ve Sevgi \u0130\u00e7in: A\u015f\u0131, Tohum ve Maya"},"content":{"rendered":"<p>G\u00fcne\u015f ve hava en verimli k\u0131vam\u0131nda, toprak ve su da \u00fcretim i\u00e7in yeterlidir diyelim. Tohumunuz en se\u00e7kin t\u00fcrden olsa bile, \u00fcretti\u011finiz fidanlar\u0131n birbirine benzemesi ve verimlilik i\u00e7in g\u00fcbreleme ve \u201ca\u015f\u0131lama\u201d yapman\u0131z gerekebilir. Tur\u015fu kuracaksan\u0131z, ekmek veya yo\u011furt yapmak istiyorsan\u0131z o zaman da mayalamaya ihtiya\u00e7 duyars\u0131n\u0131z. A\u015f\u0131 ve maya; ya tutar ya tutmaz. K\u0131sacas\u0131 zamanlama, deneyim, niyet, azim ve nasip meselesi. Fiziksel evrende bu t\u00fcrden teknik ve \u00fcretim \u00e7al\u0131\u015fmalar\u0131 olurken; d\u00fc\u015f\u00fcnsel ve zihinsel alanda da bilim, birikim, metot, ileti\u015fim, etkile\u015fim, organizasyon ve di\u011fer deneysel giri\u015fimlere ihtiya\u00e7 duyar\u0131z. Tam kavrayamad\u0131\u011f\u0131m\u0131z bir konuyu, farkl\u0131 kaynaklardan ara\u015ft\u0131r\u0131p okuyunca, noksan kalan taraflar\u0131m\u0131z\u0131 tamamlam\u0131\u015f oluruz. A\u015f\u0131, tohum ve mayan\u0131n \u00f6z niteli\u011fi; hacim olarak az yer kaplamas\u0131, kendinden kat kat b\u00fcy\u00fck sonu\u00e7lar \u00fcretmesidir. Bundan dolay\u0131d\u0131r ki; biz de anlat\u0131mlar\u0131m\u0131zda s\u00f6z\u00fc \u00e7ok uzatmayaca\u011f\u0131z. Terazi kendini tartamasa da, kendinden \u00e7ok a\u011f\u0131r cisimler \u00fcst\u00fcne \u00e7\u0131kar. Pusula, kendisinin nerede oldu\u011funu bilemez ama soranlara y\u00f6n\u00fcn\u00fc g\u00f6sterebilir. Kitap ise bireysel bir bilincin iradesiyle ortaya \u00e7\u0131kan bir ba\u015fvuru kayna\u011f\u0131d\u0131r. Bu kitaptaki amac\u0131m\u0131z; deneme yaz\u0131lar\u0131, \u00f6zdeyi\u015f ve s\u00f6yle\u015filer yoluyla, \u201ca\u015f\u0131, tohum ve maya\u201d olabilecek pratik anlat\u0131mlar sunmakt\u0131r. Fikri ve kalbi sanc\u0131m\u0131z e\u011fer; bilim, mant\u0131k, etik, estetik, adalet ve sevgi merkezli ise kafa yormaya de\u011fer de\u011fil mi?&#8230; Kimin ne kadar i\u015fine yarayaca\u011f\u0131n\u0131 \u00f6nceden bilemeyiz, bize d\u00fc\u015fen bu u\u011furda \u00e7abalamakt\u0131r. Tutmasa bile, bir \u015feyler kazand\u0131racak ve katacakt\u0131r. Ya tutarsa?!&#8230; <\/p>\n","protected":false},"excerpt":{"rendered":"<p>G\u00fcne\u015f ve hava en verimli k\u0131vam\u0131nda, toprak ve su da \u00fcretim i\u00e7in yeterlidir diyelim. Tohumunuz en se\u00e7kin t\u00fcrden olsa bile, \u00fcretti\u011finiz fidanlar\u0131n birbirine benzemesi ve verimlilik<span class=\"excerpt-hellip\"> [\u2026]<\/span><\/p>\n","protected":false},"featured_media":0,"template":"","meta":{"_monsterinsights_skip_tracking":false,"_monsterinsights_sitenote_active":false,"_monsterinsights_sitenote_note":"","_monsterinsights_sitenote_category":0},"product_brand":[],"product_cat":[12389,12388],"product_tag":[],"class_list":{"0":"post-747552","1":"product","2":"type-product","3":"status-publish","5":"product_cat-diger-felsefe","6":"product_cat-felsefe","7":"pa_cilt-ciltsiz","8":"pa_tur-kitap","9":"pa_yayinevi-gulnar-yayinlari","10":"pa_yazar-ali-riza-malkoc","12":"first","13":"instock","14":"sale","15":"shipping-taxable","16":"purchasable","17":"product-type-simple"},"_links":{"self":[{"href":"https:\/\/roveyayinevi.com.tr\/index.php\/wp-json\/wp\/v2\/product\/747552","targetHints":{"allow":["GET"]}}],"collection":[{"href":"https:\/\/roveyayinevi.com.tr\/index.php\/wp-json\/wp\/v2\/product"}],"about":[{"href":"https:\/\/roveyayinevi.com.tr\/index.php\/wp-json\/wp\/v2\/types\/product"}],"wp:attachment":[{"href":"https:\/\/roveyayinevi.com.tr\/index.php\/wp-json\/wp\/v2\/media?parent=747552"}],"wp:term":[{"taxonomy":"product_brand","embeddable":true,"href":"https:\/\/roveyayinevi.com.tr\/index.php\/wp-json\/wp\/v2\/product_brand?post=747552"},{"taxonomy":"product_cat","embeddable":true,"href":"https:\/\/roveyayinevi.com.tr\/index.php\/wp-json\/wp\/v2\/product_cat?post=747552"},{"taxonomy":"product_tag","embeddable":true,"href":"https:\/\/roveyayinevi.com.tr\/index.php\/wp-json\/wp\/v2\/product_tag?post=747552"}],"curies":[{"name":"wp","href":"https:\/\/api.w.org\/{rel}","templated":true}]}}