{"id":747551,"date":"2025-08-28T03:09:13","date_gmt":"2025-08-28T00:09:13","guid":{"rendered":"https:\/\/roveyayinevi.com.tr\/index.php\/urun\/on-bir-yuzuk\/"},"modified":"2026-04-16T03:00:23","modified_gmt":"2026-04-16T00:00:23","slug":"on-bir-yuzuk","status":"publish","type":"product","link":"https:\/\/roveyayinevi.com.tr\/index.php\/urun\/on-bir-yuzuk\/","title":{"rendered":"On Bir Y\u00fcz\u00fck"},"content":{"rendered":"<p>On Bir Y\u00fcz\u00fck: Ba\u015far\u0131n\u0131n Ruhu, profesyonel basketbol tarihinde \u201cen \u00e7ok \u015fampiyonluk kazanan antren\u00f6r\u201d olarak tarihe ge\u00e7en bir liderin, Phil Jackson\u2019\u0131n ger\u00e7ek hik\u00e2yesi&#8230; Chicago Bulls ve Los Angeles Lakers tak\u0131mlar\u0131n\u0131n ba\u015f\u0131nda oldu\u011fu d\u00f6nemde 11 kez NBA \u015fampiyonlu\u011fu kazanan Jackson, ba\u015far\u0131s\u0131n\u0131n arkas\u0131nda yatan s\u0131rlar\u0131 ve liderlik tarz\u0131n\u0131 elinizdeki kitapta t\u00fcm samimiyetiyle a\u00e7\u0131kl\u0131yor. Basketbol bas\u0131n\u0131 taraf\u0131ndan \u201cZen Ustas\u0131\u201d (Zen master) lakab\u0131na lay\u0131k g\u00f6r\u00fclen Jackson, kariyeri boyunca ilham veren bir ko\u00e7 oldu. Tak\u0131m\u0131n\u0131 ba\u015far\u0131ya g\u00f6t\u00fcr\u00fcrken oyuncular\u0131n\u0131n egolar\u0131n\u0131, korku ve h\u0131rslar\u0131n\u0131 kullanarak onlar\u0131 k\u0131\u015fk\u0131rtmad\u0131; aksine onlar\u0131n iyi yanlar\u0131n\u0131 ortaya \u00e7\u0131karmak i\u00e7in m\u00fccadele etti. Kendine has liderlik tarz\u0131n\u0131 h\u00fcmanistik psikolojiden, Amerikan yerlilerinin kadim felsefesinden ve Zen meditasyonundan faydalanarak olu\u015fturdu. Bu sayede \u00f6zg\u00fcrl\u00fck-otantiklik-di\u011ferk\u00e2ml\u0131k sacaya\u011f\u0131nda y\u00fckselen, tak\u0131m \u00e7al\u0131\u015fmas\u0131na dayal\u0131 yeni bir liderlik yakla\u015f\u0131m\u0131 geli\u015ftirdi ve profesyonel sporlar\u0131n hiper-rekabet\u00e7i d\u00fcnyas\u0131n\u0131 alt\u00fcst etti. Kuzey Dakotali bir papaz\u0131n \u00e7ocu\u011fu olarak b\u00fcy\u00fcy\u00fcp zaman\u0131m\u0131z\u0131n en yenilik\u00e7i liderlerinden ve oyunu de\u011fi\u015ftiren fig\u00fcrlerinden birine d\u00f6n\u00fc\u015fen Phil Jackson&#8217;\u0131n anlatt\u0131klar\u0131ndan alaca\u011f\u0131m\u0131z \u00e7ok ders var. Hayat tecr\u00fcbesi ve \u00f6\u011fretilerle dolu olan bu kitap, sporseverlerin yan\u0131 s\u0131ra ba\u015far\u0131l\u0131 insanlar\u0131n ya\u015fam \u00f6yk\u00fclerini okumay\u0131 sevenler i\u00e7in de e\u015fsiz bir eser&#8230; <\/p>\n","protected":false},"excerpt":{"rendered":"<p>On Bir Y\u00fcz\u00fck: Ba\u015far\u0131n\u0131n Ruhu, profesyonel basketbol tarihinde \u201cen \u00e7ok \u015fampiyonluk kazanan antren\u00f6r\u201d olarak tarihe ge\u00e7en bir liderin, Phil Jackson\u2019\u0131n ger\u00e7ek hik\u00e2yesi&#8230; Chicago Bulls ve Los<span class=\"excerpt-hellip\"> [\u2026]<\/span><\/p>\n","protected":false},"featured_media":0,"template":"","meta":{"_monsterinsights_skip_tracking":false,"_monsterinsights_sitenote_active":false,"_monsterinsights_sitenote_note":"","_monsterinsights_sitenote_category":0},"product_brand":[],"product_cat":[15563,15564],"product_tag":[],"class_list":{"0":"post-747551","1":"product","2":"type-product","3":"status-publish","5":"product_cat-hobi","6":"product_cat-spor","7":"pa_cilt-ciltsiz","8":"pa_tur-kitap","9":"pa_yayinevi-profil-kitap","10":"pa_yazar-phil-jackson-hugh-delehanty","12":"first","13":"instock","14":"sale","15":"shipping-taxable","16":"purchasable","17":"product-type-simple"},"_links":{"self":[{"href":"https:\/\/roveyayinevi.com.tr\/index.php\/wp-json\/wp\/v2\/product\/747551","targetHints":{"allow":["GET"]}}],"collection":[{"href":"https:\/\/roveyayinevi.com.tr\/index.php\/wp-json\/wp\/v2\/product"}],"about":[{"href":"https:\/\/roveyayinevi.com.tr\/index.php\/wp-json\/wp\/v2\/types\/product"}],"wp:attachment":[{"href":"https:\/\/roveyayinevi.com.tr\/index.php\/wp-json\/wp\/v2\/media?parent=747551"}],"wp:term":[{"taxonomy":"product_brand","embeddable":true,"href":"https:\/\/roveyayinevi.com.tr\/index.php\/wp-json\/wp\/v2\/product_brand?post=747551"},{"taxonomy":"product_cat","embeddable":true,"href":"https:\/\/roveyayinevi.com.tr\/index.php\/wp-json\/wp\/v2\/product_cat?post=747551"},{"taxonomy":"product_tag","embeddable":true,"href":"https:\/\/roveyayinevi.com.tr\/index.php\/wp-json\/wp\/v2\/product_tag?post=747551"}],"curies":[{"name":"wp","href":"https:\/\/api.w.org\/{rel}","templated":true}]}}