{"id":747550,"date":"2025-08-28T03:09:12","date_gmt":"2025-08-28T00:09:12","guid":{"rendered":"https:\/\/roveyayinevi.com.tr\/index.php\/urun\/elestirel-dusunmenin-yollari\/"},"modified":"2026-04-16T03:00:23","modified_gmt":"2026-04-16T00:00:23","slug":"elestirel-dusunmenin-yollari","status":"publish","type":"product","link":"https:\/\/roveyayinevi.com.tr\/index.php\/urun\/elestirel-dusunmenin-yollari\/","title":{"rendered":"Ele\u015ftirel D\u00fc\u015f\u00fcnmenin Yollar\u0131"},"content":{"rendered":"<p>Her g\u00fcn farkl\u0131 kanallardan elde etti\u011fimiz malumat\u0131 anlaml\u0131 k\u0131lmak ve ak\u0131lc\u0131 bir zemine oturtmak istiyorsak, pratik ak\u0131l y\u00fcr\u00fctme ve a\u00e7\u0131k d\u00fc\u015f\u00fcnme hepimiz i\u00e7in gereklidir. Politik, felsefi veya dinsel g\u00f6r\u00fc\u015fleriniz ne olursa olsun \u00f6nermelerinizi a\u00e7\u0131k\u00e7a ifade edebiliyor, onlar\u0131 ge\u00e7erli ak\u0131l y\u00fcr\u00fctmelerle destekleyebiliyor ve bir hata yapt\u0131\u011f\u0131n\u0131zda onu kabul edebiliyorsan\u0131z, insanlar sizi dinlemeye istekli olacakt\u0131r. Sonu\u00e7ta, ge\u00e7erli ak\u0131l y\u00fcr\u00fctmelere dayal\u0131 delilleri ge\u00e7ersiz olanlar\u0131ndan, \u00e7eli\u015fik olan iddialar\u0131 kar\u015f\u0131t olan iddialardan, kapal\u0131 olan ifadeleri belirsiz olan ifadelerden ay\u0131rt edebilmek; \u00e7eli\u015fme ile kendi kendiyle \u00e7eli\u015fme aras\u0131ndaki fark\u0131, aldat\u0131c\u0131 ve yanl\u0131\u015f olan ile do\u011fru olan aras\u0131ndaki ayr\u0131m\u0131 \u00e7abucak g\u00f6rebilmek, a\u00e7\u0131k ve ele\u015ftirel d\u00fc\u015f\u00fcnen insan\u0131 kalabal\u0131ktan ay\u0131r\u0131r. \u00dcnl\u00fc filozof Antony Flew, Ele\u015ftirel D\u00fc\u015f\u00fcnmenin Yollar\u0131 ile okuyucunun bunu ba\u015farmas\u0131na yard\u0131mc\u0131 olmaya \u00e7al\u0131\u015f\u0131yor; bizim zay\u0131f ak\u0131l y\u00fcr\u00fctmelerle, delillerle ve do\u011fruyu bulmakla neden ilgilenmemiz gerekti\u011fi \u00fczerinde duruyor. Dolay\u0131s\u0131yla okuyucu bu kitab\u0131 okurken Flew&#8217;nun dikkat \u00e7ekti\u011fi hususlar \u00fczerinde yeterince d\u00fc\u015f\u00fcn\u00fcp gerekli al\u0131\u015ft\u0131rmalar\u0131 yapt\u0131\u011f\u0131nda ele\u015ftirel d\u00fc\u015f\u00fcnme ve tart\u0131\u015fma i\u00e7in ihtiya\u00e7 duydu\u011fu becerileri elde etmede ve ele\u015ftirel d\u00fc\u015f\u00fcnmeyi engelleyen hatalardan, safsatalardan ka\u00e7\u0131nmada giderek daha iyi bir yere geldi\u011fini g\u00f6recektir.<\/p>\n","protected":false},"excerpt":{"rendered":"<p>Her g\u00fcn farkl\u0131 kanallardan elde etti\u011fimiz malumat\u0131 anlaml\u0131 k\u0131lmak ve ak\u0131lc\u0131 bir zemine oturtmak istiyorsak, pratik ak\u0131l y\u00fcr\u00fctme ve a\u00e7\u0131k d\u00fc\u015f\u00fcnme hepimiz i\u00e7in gereklidir. Politik, felsefi<span class=\"excerpt-hellip\"> [\u2026]<\/span><\/p>\n","protected":false},"featured_media":0,"template":"","meta":{"_monsterinsights_skip_tracking":false,"_monsterinsights_sitenote_active":false,"_monsterinsights_sitenote_note":"","_monsterinsights_sitenote_category":0},"product_brand":[],"product_cat":[12389,12388],"product_tag":[],"class_list":{"0":"post-747550","1":"product","2":"type-product","3":"status-publish","5":"product_cat-diger-felsefe","6":"product_cat-felsefe","7":"pa_cilt-ciltsiz","8":"pa_tur-kitap","9":"pa_yayinevi-profil-kitap","10":"pa_yazar-antony-flew","12":"first","13":"instock","14":"sale","15":"shipping-taxable","16":"purchasable","17":"product-type-simple"},"_links":{"self":[{"href":"https:\/\/roveyayinevi.com.tr\/index.php\/wp-json\/wp\/v2\/product\/747550","targetHints":{"allow":["GET"]}}],"collection":[{"href":"https:\/\/roveyayinevi.com.tr\/index.php\/wp-json\/wp\/v2\/product"}],"about":[{"href":"https:\/\/roveyayinevi.com.tr\/index.php\/wp-json\/wp\/v2\/types\/product"}],"wp:attachment":[{"href":"https:\/\/roveyayinevi.com.tr\/index.php\/wp-json\/wp\/v2\/media?parent=747550"}],"wp:term":[{"taxonomy":"product_brand","embeddable":true,"href":"https:\/\/roveyayinevi.com.tr\/index.php\/wp-json\/wp\/v2\/product_brand?post=747550"},{"taxonomy":"product_cat","embeddable":true,"href":"https:\/\/roveyayinevi.com.tr\/index.php\/wp-json\/wp\/v2\/product_cat?post=747550"},{"taxonomy":"product_tag","embeddable":true,"href":"https:\/\/roveyayinevi.com.tr\/index.php\/wp-json\/wp\/v2\/product_tag?post=747550"}],"curies":[{"name":"wp","href":"https:\/\/api.w.org\/{rel}","templated":true}]}}