{"id":747548,"date":"2025-08-28T03:09:08","date_gmt":"2025-08-28T00:09:08","guid":{"rendered":"https:\/\/roveyayinevi.com.tr\/index.php\/urun\/intikamla-gelen-gypsy-serisi-1\/"},"modified":"2026-04-16T03:00:23","modified_gmt":"2026-04-16T00:00:23","slug":"intikamla-gelen-gypsy-serisi-1","status":"publish","type":"product","link":"https:\/\/roveyayinevi.com.tr\/index.php\/urun\/intikamla-gelen-gypsy-serisi-1\/","title":{"rendered":"\u0130ntikamla Gelen &#8211; Gypsy Serisi 1"},"content":{"rendered":"<p>Damarlar\u0131nda \u00c7ingene kan\u0131 ta\u015f\u0131yan pervas\u0131z bir kad\u0131n\u2026Kayla FiltzWalter\u2019in en u\u00e7uk hayalleri aras\u0131nda bile bir d\u00fck ile evlenmek yer almam\u0131\u015ft\u0131r. Fakat kendisiyle evlenmek i\u00e7in babas\u0131ndan izin isteyen Sutherland D\u00fck\u00fc sayesinde aya\u011f\u0131na gelen k\u0131smeti geri tepecek de\u011fildi.Hatta lanet olas\u0131ca D\u00fck, d\u00fc\u011f\u00fcnden hemen sonra kay\u0131plara kar\u0131\u015fmasayd\u0131, ona \u00e2\u015f\u0131k bile olabilirdi.Cemiyet i\u00e7inde kibirli olu\u015fuyla ve so\u011fuklu\u011fuyla tan\u0131nan bir adam\u2026Sutherland D\u00fck\u00fc, Stafford Markisi Falcon Francis Egerton, kap\u0131s\u0131na dayanarak kar\u0131s\u0131 oldu\u011funu iddia eden egzotik ve bir o kadar da \u00e7ekici ama ayn\u0131 oranda yalanc\u0131 olan bir kad\u0131na pabu\u00e7 b\u0131rakacak de\u011fildi. Sutherland D\u00fck\u00fc, damarlar\u0131nda asil kan dola\u015fmayan bir kad\u0131nla evlenmeyi b\u0131rak, d\u00f6n\u00fcp bakmazd\u0131 bile\u2026Bu t\u00fcr oyunlar\u0131 iyi bilirdi ve tuza\u011fa d\u00fc\u015fmeye hi\u00e7 niyeti yoktu.B\u00f6yle inan\u0131lmas\u0131 imk\u00e2ns\u0131z bir iddiayla ortaya \u00e7\u0131kan kad\u0131n ancak bir deli olabilirdi. Ta ki bu egzotik g\u00fczel, gen\u00e7 adam\u0131 ka\u00e7\u0131r\u0131p da evlendi\u011fini bilmedi\u011fi kar\u0131s\u0131 oldu\u011funukan\u0131tlayana kadar ona inanmak akl\u0131n\u0131n ucundan bile ge\u00e7memi\u015fti.<\/p>\n","protected":false},"excerpt":{"rendered":"<p>Damarlar\u0131nda \u00c7ingene kan\u0131 ta\u015f\u0131yan pervas\u0131z bir kad\u0131n\u2026Kayla FiltzWalter\u2019in en u\u00e7uk hayalleri aras\u0131nda bile bir d\u00fck ile evlenmek yer almam\u0131\u015ft\u0131r. Fakat kendisiyle evlenmek i\u00e7in babas\u0131ndan izin isteyen<span class=\"excerpt-hellip\"> [\u2026]<\/span><\/p>\n","protected":false},"featured_media":0,"template":"","meta":{"_monsterinsights_skip_tracking":false,"_monsterinsights_sitenote_active":false,"_monsterinsights_sitenote_note":"","_monsterinsights_sitenote_category":0},"product_brand":[],"product_cat":[12291,12711],"product_tag":[],"class_list":{"0":"post-747548","1":"product","2":"type-product","3":"status-publish","5":"product_cat-edebiyat","6":"product_cat-roman-oyku","7":"pa_cilt-ciltsiz","8":"pa_tur-kitap","9":"pa_yayinevi-parola-yayinlari","10":"pa_yazar-jennifer-royce","12":"first","13":"instock","14":"sale","15":"shipping-taxable","16":"purchasable","17":"product-type-simple"},"_links":{"self":[{"href":"https:\/\/roveyayinevi.com.tr\/index.php\/wp-json\/wp\/v2\/product\/747548","targetHints":{"allow":["GET"]}}],"collection":[{"href":"https:\/\/roveyayinevi.com.tr\/index.php\/wp-json\/wp\/v2\/product"}],"about":[{"href":"https:\/\/roveyayinevi.com.tr\/index.php\/wp-json\/wp\/v2\/types\/product"}],"wp:attachment":[{"href":"https:\/\/roveyayinevi.com.tr\/index.php\/wp-json\/wp\/v2\/media?parent=747548"}],"wp:term":[{"taxonomy":"product_brand","embeddable":true,"href":"https:\/\/roveyayinevi.com.tr\/index.php\/wp-json\/wp\/v2\/product_brand?post=747548"},{"taxonomy":"product_cat","embeddable":true,"href":"https:\/\/roveyayinevi.com.tr\/index.php\/wp-json\/wp\/v2\/product_cat?post=747548"},{"taxonomy":"product_tag","embeddable":true,"href":"https:\/\/roveyayinevi.com.tr\/index.php\/wp-json\/wp\/v2\/product_tag?post=747548"}],"curies":[{"name":"wp","href":"https:\/\/api.w.org\/{rel}","templated":true}]}}