{"id":747547,"date":"2025-08-28T03:09:07","date_gmt":"2025-08-28T00:09:07","guid":{"rendered":"https:\/\/roveyayinevi.com.tr\/index.php\/urun\/esikte-beklemek\/"},"modified":"2026-04-16T03:00:23","modified_gmt":"2026-04-16T00:00:23","slug":"esikte-beklemek","status":"publish","type":"product","link":"https:\/\/roveyayinevi.com.tr\/index.php\/urun\/esikte-beklemek\/","title":{"rendered":"E\u015fikte Beklemek"},"content":{"rendered":"<p>E\u015fikte durulmaz, e\u015fikte beklenir. Durmak, karar vermektir. E\u015fik, karar yeri de\u011fildir. Orada, verilecek karar beklenir. E\u015fi\u011fin \u00f6tesinden gelecek karar, beklemeyi bilene ans\u0131z\u0131n gelir. Duran, zaten karar\u0131n\u0131 kendi vermi\u015ftir. \u0130nsan her yerde durabilir. Bir parkta, trafik \u0131\u015f\u0131\u011f\u0131n\u0131n alt\u0131nda, market kuyru\u011funda, otob\u00fcs dura\u011f\u0131nda. Fakat insan her yerde bekleyemez. Bekleme yapma hakk\u0131n\u0131 kullanaca\u011f\u0131 en nadide yer e\u015fiktir. Bekleyen, arayand\u0131r. Bekleyen, arad\u0131\u011f\u0131n\u0131n ne oldu\u011funu bilendir. Bekleyen, mutlaka ama mutlaka bulacak oland\u0131r. \u00c7\u00fcnk\u00fc bulma istidad\u0131 olmasayd\u0131, e\u015fi\u011fin \u00f6tesindeki onu e\u015fi\u011fine almazd\u0131. Hakk\u0131yla arayanlar Hakk&#8217;\u0131 bulur, demi\u015fler. Kimler demi\u015f? Vaktiyle e\u015fikte bekleyenler. Zaten en g\u00fczelini de onlar s\u00f6yler, durmayanlar ama bekleyenler. <\/p>\n","protected":false},"excerpt":{"rendered":"<p>E\u015fikte durulmaz, e\u015fikte beklenir. Durmak, karar vermektir. E\u015fik, karar yeri de\u011fildir. Orada, verilecek karar beklenir. E\u015fi\u011fin \u00f6tesinden gelecek karar, beklemeyi bilene ans\u0131z\u0131n gelir. Duran, zaten karar\u0131n\u0131<span class=\"excerpt-hellip\"> [\u2026]<\/span><\/p>\n","protected":false},"featured_media":0,"template":"","meta":{"_monsterinsights_skip_tracking":false,"_monsterinsights_sitenote_active":false,"_monsterinsights_sitenote_note":"","_monsterinsights_sitenote_category":0},"product_brand":[],"product_cat":[12777,12291],"product_tag":[],"class_list":{"0":"post-747547","1":"product","2":"type-product","3":"status-publish","5":"product_cat-deneme","6":"product_cat-edebiyat","7":"pa_cilt-ciltsiz","8":"pa_tur-kitap","9":"pa_yayinevi-profil-kitap","10":"pa_yazar-yagiz-gonuler","12":"first","13":"instock","14":"sale","15":"shipping-taxable","16":"purchasable","17":"product-type-simple"},"_links":{"self":[{"href":"https:\/\/roveyayinevi.com.tr\/index.php\/wp-json\/wp\/v2\/product\/747547","targetHints":{"allow":["GET"]}}],"collection":[{"href":"https:\/\/roveyayinevi.com.tr\/index.php\/wp-json\/wp\/v2\/product"}],"about":[{"href":"https:\/\/roveyayinevi.com.tr\/index.php\/wp-json\/wp\/v2\/types\/product"}],"wp:attachment":[{"href":"https:\/\/roveyayinevi.com.tr\/index.php\/wp-json\/wp\/v2\/media?parent=747547"}],"wp:term":[{"taxonomy":"product_brand","embeddable":true,"href":"https:\/\/roveyayinevi.com.tr\/index.php\/wp-json\/wp\/v2\/product_brand?post=747547"},{"taxonomy":"product_cat","embeddable":true,"href":"https:\/\/roveyayinevi.com.tr\/index.php\/wp-json\/wp\/v2\/product_cat?post=747547"},{"taxonomy":"product_tag","embeddable":true,"href":"https:\/\/roveyayinevi.com.tr\/index.php\/wp-json\/wp\/v2\/product_tag?post=747547"}],"curies":[{"name":"wp","href":"https:\/\/api.w.org\/{rel}","templated":true}]}}